{"id":424,"date":"2017-01-10T14:33:29","date_gmt":"2017-01-10T14:33:29","guid":{"rendered":"http:\/\/import.getbowtied.com\/shopkeeper-replica?page_id=424"},"modified":"2023-08-06T02:22:00","modified_gmt":"2023-08-06T00:22:00","slug":"qui-somme-nous","status":"publish","type":"page","link":"https:\/\/www.comoe-art.com\/index.php\/pages\/qui-somme-nous\/","title":{"rendered":"Qui somme nous"},"content":{"rendered":"<p>[vc_row full_height=&#8221;yes&#8221; columns_placement=&#8221;stretch&#8221; equal_height=&#8221;yes&#8221; content_placement=&#8221;middle&#8221; columns_height=&#8221;adjust_cols_height&#8221; background_style=&#8221;normal&#8221;][vc_column css=&#8221;.vc_custom_1606397076822{border-bottom-width: 90px !important;padding-bottom: 105px !important;background-image: url(http:\/\/www.comoe-art.com\/wp-content\/uploads\/2020\/10\/comoe-shop-min-scaled.jpg?id=8992) !important;background-position: center !important;background-repeat: no-repeat !important;background-size: cover !important;}&#8221; offset=&#8221;vc_col-lg-6 vc_col-md-6&#8243;][vc_empty_space height=&#8221;0px&#8221;][\/vc_column][vc_column css=&#8221;.vc_custom_1484433918406{padding-top: 150px !important;padding-right: 16% !important;padding-bottom: 150px !important;padding-left: 16% !important;}&#8221; offset=&#8221;vc_col-lg-6 vc_col-md-6&#8243;][vc_column_text]<\/p>\n<h1 class=\"page-title on-shop\" style=\"text-align: center;\">COMOE-ART<\/h1>\n<p>[\/vc_column_text][vc_column_text]<\/p>\n<p style=\"text-align: center;\"><span style=\"color: #808080;\">Notre Histoire\u00a0<\/span><\/p>\n<p>[\/vc_column_text][vc_separator][vc_row_inner css=&#8221;.vc_custom_1443414812412{margin-top: 45px !important;margin-bottom: 25px !important;}&#8221;][vc_column_inner][vc_column_text]<\/p>\n<p class=\"p1\"><span id=\"p55\"><span id=\"60\">COMOE-ART<\/span> est une entreprise n\u00e9e par inspiration de ma m\u00e8re, africaine qui se battait hardiment en vendant les objets d\u2019art et artisanat locaux sur le toit du march\u00e9 de <span id=\"61\">Banfora<\/span> Sud Ouest du Burkina Faso.<\/span><span id=\"p56\"> Pour pouvoir nourrir et donner une \u00e9ducation \u00e0 ses nombreux enfants, dont moi-m\u00eame.<\/span><span id=\"p64\"> Aujourd\u2019hui, je prends la rel\u00e8ve de ce commerce \u00e9quitable en travaillant avec les artisans du pays, mais aussi d&#8217;autres pays d&#8217;Afrique comme le S\u00e9n\u00e9gal et le Ghana.<\/span><span id=\"p58\"> <\/span><\/p>\n<p><span id=\"p59\">En achetant un article sur <span id=\"63\">COMOE-ART<\/span>, vous adh\u00e9rez \u00e0 un projet sur la sant\u00e9 l\u2019\u00e9ducation des enfants et des femmes dans ces trois pays partenaires.<\/span><\/p>\n<p>[\/vc_column_text][\/vc_column_inner][\/vc_row_inner][vc_separator][\/vc_column][\/vc_row]<\/p>\n","protected":false},"excerpt":{"rendered":"<p>[vc_row full_height=&#8221;yes&#8221; columns_placement=&#8221;stretch&#8221; equal_height=&#8221;yes&#8221; content_placement=&#8221;middle&#8221; columns_height=&#8221;adjust_cols_height&#8221; background_style=&#8221;normal&#8221;][vc_column css=&#8221;.vc_custom_1606397076822{border-bottom-width: 90px !important;padding-bottom: 105px !important;background-image: url(http:\/\/www.comoe-art.com\/wp-content\/uploads\/2020\/10\/comoe-shop-min-scaled.jpg?id=8992) !important;background-position: center !important;background-repeat: no-repeat !important;background-size: cover !important;}&#8221; offset=&#8221;vc_col-lg-6 vc_col-md-6&#8243;][vc_empty_space height=&#8221;0px&#8221;][\/vc_column][vc_column css=&#8221;.vc_custom_1484433918406{padding-top: 150px !important;padding-right: 16% !important;padding-bottom: 150px !important;padding-left: 16% !important;}&#8221; offset=&#8221;vc_col-lg-6 vc_col-md-6&#8243;][vc_column_text] COMOE-ART [\/vc_column_text][vc_column_text] Notre Histoire\u00a0 [\/vc_column_text][vc_separator][vc_row_inner css=&#8221;.vc_custom_1443414812412{margin-top: 45px !important;margin-bottom: 25px !important;}&#8221;][vc_column_inner][vc_column_text] COMOE-ART est une entreprise n\u00e9e par inspiration de ma m\u00e8re, africaine [&hellip;]<\/p>\n","protected":false},"author":1,"featured_media":0,"parent":403,"menu_order":0,"comment_status":"closed","ping_status":"closed","template":"page-blank.php","meta":{"footnotes":""},"yoast_head":"<!-- This site is optimized with the Yoast SEO plugin v22.5 - https:\/\/yoast.com\/wordpress\/plugins\/seo\/ -->\n<title>Qui somme nous - Comoe-art<\/title>\n<meta name=\"robots\" content=\"index, follow, max-snippet:-1, max-image-preview:large, max-video-preview:-1\" \/>\n<link rel=\"canonical\" href=\"https:\/\/www.comoe-art.com\/index.php\/pages\/qui-somme-nous\/\" \/>\n<meta property=\"og:locale\" content=\"fr_FR\" \/>\n<meta property=\"og:type\" content=\"article\" \/>\n<meta property=\"og:title\" content=\"Qui somme nous - Comoe-art\" \/>\n<meta property=\"og:description\" content=\"[vc_row full_height=&#8221;yes&#8221; columns_placement=&#8221;stretch&#8221; equal_height=&#8221;yes&#8221; content_placement=&#8221;middle&#8221; columns_height=&#8221;adjust_cols_height&#8221; background_style=&#8221;normal&#8221;][vc_column css=&#8221;.vc_custom_1606397076822{border-bottom-width: 90px !important;padding-bottom: 105px !important;background-image: url(http:\/\/www.comoe-art.com\/wp-content\/uploads\/2020\/10\/comoe-shop-min-scaled.jpg?id=8992) !important;background-position: center !important;background-repeat: no-repeat !important;background-size: cover !important;}&#8221; offset=&#8221;vc_col-lg-6 vc_col-md-6&#8243;][vc_empty_space height=&#8221;0px&#8221;][\/vc_column][vc_column css=&#8221;.vc_custom_1484433918406{padding-top: 150px !important;padding-right: 16% !important;padding-bottom: 150px !important;padding-left: 16% !important;}&#8221; offset=&#8221;vc_col-lg-6 vc_col-md-6&#8243;][vc_column_text] COMOE-ART [\/vc_column_text][vc_column_text] Notre Histoire\u00a0 [\/vc_column_text][vc_separator][vc_row_inner css=&#8221;.vc_custom_1443414812412{margin-top: 45px !important;margin-bottom: 25px !important;}&#8221;][vc_column_inner][vc_column_text] COMOE-ART est une entreprise n\u00e9e par inspiration de ma m\u00e8re, africaine [&hellip;]\" \/>\n<meta property=\"og:url\" content=\"https:\/\/www.comoe-art.com\/index.php\/pages\/qui-somme-nous\/\" \/>\n<meta property=\"og:site_name\" content=\"Comoe-art\" \/>\n<meta property=\"article:modified_time\" content=\"2023-08-06T00:22:00+00:00\" \/>\n<meta name=\"twitter:card\" content=\"summary_large_image\" \/>\n<meta name=\"twitter:label1\" content=\"Dur\u00e9e de lecture estim\u00e9e\" \/>\n\t<meta name=\"twitter:data1\" content=\"1 minute\" \/>\n<script type=\"application\/ld+json\" class=\"yoast-schema-graph\">{\"@context\":\"https:\/\/schema.org\",\"@graph\":[{\"@type\":\"WebPage\",\"@id\":\"https:\/\/www.comoe-art.com\/index.php\/pages\/qui-somme-nous\/\",\"url\":\"https:\/\/www.comoe-art.com\/index.php\/pages\/qui-somme-nous\/\",\"name\":\"Qui somme nous - Comoe-art\",\"isPartOf\":{\"@id\":\"https:\/\/www.comoe-art.com\/#website\"},\"datePublished\":\"2017-01-10T14:33:29+00:00\",\"dateModified\":\"2023-08-06T00:22:00+00:00\",\"breadcrumb\":{\"@id\":\"https:\/\/www.comoe-art.com\/index.php\/pages\/qui-somme-nous\/#breadcrumb\"},\"inLanguage\":\"fr-FR\",\"potentialAction\":[{\"@type\":\"ReadAction\",\"target\":[\"https:\/\/www.comoe-art.com\/index.php\/pages\/qui-somme-nous\/\"]}]},{\"@type\":\"BreadcrumbList\",\"@id\":\"https:\/\/www.comoe-art.com\/index.php\/pages\/qui-somme-nous\/#breadcrumb\",\"itemListElement\":[{\"@type\":\"ListItem\",\"position\":1,\"name\":\"Accueil\",\"item\":\"https:\/\/www.comoe-art.com\/\"},{\"@type\":\"ListItem\",\"position\":2,\"name\":\"Pages\",\"item\":\"https:\/\/www.comoe-art.com\/index.php\/pages\/\"},{\"@type\":\"ListItem\",\"position\":3,\"name\":\"Qui somme nous\"}]},{\"@type\":\"WebSite\",\"@id\":\"https:\/\/www.comoe-art.com\/#website\",\"url\":\"https:\/\/www.comoe-art.com\/\",\"name\":\"Comoe-art\",\"description\":\"\",\"potentialAction\":[{\"@type\":\"SearchAction\",\"target\":{\"@type\":\"EntryPoint\",\"urlTemplate\":\"https:\/\/www.comoe-art.com\/?s={search_term_string}\"},\"query-input\":\"required name=search_term_string\"}],\"inLanguage\":\"fr-FR\"}]}<\/script>\n<!-- \/ Yoast SEO plugin. -->","yoast_head_json":{"title":"Qui somme nous - Comoe-art","robots":{"index":"index","follow":"follow","max-snippet":"max-snippet:-1","max-image-preview":"max-image-preview:large","max-video-preview":"max-video-preview:-1"},"canonical":"https:\/\/www.comoe-art.com\/index.php\/pages\/qui-somme-nous\/","og_locale":"fr_FR","og_type":"article","og_title":"Qui somme nous - Comoe-art","og_description":"[vc_row full_height=&#8221;yes&#8221; columns_placement=&#8221;stretch&#8221; equal_height=&#8221;yes&#8221; content_placement=&#8221;middle&#8221; columns_height=&#8221;adjust_cols_height&#8221; background_style=&#8221;normal&#8221;][vc_column css=&#8221;.vc_custom_1606397076822{border-bottom-width: 90px !important;padding-bottom: 105px !important;background-image: url(http:\/\/www.comoe-art.com\/wp-content\/uploads\/2020\/10\/comoe-shop-min-scaled.jpg?id=8992) !important;background-position: center !important;background-repeat: no-repeat !important;background-size: cover !important;}&#8221; offset=&#8221;vc_col-lg-6 vc_col-md-6&#8243;][vc_empty_space height=&#8221;0px&#8221;][\/vc_column][vc_column css=&#8221;.vc_custom_1484433918406{padding-top: 150px !important;padding-right: 16% !important;padding-bottom: 150px !important;padding-left: 16% !important;}&#8221; offset=&#8221;vc_col-lg-6 vc_col-md-6&#8243;][vc_column_text] COMOE-ART [\/vc_column_text][vc_column_text] Notre Histoire\u00a0 [\/vc_column_text][vc_separator][vc_row_inner css=&#8221;.vc_custom_1443414812412{margin-top: 45px !important;margin-bottom: 25px !important;}&#8221;][vc_column_inner][vc_column_text] COMOE-ART est une entreprise n\u00e9e par inspiration de ma m\u00e8re, africaine [&hellip;]","og_url":"https:\/\/www.comoe-art.com\/index.php\/pages\/qui-somme-nous\/","og_site_name":"Comoe-art","article_modified_time":"2023-08-06T00:22:00+00:00","twitter_card":"summary_large_image","twitter_misc":{"Dur\u00e9e de lecture estim\u00e9e":"1 minute"},"schema":{"@context":"https:\/\/schema.org","@graph":[{"@type":"WebPage","@id":"https:\/\/www.comoe-art.com\/index.php\/pages\/qui-somme-nous\/","url":"https:\/\/www.comoe-art.com\/index.php\/pages\/qui-somme-nous\/","name":"Qui somme nous - Comoe-art","isPartOf":{"@id":"https:\/\/www.comoe-art.com\/#website"},"datePublished":"2017-01-10T14:33:29+00:00","dateModified":"2023-08-06T00:22:00+00:00","breadcrumb":{"@id":"https:\/\/www.comoe-art.com\/index.php\/pages\/qui-somme-nous\/#breadcrumb"},"inLanguage":"fr-FR","potentialAction":[{"@type":"ReadAction","target":["https:\/\/www.comoe-art.com\/index.php\/pages\/qui-somme-nous\/"]}]},{"@type":"BreadcrumbList","@id":"https:\/\/www.comoe-art.com\/index.php\/pages\/qui-somme-nous\/#breadcrumb","itemListElement":[{"@type":"ListItem","position":1,"name":"Accueil","item":"https:\/\/www.comoe-art.com\/"},{"@type":"ListItem","position":2,"name":"Pages","item":"https:\/\/www.comoe-art.com\/index.php\/pages\/"},{"@type":"ListItem","position":3,"name":"Qui somme nous"}]},{"@type":"WebSite","@id":"https:\/\/www.comoe-art.com\/#website","url":"https:\/\/www.comoe-art.com\/","name":"Comoe-art","description":"","potentialAction":[{"@type":"SearchAction","target":{"@type":"EntryPoint","urlTemplate":"https:\/\/www.comoe-art.com\/?s={search_term_string}"},"query-input":"required name=search_term_string"}],"inLanguage":"fr-FR"}]}},"_links":{"self":[{"href":"https:\/\/www.comoe-art.com\/index.php\/wp-json\/wp\/v2\/pages\/424"}],"collection":[{"href":"https:\/\/www.comoe-art.com\/index.php\/wp-json\/wp\/v2\/pages"}],"about":[{"href":"https:\/\/www.comoe-art.com\/index.php\/wp-json\/wp\/v2\/types\/page"}],"author":[{"embeddable":true,"href":"https:\/\/www.comoe-art.com\/index.php\/wp-json\/wp\/v2\/users\/1"}],"replies":[{"embeddable":true,"href":"https:\/\/www.comoe-art.com\/index.php\/wp-json\/wp\/v2\/comments?post=424"}],"version-history":[{"count":24,"href":"https:\/\/www.comoe-art.com\/index.php\/wp-json\/wp\/v2\/pages\/424\/revisions"}],"predecessor-version":[{"id":1209011,"href":"https:\/\/www.comoe-art.com\/index.php\/wp-json\/wp\/v2\/pages\/424\/revisions\/1209011"}],"up":[{"embeddable":true,"href":"https:\/\/www.comoe-art.com\/index.php\/wp-json\/wp\/v2\/pages\/403"}],"wp:attachment":[{"href":"https:\/\/www.comoe-art.com\/index.php\/wp-json\/wp\/v2\/media?parent=424"}],"curies":[{"name":"wp","href":"https:\/\/api.w.org\/{rel}","templated":true}]}}