{"id":456,"date":"2017-01-10T15:46:33","date_gmt":"2017-01-10T15:46:33","guid":{"rendered":"http:\/\/import.getbowtied.com\/shopkeeper-replica?page_id=456"},"modified":"2020-11-25T12:17:20","modified_gmt":"2020-11-25T11:17:20","slug":"contact","status":"publish","type":"page","link":"https:\/\/www.comoe-art.com\/index.php\/pages\/contact\/","title":{"rendered":"Contactez-nous"},"content":{"rendered":"<p>[vc_row css=&#8221;.vc_custom_1485770490742{margin-bottom: 100px !important;}&#8221;][vc_column width=&#8221;1\/6&#8243;][\/vc_column][vc_column width=&#8221;2\/3&#8243;][vc_column_text css=&#8221;.vc_custom_1600720951477{margin-bottom: 0px !important;}&#8221;]<\/p>\n<h4 style=\"text-align: center;\"><strong><span style=\"color: #631719;\">Nous restons \u00e0 votre disposition pour toute information compl\u00e9mentaire dont vous pourriez avoir besoin.<\/span><\/strong><\/h4>\n<p>[\/vc_column_text][\/vc_column][vc_column width=&#8221;1\/6&#8243;][\/vc_column][\/vc_row][vc_row css=&#8221;.vc_custom_1485770484998{margin-bottom: 100px !important;}&#8221;][vc_column width=&#8221;1\/3&#8243;][vc_icon type=&#8221;linecons&#8221; icon_linecons=&#8221;vc_li vc_li-phone&#8221; color=&#8221;black&#8221; background_style=&#8221;rounded-outline&#8221; background_color=&#8221;black&#8221; align=&#8221;center&#8221;][vc_column_text]<\/p>\n<h4 style=\"text-align: center;\">T\u00e9l\u00e9phone<\/h4>\n<p>[\/vc_column_text][vc_column_text]<\/p>\n<p style=\"text-align: center;\">Num\u00e9ro de T\u00e9l\u00e9phone<br \/>\n+33605643231<\/p>\n<p>[\/vc_column_text][vc_column_text]<\/p>\n<h6 style=\"text-align: center;\"><a href=\"tel:+33605643231\">APPELER<\/a><\/h6>\n<p>[\/vc_column_text][\/vc_column][vc_column width=&#8221;1\/3&#8243;][vc_icon type=&#8221;linecons&#8221; icon_linecons=&#8221;vc_li vc_li-location&#8221; color=&#8221;black&#8221; background_style=&#8221;rounded-outline&#8221; background_color=&#8221;black&#8221; align=&#8221;center&#8221;][vc_column_text]<\/p>\n<h4 style=\"text-align: center;\">Adresse<\/h4>\n<p>[\/vc_column_text][vc_column_text]<\/p>\n<p style=\"text-align: center;\">47 rue Marcellin Berthelot<br \/>\n92700 Colombes<\/p>\n<p>[\/vc_column_text][vc_column_text]<\/p>\n<h6 style=\"text-align: center;\"><a href=\"https:\/\/goo.gl\/maps\/3FiZ6jJS7eoq7nQt7\">LOCALISATION<\/a><\/h6>\n<p>[\/vc_column_text][\/vc_column][vc_column width=&#8221;1\/3&#8243;][vc_icon type=&#8221;linecons&#8221; icon_linecons=&#8221;vc_li vc_li-mail&#8221; color=&#8221;black&#8221; background_style=&#8221;rounded-outline&#8221; background_color=&#8221;black&#8221; align=&#8221;center&#8221;][vc_column_text]<\/p>\n<h4 style=\"text-align: center;\">Une question ?<\/h4>\n<p>[\/vc_column_text][vc_column_text]<\/p>\n<p style=\"text-align: center;\">Contactez-nous<br \/>\ncontact@comoe-art.com<\/p>\n<p>[\/vc_column_text][vc_column_text]<\/p>\n<h6 style=\"text-align: center;\"><a href=\"#titre\">ENVOYER UN MESSAGE<\/a><\/h6>\n<p>[\/vc_column_text][\/vc_column][\/vc_row][vc_row full_width=&#8221;stretch_row_content_no_spaces&#8221; background_style=&#8221;normal&#8221; el_id=&#8221;test&#8221;][vc_column width=&#8221;1\/2&#8243; el_id=&#8221;forulaire_contact&#8221;][vc_column_text el_id=&#8221;titre&#8221;]<\/p>\n<h2 style=\"text-align: center;\">Une question ?<\/h2>\n<p>[\/vc_column_text][vc_column_text]<div class=\"wpforms-container wpforms-container-full formulaire_contact\" id=\"wpforms-14791\"><form id=\"wpforms-form-14791\" class=\"wpforms-validate wpforms-form\" data-formid=\"14791\" method=\"post\" enctype=\"multipart\/form-data\" action=\"\/index.php\/wp-json\/wp\/v2\/pages\/456\" data-token=\"79d54b71fe120278340807d1ff07db9b\"><noscript class=\"wpforms-error-noscript\">Veuillez activer JavaScript dans votre navigateur pour remplir ce formulaire.<\/noscript><div class=\"wpforms-field-container\"><div id=\"wpforms-14791-field_0-container\" class=\"wpforms-field wpforms-field-name nom\" data-field-id=\"0\"><label class=\"wpforms-field-label\" for=\"wpforms-14791-field_0\">Nom <span class=\"wpforms-required-label\">*<\/span><\/label><input type=\"text\" id=\"wpforms-14791-field_0\" class=\"wpforms-field-large wpforms-field-required\" name=\"wpforms[fields][0]\" required><\/div><div id=\"wpforms-14791-field_1-container\" class=\"wpforms-field wpforms-field-email mail\" data-field-id=\"1\"><label class=\"wpforms-field-label\" for=\"wpforms-14791-field_1\">E-mail <span class=\"wpforms-required-label\">*<\/span><\/label><input type=\"email\" id=\"wpforms-14791-field_1\" class=\"wpforms-field-large wpforms-field-required\" name=\"wpforms[fields][1]\" spellcheck=\"false\" required><\/div><div id=\"wpforms-14791-field_2-container\" class=\"wpforms-field wpforms-field-textarea message\" data-field-id=\"2\"><label class=\"wpforms-field-label\" for=\"wpforms-14791-field_2\">Message <span class=\"wpforms-required-label\">*<\/span><\/label><textarea id=\"wpforms-14791-field_2\" class=\"wpforms-field-small wpforms-field-required\" name=\"wpforms[fields][2]\" required><\/textarea><\/div><\/div><!-- .wpforms-field-container --><div class=\"wpforms-submit-container\" ><input type=\"hidden\" name=\"wpforms[id]\" value=\"14791\"><input type=\"hidden\" name=\"wpforms[author]\" value=\"1\"><button type=\"submit\" name=\"wpforms[submit]\" id=\"wpforms-submit-14791\" class=\"wpforms-submit bouton_envoi\" data-alt-text=\"Envoi...\" data-submit-text=\"Envoyer\" aria-live=\"assertive\" value=\"wpforms-submit\">Envoyer<\/button><\/div><\/form><\/div>  <!-- .wpforms-container -->[\/vc_column_text][\/vc_column][vc_column width=&#8221;1\/2&#8243;][vc_gmaps link=&#8221;#E-8_JTNDaWZyYW1lJTIwc3JjJTNEJTIyaHR0cHMlM0ElMkYlMkZ3d3cuZ29vZ2xlLmNvbSUyRm1hcHMlMkZlbWJlZCUzRnBiJTNEJTIxMW0xOCUyMTFtMTIlMjExbTMlMjExZDI2MjEuMjgwNDE1MDg0NjAyNyUyMTJkMi4yNTYzNDAxNzQ3MjU4NzYyJTIxM2Q0OC45MjkxMDA1ODcyNDIxMDQlMjEybTMlMjExZjAlMjEyZjAlMjEzZjAlMjEzbTIlMjExaTEwMjQlMjEyaTc2OCUyMTRmMTMuMSUyMTNtMyUyMTFtMiUyMTFzMHg0N2U2NjVjMzMzMWU2ZGE5JTI1M0EweDM5YmY4ZDcyNDIxMjUyZDclMjEyczQ3JTI1MjBSdWUlMjUyME1hcmNlbGxpbiUyNTIwQmVydGhlbG90JTI1MkMlMjUyMDkyNzAwJTI1MjBDb2xvbWJlcyUyMTVlMCUyMTNtMiUyMTFzZnIlMjEyc2ZyJTIxNHYxNjAzNzQ0NzQwMTQwJTIxNW0yJTIxMXNmciUyMTJzZnIlMjIlMjB3aWR0aCUzRCUyMjYwMCUyMiUyMGhlaWdodCUzRCUyMjQ1MCUyMiUyMGZyYW1lYm9yZGVyJTNEJTIyMCUyMiUyMHN0eWxlJTNEJTIyYm9yZGVyJTNBMCUzQiUyMiUyMGFsbG93ZnVsbHNjcmVlbiUzRCUyMiUyMiUyMGFyaWEtaGlkZGVuJTNEJTIyZmFsc2UlMjIlMjB0YWJpbmRleCUzRCUyMjAlMjIlM0UlM0MlMkZpZnJhbWUlM0U=&#8221;][\/vc_column][\/vc_row]<\/p>\n","protected":false},"excerpt":{"rendered":"<p>[vc_row css=&#8221;.vc_custom_1485770490742{margin-bottom: 100px !important;}&#8221;][vc_column width=&#8221;1\/6&#8243;][\/vc_column][vc_column width=&#8221;2\/3&#8243;][vc_column_text css=&#8221;.vc_custom_1600720951477{margin-bottom: 0px !important;}&#8221;] Nous restons \u00e0 votre disposition pour toute information compl\u00e9mentaire dont vous pourriez avoir besoin. [\/vc_column_text][\/vc_column][vc_column width=&#8221;1\/6&#8243;][\/vc_column][\/vc_row][vc_row css=&#8221;.vc_custom_1485770484998{margin-bottom: 100px !important;}&#8221;][vc_column width=&#8221;1\/3&#8243;][vc_icon type=&#8221;linecons&#8221; icon_linecons=&#8221;vc_li vc_li-phone&#8221; color=&#8221;black&#8221; background_style=&#8221;rounded-outline&#8221; background_color=&#8221;black&#8221; align=&#8221;center&#8221;][vc_column_text] T\u00e9l\u00e9phone [\/vc_column_text][vc_column_text] Num\u00e9ro de T\u00e9l\u00e9phone +33605643231 [\/vc_column_text][vc_column_text] APPELER [\/vc_column_text][\/vc_column][vc_column width=&#8221;1\/3&#8243;][vc_icon type=&#8221;linecons&#8221; icon_linecons=&#8221;vc_li vc_li-location&#8221; color=&#8221;black&#8221; background_style=&#8221;rounded-outline&#8221; background_color=&#8221;black&#8221; align=&#8221;center&#8221;][vc_column_text] Adresse [\/vc_column_text][vc_column_text] [&hellip;]<\/p>\n","protected":false},"author":1,"featured_media":0,"parent":403,"menu_order":0,"comment_status":"closed","ping_status":"closed","template":"page-boxed.php","meta":{"footnotes":""},"yoast_head":"<!-- This site is optimized with the Yoast SEO plugin v22.5 - https:\/\/yoast.com\/wordpress\/plugins\/seo\/ -->\n<title>Contactez-nous - Comoe-art<\/title>\n<meta name=\"robots\" content=\"index, follow, max-snippet:-1, max-image-preview:large, max-video-preview:-1\" \/>\n<link rel=\"canonical\" href=\"https:\/\/www.comoe-art.com\/index.php\/pages\/contact\/\" \/>\n<meta property=\"og:locale\" content=\"fr_FR\" \/>\n<meta property=\"og:type\" content=\"article\" \/>\n<meta property=\"og:title\" content=\"Contactez-nous - Comoe-art\" \/>\n<meta property=\"og:description\" content=\"[vc_row css=&#8221;.vc_custom_1485770490742{margin-bottom: 100px !important;}&#8221;][vc_column width=&#8221;1\/6&#8243;][\/vc_column][vc_column width=&#8221;2\/3&#8243;][vc_column_text css=&#8221;.vc_custom_1600720951477{margin-bottom: 0px !important;}&#8221;] Nous restons \u00e0 votre disposition pour toute information compl\u00e9mentaire dont vous pourriez avoir besoin. [\/vc_column_text][\/vc_column][vc_column width=&#8221;1\/6&#8243;][\/vc_column][\/vc_row][vc_row css=&#8221;.vc_custom_1485770484998{margin-bottom: 100px !important;}&#8221;][vc_column width=&#8221;1\/3&#8243;][vc_icon type=&#8221;linecons&#8221; icon_linecons=&#8221;vc_li vc_li-phone&#8221; color=&#8221;black&#8221; background_style=&#8221;rounded-outline&#8221; background_color=&#8221;black&#8221; align=&#8221;center&#8221;][vc_column_text] T\u00e9l\u00e9phone [\/vc_column_text][vc_column_text] Num\u00e9ro de T\u00e9l\u00e9phone +33605643231 [\/vc_column_text][vc_column_text] APPELER [\/vc_column_text][\/vc_column][vc_column width=&#8221;1\/3&#8243;][vc_icon type=&#8221;linecons&#8221; icon_linecons=&#8221;vc_li vc_li-location&#8221; color=&#8221;black&#8221; background_style=&#8221;rounded-outline&#8221; background_color=&#8221;black&#8221; align=&#8221;center&#8221;][vc_column_text] Adresse [\/vc_column_text][vc_column_text] [&hellip;]\" \/>\n<meta property=\"og:url\" content=\"https:\/\/www.comoe-art.com\/index.php\/pages\/contact\/\" \/>\n<meta property=\"og:site_name\" content=\"Comoe-art\" \/>\n<meta property=\"article:modified_time\" content=\"2020-11-25T11:17:20+00:00\" \/>\n<meta name=\"twitter:card\" content=\"summary_large_image\" \/>\n<meta name=\"twitter:label1\" content=\"Dur\u00e9e de lecture estim\u00e9e\" \/>\n\t<meta name=\"twitter:data1\" content=\"2 minutes\" \/>\n<script type=\"application\/ld+json\" class=\"yoast-schema-graph\">{\"@context\":\"https:\/\/schema.org\",\"@graph\":[{\"@type\":\"WebPage\",\"@id\":\"https:\/\/www.comoe-art.com\/index.php\/pages\/contact\/\",\"url\":\"https:\/\/www.comoe-art.com\/index.php\/pages\/contact\/\",\"name\":\"Contactez-nous - Comoe-art\",\"isPartOf\":{\"@id\":\"https:\/\/www.comoe-art.com\/#website\"},\"datePublished\":\"2017-01-10T15:46:33+00:00\",\"dateModified\":\"2020-11-25T11:17:20+00:00\",\"breadcrumb\":{\"@id\":\"https:\/\/www.comoe-art.com\/index.php\/pages\/contact\/#breadcrumb\"},\"inLanguage\":\"fr-FR\",\"potentialAction\":[{\"@type\":\"ReadAction\",\"target\":[\"https:\/\/www.comoe-art.com\/index.php\/pages\/contact\/\"]}]},{\"@type\":\"BreadcrumbList\",\"@id\":\"https:\/\/www.comoe-art.com\/index.php\/pages\/contact\/#breadcrumb\",\"itemListElement\":[{\"@type\":\"ListItem\",\"position\":1,\"name\":\"Accueil\",\"item\":\"https:\/\/www.comoe-art.com\/\"},{\"@type\":\"ListItem\",\"position\":2,\"name\":\"Pages\",\"item\":\"https:\/\/www.comoe-art.com\/index.php\/pages\/\"},{\"@type\":\"ListItem\",\"position\":3,\"name\":\"Contactez-nous\"}]},{\"@type\":\"WebSite\",\"@id\":\"https:\/\/www.comoe-art.com\/#website\",\"url\":\"https:\/\/www.comoe-art.com\/\",\"name\":\"Comoe-art\",\"description\":\"\",\"potentialAction\":[{\"@type\":\"SearchAction\",\"target\":{\"@type\":\"EntryPoint\",\"urlTemplate\":\"https:\/\/www.comoe-art.com\/?s={search_term_string}\"},\"query-input\":\"required name=search_term_string\"}],\"inLanguage\":\"fr-FR\"}]}<\/script>\n<!-- \/ Yoast SEO plugin. -->","yoast_head_json":{"title":"Contactez-nous - Comoe-art","robots":{"index":"index","follow":"follow","max-snippet":"max-snippet:-1","max-image-preview":"max-image-preview:large","max-video-preview":"max-video-preview:-1"},"canonical":"https:\/\/www.comoe-art.com\/index.php\/pages\/contact\/","og_locale":"fr_FR","og_type":"article","og_title":"Contactez-nous - Comoe-art","og_description":"[vc_row css=&#8221;.vc_custom_1485770490742{margin-bottom: 100px !important;}&#8221;][vc_column width=&#8221;1\/6&#8243;][\/vc_column][vc_column width=&#8221;2\/3&#8243;][vc_column_text css=&#8221;.vc_custom_1600720951477{margin-bottom: 0px !important;}&#8221;] Nous restons \u00e0 votre disposition pour toute information compl\u00e9mentaire dont vous pourriez avoir besoin. [\/vc_column_text][\/vc_column][vc_column width=&#8221;1\/6&#8243;][\/vc_column][\/vc_row][vc_row css=&#8221;.vc_custom_1485770484998{margin-bottom: 100px !important;}&#8221;][vc_column width=&#8221;1\/3&#8243;][vc_icon type=&#8221;linecons&#8221; icon_linecons=&#8221;vc_li vc_li-phone&#8221; color=&#8221;black&#8221; background_style=&#8221;rounded-outline&#8221; background_color=&#8221;black&#8221; align=&#8221;center&#8221;][vc_column_text] T\u00e9l\u00e9phone [\/vc_column_text][vc_column_text] Num\u00e9ro de T\u00e9l\u00e9phone +33605643231 [\/vc_column_text][vc_column_text] APPELER [\/vc_column_text][\/vc_column][vc_column width=&#8221;1\/3&#8243;][vc_icon type=&#8221;linecons&#8221; icon_linecons=&#8221;vc_li vc_li-location&#8221; color=&#8221;black&#8221; background_style=&#8221;rounded-outline&#8221; background_color=&#8221;black&#8221; align=&#8221;center&#8221;][vc_column_text] Adresse [\/vc_column_text][vc_column_text] [&hellip;]","og_url":"https:\/\/www.comoe-art.com\/index.php\/pages\/contact\/","og_site_name":"Comoe-art","article_modified_time":"2020-11-25T11:17:20+00:00","twitter_card":"summary_large_image","twitter_misc":{"Dur\u00e9e de lecture estim\u00e9e":"2 minutes"},"schema":{"@context":"https:\/\/schema.org","@graph":[{"@type":"WebPage","@id":"https:\/\/www.comoe-art.com\/index.php\/pages\/contact\/","url":"https:\/\/www.comoe-art.com\/index.php\/pages\/contact\/","name":"Contactez-nous - Comoe-art","isPartOf":{"@id":"https:\/\/www.comoe-art.com\/#website"},"datePublished":"2017-01-10T15:46:33+00:00","dateModified":"2020-11-25T11:17:20+00:00","breadcrumb":{"@id":"https:\/\/www.comoe-art.com\/index.php\/pages\/contact\/#breadcrumb"},"inLanguage":"fr-FR","potentialAction":[{"@type":"ReadAction","target":["https:\/\/www.comoe-art.com\/index.php\/pages\/contact\/"]}]},{"@type":"BreadcrumbList","@id":"https:\/\/www.comoe-art.com\/index.php\/pages\/contact\/#breadcrumb","itemListElement":[{"@type":"ListItem","position":1,"name":"Accueil","item":"https:\/\/www.comoe-art.com\/"},{"@type":"ListItem","position":2,"name":"Pages","item":"https:\/\/www.comoe-art.com\/index.php\/pages\/"},{"@type":"ListItem","position":3,"name":"Contactez-nous"}]},{"@type":"WebSite","@id":"https:\/\/www.comoe-art.com\/#website","url":"https:\/\/www.comoe-art.com\/","name":"Comoe-art","description":"","potentialAction":[{"@type":"SearchAction","target":{"@type":"EntryPoint","urlTemplate":"https:\/\/www.comoe-art.com\/?s={search_term_string}"},"query-input":"required name=search_term_string"}],"inLanguage":"fr-FR"}]}},"_links":{"self":[{"href":"https:\/\/www.comoe-art.com\/index.php\/wp-json\/wp\/v2\/pages\/456"}],"collection":[{"href":"https:\/\/www.comoe-art.com\/index.php\/wp-json\/wp\/v2\/pages"}],"about":[{"href":"https:\/\/www.comoe-art.com\/index.php\/wp-json\/wp\/v2\/types\/page"}],"author":[{"embeddable":true,"href":"https:\/\/www.comoe-art.com\/index.php\/wp-json\/wp\/v2\/users\/1"}],"replies":[{"embeddable":true,"href":"https:\/\/www.comoe-art.com\/index.php\/wp-json\/wp\/v2\/comments?post=456"}],"version-history":[{"count":27,"href":"https:\/\/www.comoe-art.com\/index.php\/wp-json\/wp\/v2\/pages\/456\/revisions"}],"predecessor-version":[{"id":61929,"href":"https:\/\/www.comoe-art.com\/index.php\/wp-json\/wp\/v2\/pages\/456\/revisions\/61929"}],"up":[{"embeddable":true,"href":"https:\/\/www.comoe-art.com\/index.php\/wp-json\/wp\/v2\/pages\/403"}],"wp:attachment":[{"href":"https:\/\/www.comoe-art.com\/index.php\/wp-json\/wp\/v2\/media?parent=456"}],"curies":[{"name":"wp","href":"https:\/\/api.w.org\/{rel}","templated":true}]}}