{"id":8518,"date":"2020-10-01T09:02:35","date_gmt":"2020-10-01T07:02:35","guid":{"rendered":"http:\/\/51.210.182.76\/wordpress\/?page_id=8518"},"modified":"2020-10-26T19:00:26","modified_gmt":"2020-10-26T18:00:26","slug":"tissu-indigo","status":"publish","type":"page","link":"https:\/\/www.comoe-art.com\/index.php\/tissu-indigo\/","title":{"rendered":"Tissus indigo"},"content":{"rendered":"<p>[vc_row][vc_column][vc_column_text]<\/p>\n<p style=\"text-align: center;\">Tissu indigo teint suivant une technique ancestrale utilis\u00e9e au Burkina Faso. Belle d\u00e9coration africaine \u00e0 poser sur un canap\u00e9, pour recouvrir un fauteuil ou faire un dessus de lit.<\/p>\n<p>[\/vc_column_text][\/vc_column][\/vc_row][vc_row][vc_column]<div class=\"woocommerce columns-4 \"><ul class=\"products columns-4\">\n<li class=\"product type-product post-1178070 status-publish first instock product_cat-produit product_cat-textilles product_cat-tissu-indigo has-post-thumbnail shipping-taxable purchasable product-type-simple\">\n\n\t\n    <div class=\"product_thumbnail_wrapper \">\n\n\t\t<a href=\"https:\/\/www.comoe-art.com\/index.php\/produit\/tissu-indigo-adire-et-teint-3\/\" class=\"woocommerce-LoopProduct-link woocommerce-loop-product__link\">\n\n\t        <div class=\"product_thumbnail with_second_image\">\n\t            <img loading=\"lazy\" decoding=\"async\" width=\"350\" height=\"435\" src=\"https:\/\/www.comoe-art.com\/wp-content\/uploads\/2023\/07\/P1340643-350x435.jpg\" class=\"attachment-woocommerce_thumbnail size-woocommerce_thumbnail\" alt=\"\" \/>\t            \t            \t<span class=\"product_thumbnail_background\" style=\"background-image:url(https:\/\/www.comoe-art.com\/wp-content\/uploads\/2023\/07\/P1340644-350x435.jpg)\"><\/span>\n\t        \t\t        <\/div><!--.product_thumbnail-->\n\t\t<\/a>\n\n\t\t\t\t\t\t\t\n\t\t\n\t\t        <div class=\"product_thumbnail_icons\">\n            \n<div\n\tclass=\"yith-wcwl-add-to-wishlist add-to-wishlist-1178070  wishlist-fragment on-first-load\"\n\tdata-fragment-ref=\"1178070\"\n\tdata-fragment-options=\"{&quot;base_url&quot;:&quot;&quot;,&quot;in_default_wishlist&quot;:false,&quot;is_single&quot;:false,&quot;show_exists&quot;:false,&quot;product_id&quot;:1178070,&quot;parent_product_id&quot;:1178070,&quot;product_type&quot;:&quot;simple&quot;,&quot;show_view&quot;:false,&quot;browse_wishlist_text&quot;:&quot;Parcourir la liste de souhaits&quot;,&quot;already_in_wishslist_text&quot;:&quot;Le produit est d\\u00e9j\\u00e0 dans votre liste de souhaits!&quot;,&quot;product_added_text&quot;:&quot;Produit ajout\\u00e9 !&quot;,&quot;heading_icon&quot;:&quot;fa-heart-o&quot;,&quot;available_multi_wishlist&quot;:false,&quot;disable_wishlist&quot;:false,&quot;show_count&quot;:false,&quot;ajax_loading&quot;:false,&quot;loop_position&quot;:&quot;after_add_to_cart&quot;,&quot;item&quot;:&quot;add_to_wishlist&quot;}\"\n>\n\t\t\t\n\t\t\t<!-- ADD TO WISHLIST -->\n\t\t\t\n<div class=\"yith-wcwl-add-button\">\n\t\t<a\n\t\thref=\"?add_to_wishlist=1178070&#038;_wpnonce=4d778bcb0f\"\n\t\tclass=\"add_to_wishlist single_add_to_wishlist\"\n\t\tdata-product-id=\"1178070\"\n\t\tdata-product-type=\"simple\"\n\t\tdata-original-product-id=\"1178070\"\n\t\tdata-title=\"Ajouter \u00e0 la liste de souhaits\"\n\t\trel=\"nofollow\"\n\t>\n\t\t<i class=\"yith-wcwl-icon fa fa-heart-o\"><\/i>\t\t<span>Ajouter \u00e0 la liste de souhaits<\/span>\n\t<\/a>\n<\/div>\n\n\t\t\t<!-- COUNT TEXT -->\n\t\t\t\n\t\t\t<\/div>\n        <\/div>\n    \n\t\t\n    <\/div><!--.product_thumbnail_wrapper-->\n\n    \n\t<h2 class=\"woocommerce-loop-product__title\">\n\t\t<a href=\"https:\/\/www.comoe-art.com\/index.php\/produit\/tissu-indigo-adire-et-teint-3\/\">Tissu indigo<\/a>\n\t<\/h2>\n\n\t\n        <div class=\"product_after_shop_loop\">\n        <div class=\"product_after_shop_loop_switcher\">\n    \n            \n\t<span class=\"price\"><span class=\"woocommerce-Price-amount amount\"><bdi>70.00<span class=\"woocommerce-Price-currencySymbol\">&euro;<\/span><\/bdi><\/span><\/span>\n<a href=\"?add-to-cart=1178070\" data-quantity=\"1\" class=\"button product_type_simple add_to_cart_button ajax_add_to_cart\" data-product_id=\"1178070\" data-product_sku=\"151-1\" aria-label=\"Ajouter au panier\u00a0: &ldquo;Tissu indigo&rdquo;\" aria-describedby=\"\" rel=\"nofollow\">Ajouter au panier<\/a>\n            <\/div>\n    <\/div>\n    \n\t\n<\/li>\n<li class=\"product type-product post-16870 status-publish instock product_cat-produit product_cat-textilles product_cat-tissu-indigo has-post-thumbnail shipping-taxable purchasable product-type-simple\">\n\n\t\n    <div class=\"product_thumbnail_wrapper \">\n\n\t\t<a href=\"https:\/\/www.comoe-art.com\/index.php\/produit\/tissu-indigo-adire-et-teint\/\" class=\"woocommerce-LoopProduct-link woocommerce-loop-product__link\">\n\n\t        <div class=\"product_thumbnail with_second_image\">\n\t            <img loading=\"lazy\" decoding=\"async\" width=\"350\" height=\"435\" src=\"https:\/\/www.comoe-art.com\/wp-content\/uploads\/2020\/10\/tissu153-min-350x435.jpg\" class=\"attachment-woocommerce_thumbnail size-woocommerce_thumbnail\" alt=\"\" \/>\t            \t            \t<span class=\"product_thumbnail_background\" style=\"background-image:url(https:\/\/www.comoe-art.com\/wp-content\/uploads\/2020\/10\/tissu153.1-min-350x435.jpg)\"><\/span>\n\t        \t\t        <\/div><!--.product_thumbnail-->\n\t\t<\/a>\n\n\t\t\t\t\t\t\t\n\t\t\n\t\t        <div class=\"product_thumbnail_icons\">\n            \n<div\n\tclass=\"yith-wcwl-add-to-wishlist add-to-wishlist-16870  wishlist-fragment on-first-load\"\n\tdata-fragment-ref=\"16870\"\n\tdata-fragment-options=\"{&quot;base_url&quot;:&quot;&quot;,&quot;in_default_wishlist&quot;:false,&quot;is_single&quot;:false,&quot;show_exists&quot;:false,&quot;product_id&quot;:16870,&quot;parent_product_id&quot;:16870,&quot;product_type&quot;:&quot;simple&quot;,&quot;show_view&quot;:false,&quot;browse_wishlist_text&quot;:&quot;Parcourir la liste de souhaits&quot;,&quot;already_in_wishslist_text&quot;:&quot;Le produit est d\\u00e9j\\u00e0 dans votre liste de souhaits!&quot;,&quot;product_added_text&quot;:&quot;Produit ajout\\u00e9 !&quot;,&quot;heading_icon&quot;:&quot;fa-heart-o&quot;,&quot;available_multi_wishlist&quot;:false,&quot;disable_wishlist&quot;:false,&quot;show_count&quot;:false,&quot;ajax_loading&quot;:false,&quot;loop_position&quot;:&quot;after_add_to_cart&quot;,&quot;item&quot;:&quot;add_to_wishlist&quot;}\"\n>\n\t\t\t\n\t\t\t<!-- ADD TO WISHLIST -->\n\t\t\t\n<div class=\"yith-wcwl-add-button\">\n\t\t<a\n\t\thref=\"?add_to_wishlist=16870&#038;_wpnonce=4d778bcb0f\"\n\t\tclass=\"add_to_wishlist single_add_to_wishlist\"\n\t\tdata-product-id=\"16870\"\n\t\tdata-product-type=\"simple\"\n\t\tdata-original-product-id=\"16870\"\n\t\tdata-title=\"Ajouter \u00e0 la liste de souhaits\"\n\t\trel=\"nofollow\"\n\t>\n\t\t<i class=\"yith-wcwl-icon fa fa-heart-o\"><\/i>\t\t<span>Ajouter \u00e0 la liste de souhaits<\/span>\n\t<\/a>\n<\/div>\n\n\t\t\t<!-- COUNT TEXT -->\n\t\t\t\n\t\t\t<\/div>\n        <\/div>\n    \n\t\t\n    <\/div><!--.product_thumbnail_wrapper-->\n\n    \n\t<h2 class=\"woocommerce-loop-product__title\">\n\t\t<a href=\"https:\/\/www.comoe-art.com\/index.php\/produit\/tissu-indigo-adire-et-teint\/\">Tissu indigo adire et teint<\/a>\n\t<\/h2>\n\n\t\n        <div class=\"product_after_shop_loop\">\n        <div class=\"product_after_shop_loop_switcher\">\n    \n            \n\t<span class=\"price\"><span class=\"woocommerce-Price-amount amount\"><bdi>60.00<span class=\"woocommerce-Price-currencySymbol\">&euro;<\/span><\/bdi><\/span><\/span>\n<a href=\"?add-to-cart=16870\" data-quantity=\"1\" class=\"button product_type_simple add_to_cart_button ajax_add_to_cart\" data-product_id=\"16870\" data-product_sku=\"153\" aria-label=\"Ajouter au panier\u00a0: &ldquo;Tissu indigo adire et teint&rdquo;\" aria-describedby=\"\" rel=\"nofollow\">Ajouter au panier<\/a>\n            <\/div>\n    <\/div>\n    \n\t\n<\/li>\n<li class=\"product type-product post-16934 status-publish instock product_cat-produit product_cat-textilles product_cat-tissu-indigo has-post-thumbnail shipping-taxable purchasable product-type-simple\">\n\n\t\n    <div class=\"product_thumbnail_wrapper \">\n\n\t\t<a href=\"https:\/\/www.comoe-art.com\/index.php\/produit\/tissu-indigo-adire-et-teint-2\/\" class=\"woocommerce-LoopProduct-link woocommerce-loop-product__link\">\n\n\t        <div class=\"product_thumbnail with_second_image\">\n\t            <img loading=\"lazy\" decoding=\"async\" width=\"350\" height=\"435\" src=\"https:\/\/www.comoe-art.com\/wp-content\/uploads\/2020\/10\/tissu151-min-350x435.jpg\" class=\"attachment-woocommerce_thumbnail size-woocommerce_thumbnail\" alt=\"\" \/>\t            \t            \t<span class=\"product_thumbnail_background\" style=\"background-image:url(https:\/\/www.comoe-art.com\/wp-content\/uploads\/2020\/10\/tissu151.1-min-350x435.jpg)\"><\/span>\n\t        \t\t        <\/div><!--.product_thumbnail-->\n\t\t<\/a>\n\n\t\t\t\t\t\t\t\n\t\t\n\t\t        <div class=\"product_thumbnail_icons\">\n            \n<div\n\tclass=\"yith-wcwl-add-to-wishlist add-to-wishlist-16934  wishlist-fragment on-first-load\"\n\tdata-fragment-ref=\"16934\"\n\tdata-fragment-options=\"{&quot;base_url&quot;:&quot;&quot;,&quot;in_default_wishlist&quot;:false,&quot;is_single&quot;:false,&quot;show_exists&quot;:false,&quot;product_id&quot;:16934,&quot;parent_product_id&quot;:16934,&quot;product_type&quot;:&quot;simple&quot;,&quot;show_view&quot;:false,&quot;browse_wishlist_text&quot;:&quot;Parcourir la liste de souhaits&quot;,&quot;already_in_wishslist_text&quot;:&quot;Le produit est d\\u00e9j\\u00e0 dans votre liste de souhaits!&quot;,&quot;product_added_text&quot;:&quot;Produit ajout\\u00e9 !&quot;,&quot;heading_icon&quot;:&quot;fa-heart-o&quot;,&quot;available_multi_wishlist&quot;:false,&quot;disable_wishlist&quot;:false,&quot;show_count&quot;:false,&quot;ajax_loading&quot;:false,&quot;loop_position&quot;:&quot;after_add_to_cart&quot;,&quot;item&quot;:&quot;add_to_wishlist&quot;}\"\n>\n\t\t\t\n\t\t\t<!-- ADD TO WISHLIST -->\n\t\t\t\n<div class=\"yith-wcwl-add-button\">\n\t\t<a\n\t\thref=\"?add_to_wishlist=16934&#038;_wpnonce=4d778bcb0f\"\n\t\tclass=\"add_to_wishlist single_add_to_wishlist\"\n\t\tdata-product-id=\"16934\"\n\t\tdata-product-type=\"simple\"\n\t\tdata-original-product-id=\"16934\"\n\t\tdata-title=\"Ajouter \u00e0 la liste de souhaits\"\n\t\trel=\"nofollow\"\n\t>\n\t\t<i class=\"yith-wcwl-icon fa fa-heart-o\"><\/i>\t\t<span>Ajouter \u00e0 la liste de souhaits<\/span>\n\t<\/a>\n<\/div>\n\n\t\t\t<!-- COUNT TEXT -->\n\t\t\t\n\t\t\t<\/div>\n        <\/div>\n    \n\t\t\n    <\/div><!--.product_thumbnail_wrapper-->\n\n    \n\t<h2 class=\"woocommerce-loop-product__title\">\n\t\t<a href=\"https:\/\/www.comoe-art.com\/index.php\/produit\/tissu-indigo-adire-et-teint-2\/\">Tissu indigo adire et teint<\/a>\n\t<\/h2>\n\n\t\n        <div class=\"product_after_shop_loop\">\n        <div class=\"product_after_shop_loop_switcher\">\n    \n            \n\t<span class=\"price\"><span class=\"woocommerce-Price-amount amount\"><bdi>60.00<span class=\"woocommerce-Price-currencySymbol\">&euro;<\/span><\/bdi><\/span><\/span>\n<a href=\"?add-to-cart=16934\" data-quantity=\"1\" class=\"button product_type_simple add_to_cart_button ajax_add_to_cart\" data-product_id=\"16934\" data-product_sku=\"151\" aria-label=\"Ajouter au panier\u00a0: &ldquo;Tissu indigo adire et teint&rdquo;\" aria-describedby=\"\" rel=\"nofollow\">Ajouter au panier<\/a>\n            <\/div>\n    <\/div>\n    \n\t\n<\/li>\n<\/ul>\n<\/div>[\/vc_column][\/vc_row]<\/p>\n","protected":false},"excerpt":{"rendered":"<p>[vc_row][vc_column][vc_column_text] Tissu indigo teint suivant une technique ancestrale utilis\u00e9e au Burkina Faso. Belle d\u00e9coration africaine \u00e0 poser sur un canap\u00e9, pour recouvrir un fauteuil ou faire un dessus de lit. [\/vc_column_text][\/vc_column][\/vc_row][vc_row][vc_column][\/vc_column][\/vc_row]<\/p>\n","protected":false},"author":1,"featured_media":0,"parent":0,"menu_order":0,"comment_status":"closed","ping_status":"closed","template":"","meta":{"footnotes":""},"yoast_head":"<!-- This site is optimized with the Yoast SEO plugin v22.5 - https:\/\/yoast.com\/wordpress\/plugins\/seo\/ -->\n<title>Tissus indigo - Comoe-art<\/title>\n<meta name=\"robots\" content=\"index, follow, max-snippet:-1, max-image-preview:large, max-video-preview:-1\" \/>\n<link rel=\"canonical\" href=\"https:\/\/www.comoe-art.com\/index.php\/tissu-indigo\/\" \/>\n<meta property=\"og:locale\" content=\"fr_FR\" \/>\n<meta property=\"og:type\" content=\"article\" \/>\n<meta property=\"og:title\" content=\"Tissus indigo - Comoe-art\" \/>\n<meta property=\"og:description\" content=\"[vc_row][vc_column][vc_column_text] Tissu indigo teint suivant une technique ancestrale utilis\u00e9e au Burkina Faso. Belle d\u00e9coration africaine \u00e0 poser sur un canap\u00e9, pour recouvrir un fauteuil ou faire un dessus de lit. [\/vc_column_text][\/vc_column][\/vc_row][vc_row][vc_column][\/vc_column][\/vc_row]\" \/>\n<meta property=\"og:url\" content=\"https:\/\/www.comoe-art.com\/index.php\/tissu-indigo\/\" \/>\n<meta property=\"og:site_name\" content=\"Comoe-art\" \/>\n<meta property=\"article:modified_time\" content=\"2020-10-26T18:00:26+00:00\" \/>\n<meta name=\"twitter:card\" content=\"summary_large_image\" \/>\n<script type=\"application\/ld+json\" class=\"yoast-schema-graph\">{\"@context\":\"https:\/\/schema.org\",\"@graph\":[{\"@type\":\"WebPage\",\"@id\":\"https:\/\/www.comoe-art.com\/index.php\/tissu-indigo\/\",\"url\":\"https:\/\/www.comoe-art.com\/index.php\/tissu-indigo\/\",\"name\":\"Tissus indigo - Comoe-art\",\"isPartOf\":{\"@id\":\"https:\/\/www.comoe-art.com\/#website\"},\"datePublished\":\"2020-10-01T07:02:35+00:00\",\"dateModified\":\"2020-10-26T18:00:26+00:00\",\"breadcrumb\":{\"@id\":\"https:\/\/www.comoe-art.com\/index.php\/tissu-indigo\/#breadcrumb\"},\"inLanguage\":\"fr-FR\",\"potentialAction\":[{\"@type\":\"ReadAction\",\"target\":[\"https:\/\/www.comoe-art.com\/index.php\/tissu-indigo\/\"]}]},{\"@type\":\"BreadcrumbList\",\"@id\":\"https:\/\/www.comoe-art.com\/index.php\/tissu-indigo\/#breadcrumb\",\"itemListElement\":[{\"@type\":\"ListItem\",\"position\":1,\"name\":\"Accueil\",\"item\":\"https:\/\/www.comoe-art.com\/\"},{\"@type\":\"ListItem\",\"position\":2,\"name\":\"Tissus indigo\"}]},{\"@type\":\"WebSite\",\"@id\":\"https:\/\/www.comoe-art.com\/#website\",\"url\":\"https:\/\/www.comoe-art.com\/\",\"name\":\"Comoe-art\",\"description\":\"\",\"potentialAction\":[{\"@type\":\"SearchAction\",\"target\":{\"@type\":\"EntryPoint\",\"urlTemplate\":\"https:\/\/www.comoe-art.com\/?s={search_term_string}\"},\"query-input\":\"required name=search_term_string\"}],\"inLanguage\":\"fr-FR\"}]}<\/script>\n<!-- \/ Yoast SEO plugin. -->","yoast_head_json":{"title":"Tissus indigo - Comoe-art","robots":{"index":"index","follow":"follow","max-snippet":"max-snippet:-1","max-image-preview":"max-image-preview:large","max-video-preview":"max-video-preview:-1"},"canonical":"https:\/\/www.comoe-art.com\/index.php\/tissu-indigo\/","og_locale":"fr_FR","og_type":"article","og_title":"Tissus indigo - Comoe-art","og_description":"[vc_row][vc_column][vc_column_text] Tissu indigo teint suivant une technique ancestrale utilis\u00e9e au Burkina Faso. Belle d\u00e9coration africaine \u00e0 poser sur un canap\u00e9, pour recouvrir un fauteuil ou faire un dessus de lit. [\/vc_column_text][\/vc_column][\/vc_row][vc_row][vc_column][\/vc_column][\/vc_row]","og_url":"https:\/\/www.comoe-art.com\/index.php\/tissu-indigo\/","og_site_name":"Comoe-art","article_modified_time":"2020-10-26T18:00:26+00:00","twitter_card":"summary_large_image","schema":{"@context":"https:\/\/schema.org","@graph":[{"@type":"WebPage","@id":"https:\/\/www.comoe-art.com\/index.php\/tissu-indigo\/","url":"https:\/\/www.comoe-art.com\/index.php\/tissu-indigo\/","name":"Tissus indigo - Comoe-art","isPartOf":{"@id":"https:\/\/www.comoe-art.com\/#website"},"datePublished":"2020-10-01T07:02:35+00:00","dateModified":"2020-10-26T18:00:26+00:00","breadcrumb":{"@id":"https:\/\/www.comoe-art.com\/index.php\/tissu-indigo\/#breadcrumb"},"inLanguage":"fr-FR","potentialAction":[{"@type":"ReadAction","target":["https:\/\/www.comoe-art.com\/index.php\/tissu-indigo\/"]}]},{"@type":"BreadcrumbList","@id":"https:\/\/www.comoe-art.com\/index.php\/tissu-indigo\/#breadcrumb","itemListElement":[{"@type":"ListItem","position":1,"name":"Accueil","item":"https:\/\/www.comoe-art.com\/"},{"@type":"ListItem","position":2,"name":"Tissus indigo"}]},{"@type":"WebSite","@id":"https:\/\/www.comoe-art.com\/#website","url":"https:\/\/www.comoe-art.com\/","name":"Comoe-art","description":"","potentialAction":[{"@type":"SearchAction","target":{"@type":"EntryPoint","urlTemplate":"https:\/\/www.comoe-art.com\/?s={search_term_string}"},"query-input":"required name=search_term_string"}],"inLanguage":"fr-FR"}]}},"_links":{"self":[{"href":"https:\/\/www.comoe-art.com\/index.php\/wp-json\/wp\/v2\/pages\/8518"}],"collection":[{"href":"https:\/\/www.comoe-art.com\/index.php\/wp-json\/wp\/v2\/pages"}],"about":[{"href":"https:\/\/www.comoe-art.com\/index.php\/wp-json\/wp\/v2\/types\/page"}],"author":[{"embeddable":true,"href":"https:\/\/www.comoe-art.com\/index.php\/wp-json\/wp\/v2\/users\/1"}],"replies":[{"embeddable":true,"href":"https:\/\/www.comoe-art.com\/index.php\/wp-json\/wp\/v2\/comments?post=8518"}],"version-history":[{"count":5,"href":"https:\/\/www.comoe-art.com\/index.php\/wp-json\/wp\/v2\/pages\/8518\/revisions"}],"predecessor-version":[{"id":20541,"href":"https:\/\/www.comoe-art.com\/index.php\/wp-json\/wp\/v2\/pages\/8518\/revisions\/20541"}],"wp:attachment":[{"href":"https:\/\/www.comoe-art.com\/index.php\/wp-json\/wp\/v2\/media?parent=8518"}],"curies":[{"name":"wp","href":"https:\/\/api.w.org\/{rel}","templated":true}]}}