{"id":1172476,"date":"2023-07-14T16:43:20","date_gmt":"2023-07-14T14:43:20","guid":{"rendered":"http:\/\/www.comoe-art.com\/?post_type=product&#038;p=1172476"},"modified":"2025-04-26T10:21:54","modified_gmt":"2025-04-26T08:21:54","slug":"corbeille-a-fruit-4","status":"publish","type":"product","link":"https:\/\/www.comoe-art.com\/index.php\/produit\/corbeille-a-fruit-4\/","title":{"rendered":"Corbeille \u00e0 fruit"},"content":{"rendered":"<p><span id=\"p0\">Vous ne savez pas o\u00f9 ranger vos fruits et l\u00e9gumes ?<\/span><span id=\"p1\"><\/span><\/p>\n<p><span id=\"p2\"><span id=\"12\" class=\"s-rg\">Comoe<\/span> Art vous propose des corbeilles, color\u00e9, chic et moderne.<\/span><span id=\"p3\"><\/span><\/p>\n<p><span id=\"p20\">Tiss\u00e9es \u00e0 la main \u00e0 partir d&#8217;herbe naturelle, nos corbeilles \u00e0 fruits et l\u00e9gumes apporteront une touche subtile de couleur \u00e0 votre int\u00e9rieur.<\/span><span id=\"p5\"><\/span><\/p>\n<p><span id=\"p25\">Diam\u00e8tre environ 35 cm<\/span><\/p>\n<p><span id=\"p24\">Couleur :<\/span><span id=\"p21\"> multicolore<\/span><\/p>\n<p><span id=\"p23\">Mati\u00e8re :<\/span><span id=\"p22\"> mati\u00e8res Bio, Fibre<\/span><\/p>\n","protected":false},"excerpt":{"rendered":"<p>Corbeille \u00e0 fruits et l\u00e9gumes multicolore tiss\u00e9s \u00e0 la main \u00e0 partir d&#8217;herbe naturelle.<\/p>\n","protected":false},"featured_media":1172368,"comment_status":"open","ping_status":"closed","template":"","meta":[],"product_cat":[71,79,102],"product_tag":[],"yoast_head":"<!-- This site is optimized with the Yoast SEO plugin v22.5 - https:\/\/yoast.com\/wordpress\/plugins\/seo\/ -->\n<title>Corbeille \u00e0 fruit - Comoe-art<\/title>\n<meta name=\"robots\" content=\"index, follow, max-snippet:-1, max-image-preview:large, max-video-preview:-1\" \/>\n<link rel=\"canonical\" href=\"https:\/\/www.comoe-art.com\/index.php\/produit\/corbeille-a-fruit-4\/\" \/>\n<meta property=\"og:locale\" content=\"fr_FR\" \/>\n<meta property=\"og:type\" content=\"article\" \/>\n<meta property=\"og:title\" content=\"Corbeille \u00e0 fruit - Comoe-art\" \/>\n<meta property=\"og:description\" content=\"Corbeille \u00e0 fruits et l\u00e9gumes multicolore tiss\u00e9s \u00e0 la main \u00e0 partir d&#039;herbe naturelle.\" \/>\n<meta property=\"og:url\" content=\"https:\/\/www.comoe-art.com\/index.php\/produit\/corbeille-a-fruit-4\/\" \/>\n<meta property=\"og:site_name\" content=\"Comoe-art\" \/>\n<meta property=\"article:modified_time\" content=\"2025-04-26T08:21:54+00:00\" \/>\n<meta property=\"og:image\" content=\"https:\/\/www.comoe-art.com\/wp-content\/uploads\/2020\/10\/P1366597.jpg\" \/>\n\t<meta property=\"og:image:width\" content=\"2048\" \/>\n\t<meta property=\"og:image:height\" content=\"1638\" \/>\n\t<meta property=\"og:image:type\" content=\"image\/jpeg\" \/>\n<meta name=\"twitter:card\" content=\"summary_large_image\" \/>\n<script type=\"application\/ld+json\" class=\"yoast-schema-graph\">{\"@context\":\"https:\/\/schema.org\",\"@graph\":[{\"@type\":\"WebPage\",\"@id\":\"https:\/\/www.comoe-art.com\/index.php\/produit\/corbeille-a-fruit-4\/\",\"url\":\"https:\/\/www.comoe-art.com\/index.php\/produit\/corbeille-a-fruit-4\/\",\"name\":\"Corbeille \u00e0 fruit - Comoe-art\",\"isPartOf\":{\"@id\":\"https:\/\/www.comoe-art.com\/#website\"},\"primaryImageOfPage\":{\"@id\":\"https:\/\/www.comoe-art.com\/index.php\/produit\/corbeille-a-fruit-4\/#primaryimage\"},\"image\":{\"@id\":\"https:\/\/www.comoe-art.com\/index.php\/produit\/corbeille-a-fruit-4\/#primaryimage\"},\"thumbnailUrl\":\"https:\/\/www.comoe-art.com\/wp-content\/uploads\/2020\/10\/P1366597.jpg\",\"datePublished\":\"2023-07-14T14:43:20+00:00\",\"dateModified\":\"2025-04-26T08:21:54+00:00\",\"breadcrumb\":{\"@id\":\"https:\/\/www.comoe-art.com\/index.php\/produit\/corbeille-a-fruit-4\/#breadcrumb\"},\"inLanguage\":\"fr-FR\",\"potentialAction\":[{\"@type\":\"ReadAction\",\"target\":[\"https:\/\/www.comoe-art.com\/index.php\/produit\/corbeille-a-fruit-4\/\"]}]},{\"@type\":\"ImageObject\",\"inLanguage\":\"fr-FR\",\"@id\":\"https:\/\/www.comoe-art.com\/index.php\/produit\/corbeille-a-fruit-4\/#primaryimage\",\"url\":\"https:\/\/www.comoe-art.com\/wp-content\/uploads\/2020\/10\/P1366597.jpg\",\"contentUrl\":\"https:\/\/www.comoe-art.com\/wp-content\/uploads\/2020\/10\/P1366597.jpg\",\"width\":2048,\"height\":1638},{\"@type\":\"BreadcrumbList\",\"@id\":\"https:\/\/www.comoe-art.com\/index.php\/produit\/corbeille-a-fruit-4\/#breadcrumb\",\"itemListElement\":[{\"@type\":\"ListItem\",\"position\":1,\"name\":\"Accueil\",\"item\":\"https:\/\/www.comoe-art.com\/\"},{\"@type\":\"ListItem\",\"position\":2,\"name\":\"The Shop\",\"item\":\"https:\/\/www.comoe-art.com\/index.php\/shop\/\"},{\"@type\":\"ListItem\",\"position\":3,\"name\":\"Corbeille \u00e0 fruit\"}]},{\"@type\":\"WebSite\",\"@id\":\"https:\/\/www.comoe-art.com\/#website\",\"url\":\"https:\/\/www.comoe-art.com\/\",\"name\":\"Comoe-art\",\"description\":\"\",\"potentialAction\":[{\"@type\":\"SearchAction\",\"target\":{\"@type\":\"EntryPoint\",\"urlTemplate\":\"https:\/\/www.comoe-art.com\/?s={search_term_string}\"},\"query-input\":\"required name=search_term_string\"}],\"inLanguage\":\"fr-FR\"}]}<\/script>\n<!-- \/ Yoast SEO plugin. -->","yoast_head_json":{"title":"Corbeille \u00e0 fruit - Comoe-art","robots":{"index":"index","follow":"follow","max-snippet":"max-snippet:-1","max-image-preview":"max-image-preview:large","max-video-preview":"max-video-preview:-1"},"canonical":"https:\/\/www.comoe-art.com\/index.php\/produit\/corbeille-a-fruit-4\/","og_locale":"fr_FR","og_type":"article","og_title":"Corbeille \u00e0 fruit - Comoe-art","og_description":"Corbeille \u00e0 fruits et l\u00e9gumes multicolore tiss\u00e9s \u00e0 la main \u00e0 partir d'herbe naturelle.","og_url":"https:\/\/www.comoe-art.com\/index.php\/produit\/corbeille-a-fruit-4\/","og_site_name":"Comoe-art","article_modified_time":"2025-04-26T08:21:54+00:00","og_image":[{"width":2048,"height":1638,"url":"https:\/\/www.comoe-art.com\/wp-content\/uploads\/2020\/10\/P1366597.jpg","type":"image\/jpeg"}],"twitter_card":"summary_large_image","schema":{"@context":"https:\/\/schema.org","@graph":[{"@type":"WebPage","@id":"https:\/\/www.comoe-art.com\/index.php\/produit\/corbeille-a-fruit-4\/","url":"https:\/\/www.comoe-art.com\/index.php\/produit\/corbeille-a-fruit-4\/","name":"Corbeille \u00e0 fruit - Comoe-art","isPartOf":{"@id":"https:\/\/www.comoe-art.com\/#website"},"primaryImageOfPage":{"@id":"https:\/\/www.comoe-art.com\/index.php\/produit\/corbeille-a-fruit-4\/#primaryimage"},"image":{"@id":"https:\/\/www.comoe-art.com\/index.php\/produit\/corbeille-a-fruit-4\/#primaryimage"},"thumbnailUrl":"https:\/\/www.comoe-art.com\/wp-content\/uploads\/2020\/10\/P1366597.jpg","datePublished":"2023-07-14T14:43:20+00:00","dateModified":"2025-04-26T08:21:54+00:00","breadcrumb":{"@id":"https:\/\/www.comoe-art.com\/index.php\/produit\/corbeille-a-fruit-4\/#breadcrumb"},"inLanguage":"fr-FR","potentialAction":[{"@type":"ReadAction","target":["https:\/\/www.comoe-art.com\/index.php\/produit\/corbeille-a-fruit-4\/"]}]},{"@type":"ImageObject","inLanguage":"fr-FR","@id":"https:\/\/www.comoe-art.com\/index.php\/produit\/corbeille-a-fruit-4\/#primaryimage","url":"https:\/\/www.comoe-art.com\/wp-content\/uploads\/2020\/10\/P1366597.jpg","contentUrl":"https:\/\/www.comoe-art.com\/wp-content\/uploads\/2020\/10\/P1366597.jpg","width":2048,"height":1638},{"@type":"BreadcrumbList","@id":"https:\/\/www.comoe-art.com\/index.php\/produit\/corbeille-a-fruit-4\/#breadcrumb","itemListElement":[{"@type":"ListItem","position":1,"name":"Accueil","item":"https:\/\/www.comoe-art.com\/"},{"@type":"ListItem","position":2,"name":"The Shop","item":"https:\/\/www.comoe-art.com\/index.php\/shop\/"},{"@type":"ListItem","position":3,"name":"Corbeille \u00e0 fruit"}]},{"@type":"WebSite","@id":"https:\/\/www.comoe-art.com\/#website","url":"https:\/\/www.comoe-art.com\/","name":"Comoe-art","description":"","potentialAction":[{"@type":"SearchAction","target":{"@type":"EntryPoint","urlTemplate":"https:\/\/www.comoe-art.com\/?s={search_term_string}"},"query-input":"required name=search_term_string"}],"inLanguage":"fr-FR"}]}},"_links":{"self":[{"href":"https:\/\/www.comoe-art.com\/index.php\/wp-json\/wp\/v2\/product\/1172476"}],"collection":[{"href":"https:\/\/www.comoe-art.com\/index.php\/wp-json\/wp\/v2\/product"}],"about":[{"href":"https:\/\/www.comoe-art.com\/index.php\/wp-json\/wp\/v2\/types\/product"}],"replies":[{"embeddable":true,"href":"https:\/\/www.comoe-art.com\/index.php\/wp-json\/wp\/v2\/comments?post=1172476"}],"wp:featuredmedia":[{"embeddable":true,"href":"https:\/\/www.comoe-art.com\/index.php\/wp-json\/wp\/v2\/media\/1172368"}],"wp:attachment":[{"href":"https:\/\/www.comoe-art.com\/index.php\/wp-json\/wp\/v2\/media?parent=1172476"}],"wp:term":[{"taxonomy":"product_cat","embeddable":true,"href":"https:\/\/www.comoe-art.com\/index.php\/wp-json\/wp\/v2\/product_cat?post=1172476"},{"taxonomy":"product_tag","embeddable":true,"href":"https:\/\/www.comoe-art.com\/index.php\/wp-json\/wp\/v2\/product_tag?post=1172476"}],"curies":[{"name":"wp","href":"https:\/\/api.w.org\/{rel}","templated":true}]}}