{"id":1174106,"date":"2023-07-15T00:34:26","date_gmt":"2023-07-14T22:34:26","guid":{"rendered":"http:\/\/www.comoe-art.com\/?post_type=product&#038;p=1174106"},"modified":"2023-10-18T15:17:36","modified_gmt":"2023-10-18T13:17:36","slug":"panier-pot-bolga-3","status":"publish","type":"product","link":"https:\/\/www.comoe-art.com\/index.php\/produit\/panier-pot-bolga-3\/","title":{"rendered":"Panier Pot Bolga"},"content":{"rendered":"<p>Magnifique Panier Bolga tress\u00e9 \u00e0 la main par les femmes de la ville de Bolgatanga.<\/p>\n<p>Situ\u00e9e au nord du Ghana, Bolgatanga est r\u00e9put\u00e9e pour\u00a0ses produits de cuir, mais \u00e9galement pour son artisanat typique du peuple \u00a0Fra-Fra.<\/p>\n<p>Ce panier est fait \u00e0 partir de produits traditionnels (herbe \u00e9l\u00e9phant) . Les poign\u00e9es sont en cuire solide et durable.<\/p>\n<p>Toutes les mati\u00e8res premi\u00e8res sont sourc\u00e9es localement et biod\u00e9gradable.<\/p>\n<p>Ce panier est artisanale fait \u00e0 la main les dimensions peuvent \u00eatre diff\u00e9rentes varier d&#8217;un panier \u00e0 l&#8217;autre<\/p>\n<p>Fiche technique<br \/>\n&#8211; Hauteur 40 cm environ<br \/>\n&#8211; Diam\u00e8tre 30\/40 cm environ<\/p>\n<p>Conseil d&#8217;utilisation<br \/>\nPour rendre sa forme initiale au panier, il suffit de l\u2019humidifier et d\u2019ensuite le remodeler.<\/p>\n","protected":false},"excerpt":{"rendered":"<p>Magnifique Panier Bolga tress\u00e9 \u00e0 la main par les femmes de la ville de Bolgatanga.<\/p>\n","protected":false},"featured_media":1173924,"comment_status":"open","ping_status":"closed","template":"","meta":[],"product_cat":[76,70,102],"product_tag":[],"yoast_head":"<!-- This site is optimized with the Yoast SEO plugin v22.5 - https:\/\/yoast.com\/wordpress\/plugins\/seo\/ -->\n<title>Panier Pot Bolga - Comoe-art<\/title>\n<meta name=\"robots\" content=\"index, follow, max-snippet:-1, max-image-preview:large, max-video-preview:-1\" \/>\n<link rel=\"canonical\" href=\"https:\/\/www.comoe-art.com\/index.php\/produit\/panier-pot-bolga-3\/\" \/>\n<meta property=\"og:locale\" content=\"fr_FR\" \/>\n<meta property=\"og:type\" content=\"article\" \/>\n<meta property=\"og:title\" content=\"Panier Pot Bolga - Comoe-art\" \/>\n<meta property=\"og:description\" content=\"Magnifique Panier Bolga tress\u00e9 \u00e0 la main par les femmes de la ville de Bolgatanga.\" \/>\n<meta property=\"og:url\" content=\"https:\/\/www.comoe-art.com\/index.php\/produit\/panier-pot-bolga-3\/\" \/>\n<meta property=\"og:site_name\" content=\"Comoe-art\" \/>\n<meta property=\"article:modified_time\" content=\"2023-10-18T13:17:36+00:00\" \/>\n<meta property=\"og:image\" content=\"https:\/\/www.comoe-art.com\/wp-content\/uploads\/2020\/09\/P1366710.jpg\" \/>\n\t<meta property=\"og:image:width\" content=\"1638\" \/>\n\t<meta property=\"og:image:height\" content=\"2048\" \/>\n\t<meta property=\"og:image:type\" content=\"image\/jpeg\" \/>\n<meta name=\"twitter:card\" content=\"summary_large_image\" \/>\n<meta name=\"twitter:label1\" content=\"Dur\u00e9e de lecture estim\u00e9e\" \/>\n\t<meta name=\"twitter:data1\" content=\"1 minute\" \/>\n<script type=\"application\/ld+json\" class=\"yoast-schema-graph\">{\"@context\":\"https:\/\/schema.org\",\"@graph\":[{\"@type\":\"WebPage\",\"@id\":\"https:\/\/www.comoe-art.com\/index.php\/produit\/panier-pot-bolga-3\/\",\"url\":\"https:\/\/www.comoe-art.com\/index.php\/produit\/panier-pot-bolga-3\/\",\"name\":\"Panier Pot Bolga - Comoe-art\",\"isPartOf\":{\"@id\":\"https:\/\/www.comoe-art.com\/#website\"},\"primaryImageOfPage\":{\"@id\":\"https:\/\/www.comoe-art.com\/index.php\/produit\/panier-pot-bolga-3\/#primaryimage\"},\"image\":{\"@id\":\"https:\/\/www.comoe-art.com\/index.php\/produit\/panier-pot-bolga-3\/#primaryimage\"},\"thumbnailUrl\":\"https:\/\/www.comoe-art.com\/wp-content\/uploads\/2020\/09\/P1366710.jpg\",\"datePublished\":\"2023-07-14T22:34:26+00:00\",\"dateModified\":\"2023-10-18T13:17:36+00:00\",\"breadcrumb\":{\"@id\":\"https:\/\/www.comoe-art.com\/index.php\/produit\/panier-pot-bolga-3\/#breadcrumb\"},\"inLanguage\":\"fr-FR\",\"potentialAction\":[{\"@type\":\"ReadAction\",\"target\":[\"https:\/\/www.comoe-art.com\/index.php\/produit\/panier-pot-bolga-3\/\"]}]},{\"@type\":\"ImageObject\",\"inLanguage\":\"fr-FR\",\"@id\":\"https:\/\/www.comoe-art.com\/index.php\/produit\/panier-pot-bolga-3\/#primaryimage\",\"url\":\"https:\/\/www.comoe-art.com\/wp-content\/uploads\/2020\/09\/P1366710.jpg\",\"contentUrl\":\"https:\/\/www.comoe-art.com\/wp-content\/uploads\/2020\/09\/P1366710.jpg\",\"width\":1638,\"height\":2048},{\"@type\":\"BreadcrumbList\",\"@id\":\"https:\/\/www.comoe-art.com\/index.php\/produit\/panier-pot-bolga-3\/#breadcrumb\",\"itemListElement\":[{\"@type\":\"ListItem\",\"position\":1,\"name\":\"Accueil\",\"item\":\"https:\/\/www.comoe-art.com\/\"},{\"@type\":\"ListItem\",\"position\":2,\"name\":\"The Shop\",\"item\":\"https:\/\/www.comoe-art.com\/index.php\/shop\/\"},{\"@type\":\"ListItem\",\"position\":3,\"name\":\"Panier Pot Bolga\"}]},{\"@type\":\"WebSite\",\"@id\":\"https:\/\/www.comoe-art.com\/#website\",\"url\":\"https:\/\/www.comoe-art.com\/\",\"name\":\"Comoe-art\",\"description\":\"\",\"potentialAction\":[{\"@type\":\"SearchAction\",\"target\":{\"@type\":\"EntryPoint\",\"urlTemplate\":\"https:\/\/www.comoe-art.com\/?s={search_term_string}\"},\"query-input\":\"required name=search_term_string\"}],\"inLanguage\":\"fr-FR\"}]}<\/script>\n<!-- \/ Yoast SEO plugin. -->","yoast_head_json":{"title":"Panier Pot Bolga - Comoe-art","robots":{"index":"index","follow":"follow","max-snippet":"max-snippet:-1","max-image-preview":"max-image-preview:large","max-video-preview":"max-video-preview:-1"},"canonical":"https:\/\/www.comoe-art.com\/index.php\/produit\/panier-pot-bolga-3\/","og_locale":"fr_FR","og_type":"article","og_title":"Panier Pot Bolga - Comoe-art","og_description":"Magnifique Panier Bolga tress\u00e9 \u00e0 la main par les femmes de la ville de Bolgatanga.","og_url":"https:\/\/www.comoe-art.com\/index.php\/produit\/panier-pot-bolga-3\/","og_site_name":"Comoe-art","article_modified_time":"2023-10-18T13:17:36+00:00","og_image":[{"width":1638,"height":2048,"url":"https:\/\/www.comoe-art.com\/wp-content\/uploads\/2020\/09\/P1366710.jpg","type":"image\/jpeg"}],"twitter_card":"summary_large_image","twitter_misc":{"Dur\u00e9e de lecture estim\u00e9e":"1 minute"},"schema":{"@context":"https:\/\/schema.org","@graph":[{"@type":"WebPage","@id":"https:\/\/www.comoe-art.com\/index.php\/produit\/panier-pot-bolga-3\/","url":"https:\/\/www.comoe-art.com\/index.php\/produit\/panier-pot-bolga-3\/","name":"Panier Pot Bolga - Comoe-art","isPartOf":{"@id":"https:\/\/www.comoe-art.com\/#website"},"primaryImageOfPage":{"@id":"https:\/\/www.comoe-art.com\/index.php\/produit\/panier-pot-bolga-3\/#primaryimage"},"image":{"@id":"https:\/\/www.comoe-art.com\/index.php\/produit\/panier-pot-bolga-3\/#primaryimage"},"thumbnailUrl":"https:\/\/www.comoe-art.com\/wp-content\/uploads\/2020\/09\/P1366710.jpg","datePublished":"2023-07-14T22:34:26+00:00","dateModified":"2023-10-18T13:17:36+00:00","breadcrumb":{"@id":"https:\/\/www.comoe-art.com\/index.php\/produit\/panier-pot-bolga-3\/#breadcrumb"},"inLanguage":"fr-FR","potentialAction":[{"@type":"ReadAction","target":["https:\/\/www.comoe-art.com\/index.php\/produit\/panier-pot-bolga-3\/"]}]},{"@type":"ImageObject","inLanguage":"fr-FR","@id":"https:\/\/www.comoe-art.com\/index.php\/produit\/panier-pot-bolga-3\/#primaryimage","url":"https:\/\/www.comoe-art.com\/wp-content\/uploads\/2020\/09\/P1366710.jpg","contentUrl":"https:\/\/www.comoe-art.com\/wp-content\/uploads\/2020\/09\/P1366710.jpg","width":1638,"height":2048},{"@type":"BreadcrumbList","@id":"https:\/\/www.comoe-art.com\/index.php\/produit\/panier-pot-bolga-3\/#breadcrumb","itemListElement":[{"@type":"ListItem","position":1,"name":"Accueil","item":"https:\/\/www.comoe-art.com\/"},{"@type":"ListItem","position":2,"name":"The Shop","item":"https:\/\/www.comoe-art.com\/index.php\/shop\/"},{"@type":"ListItem","position":3,"name":"Panier Pot Bolga"}]},{"@type":"WebSite","@id":"https:\/\/www.comoe-art.com\/#website","url":"https:\/\/www.comoe-art.com\/","name":"Comoe-art","description":"","potentialAction":[{"@type":"SearchAction","target":{"@type":"EntryPoint","urlTemplate":"https:\/\/www.comoe-art.com\/?s={search_term_string}"},"query-input":"required name=search_term_string"}],"inLanguage":"fr-FR"}]}},"_links":{"self":[{"href":"https:\/\/www.comoe-art.com\/index.php\/wp-json\/wp\/v2\/product\/1174106"}],"collection":[{"href":"https:\/\/www.comoe-art.com\/index.php\/wp-json\/wp\/v2\/product"}],"about":[{"href":"https:\/\/www.comoe-art.com\/index.php\/wp-json\/wp\/v2\/types\/product"}],"replies":[{"embeddable":true,"href":"https:\/\/www.comoe-art.com\/index.php\/wp-json\/wp\/v2\/comments?post=1174106"}],"wp:featuredmedia":[{"embeddable":true,"href":"https:\/\/www.comoe-art.com\/index.php\/wp-json\/wp\/v2\/media\/1173924"}],"wp:attachment":[{"href":"https:\/\/www.comoe-art.com\/index.php\/wp-json\/wp\/v2\/media?parent=1174106"}],"wp:term":[{"taxonomy":"product_cat","embeddable":true,"href":"https:\/\/www.comoe-art.com\/index.php\/wp-json\/wp\/v2\/product_cat?post=1174106"},{"taxonomy":"product_tag","embeddable":true,"href":"https:\/\/www.comoe-art.com\/index.php\/wp-json\/wp\/v2\/product_tag?post=1174106"}],"curies":[{"name":"wp","href":"https:\/\/api.w.org\/{rel}","templated":true}]}}