{"id":1179426,"date":"2023-07-16T18:00:49","date_gmt":"2023-07-16T16:00:49","guid":{"rendered":"http:\/\/www.comoe-art.com\/?post_type=product&#038;p=1179426"},"modified":"2023-10-18T15:12:22","modified_gmt":"2023-10-18T13:12:22","slug":"peigne-afro-12","status":"publish","type":"product","link":"https:\/\/www.comoe-art.com\/index.php\/produit\/peigne-afro-12\/","title":{"rendered":"Peigne Afro"},"content":{"rendered":"<p>Peigne Africain en bois, id\u00e9al pour cheveux boucl\u00e9s, fris\u00e9s et cr\u00e9pus.<\/p>\n<p>Mati\u00e8re :<\/p>\n<p>&#8211; Bois d&#8217;\u00e9b\u00e8ne<br \/>\n&#8211; Fait main<\/p>\n<p>Couleur : Marron<\/p>\n<p><em><strong>Plusieurs motifs aux choix<\/strong><\/em><\/p>\n","protected":false},"excerpt":{"rendered":"<p>Peigne Afro en bois d&#8217;\u00e9b\u00e8ne sculpter en main, id\u00e9al pour les cheveux boucl\u00e9s, fris\u00e9s, et cr\u00e9pus.<\/p>\n","protected":false},"featured_media":1179237,"comment_status":"open","ping_status":"closed","template":"","meta":[],"product_cat":[71,106],"product_tag":[],"yoast_head":"<!-- This site is optimized with the Yoast SEO plugin v22.5 - https:\/\/yoast.com\/wordpress\/plugins\/seo\/ -->\n<title>Peigne Afro - Comoe-art<\/title>\n<meta name=\"robots\" content=\"index, follow, max-snippet:-1, max-image-preview:large, max-video-preview:-1\" \/>\n<link rel=\"canonical\" href=\"https:\/\/www.comoe-art.com\/index.php\/produit\/peigne-afro-12\/\" \/>\n<meta property=\"og:locale\" content=\"fr_FR\" \/>\n<meta property=\"og:type\" content=\"article\" \/>\n<meta property=\"og:title\" content=\"Peigne Afro - Comoe-art\" \/>\n<meta property=\"og:description\" content=\"Peigne Afro en bois d&#039;\u00e9b\u00e8ne sculpter en main, id\u00e9al pour les cheveux boucl\u00e9s, fris\u00e9s, et cr\u00e9pus.\" \/>\n<meta property=\"og:url\" content=\"https:\/\/www.comoe-art.com\/index.php\/produit\/peigne-afro-12\/\" \/>\n<meta property=\"og:site_name\" content=\"Comoe-art\" \/>\n<meta property=\"article:modified_time\" content=\"2023-10-18T13:12:22+00:00\" \/>\n<meta property=\"og:image\" content=\"https:\/\/www.comoe-art.com\/wp-content\/uploads\/2020\/11\/P1340607.jpg\" \/>\n\t<meta property=\"og:image:width\" content=\"1638\" \/>\n\t<meta property=\"og:image:height\" content=\"2048\" \/>\n\t<meta property=\"og:image:type\" content=\"image\/jpeg\" \/>\n<meta name=\"twitter:card\" content=\"summary_large_image\" \/>\n<script type=\"application\/ld+json\" class=\"yoast-schema-graph\">{\"@context\":\"https:\/\/schema.org\",\"@graph\":[{\"@type\":\"WebPage\",\"@id\":\"https:\/\/www.comoe-art.com\/index.php\/produit\/peigne-afro-12\/\",\"url\":\"https:\/\/www.comoe-art.com\/index.php\/produit\/peigne-afro-12\/\",\"name\":\"Peigne Afro - Comoe-art\",\"isPartOf\":{\"@id\":\"https:\/\/www.comoe-art.com\/#website\"},\"primaryImageOfPage\":{\"@id\":\"https:\/\/www.comoe-art.com\/index.php\/produit\/peigne-afro-12\/#primaryimage\"},\"image\":{\"@id\":\"https:\/\/www.comoe-art.com\/index.php\/produit\/peigne-afro-12\/#primaryimage\"},\"thumbnailUrl\":\"https:\/\/www.comoe-art.com\/wp-content\/uploads\/2020\/11\/P1340607.jpg\",\"datePublished\":\"2023-07-16T16:00:49+00:00\",\"dateModified\":\"2023-10-18T13:12:22+00:00\",\"breadcrumb\":{\"@id\":\"https:\/\/www.comoe-art.com\/index.php\/produit\/peigne-afro-12\/#breadcrumb\"},\"inLanguage\":\"fr-FR\",\"potentialAction\":[{\"@type\":\"ReadAction\",\"target\":[\"https:\/\/www.comoe-art.com\/index.php\/produit\/peigne-afro-12\/\"]}]},{\"@type\":\"ImageObject\",\"inLanguage\":\"fr-FR\",\"@id\":\"https:\/\/www.comoe-art.com\/index.php\/produit\/peigne-afro-12\/#primaryimage\",\"url\":\"https:\/\/www.comoe-art.com\/wp-content\/uploads\/2020\/11\/P1340607.jpg\",\"contentUrl\":\"https:\/\/www.comoe-art.com\/wp-content\/uploads\/2020\/11\/P1340607.jpg\",\"width\":1638,\"height\":2048},{\"@type\":\"BreadcrumbList\",\"@id\":\"https:\/\/www.comoe-art.com\/index.php\/produit\/peigne-afro-12\/#breadcrumb\",\"itemListElement\":[{\"@type\":\"ListItem\",\"position\":1,\"name\":\"Accueil\",\"item\":\"https:\/\/www.comoe-art.com\/\"},{\"@type\":\"ListItem\",\"position\":2,\"name\":\"The Shop\",\"item\":\"https:\/\/www.comoe-art.com\/index.php\/shop\/\"},{\"@type\":\"ListItem\",\"position\":3,\"name\":\"Peigne Afro\"}]},{\"@type\":\"WebSite\",\"@id\":\"https:\/\/www.comoe-art.com\/#website\",\"url\":\"https:\/\/www.comoe-art.com\/\",\"name\":\"Comoe-art\",\"description\":\"\",\"potentialAction\":[{\"@type\":\"SearchAction\",\"target\":{\"@type\":\"EntryPoint\",\"urlTemplate\":\"https:\/\/www.comoe-art.com\/?s={search_term_string}\"},\"query-input\":\"required name=search_term_string\"}],\"inLanguage\":\"fr-FR\"}]}<\/script>\n<!-- \/ Yoast SEO plugin. -->","yoast_head_json":{"title":"Peigne Afro - Comoe-art","robots":{"index":"index","follow":"follow","max-snippet":"max-snippet:-1","max-image-preview":"max-image-preview:large","max-video-preview":"max-video-preview:-1"},"canonical":"https:\/\/www.comoe-art.com\/index.php\/produit\/peigne-afro-12\/","og_locale":"fr_FR","og_type":"article","og_title":"Peigne Afro - Comoe-art","og_description":"Peigne Afro en bois d'\u00e9b\u00e8ne sculpter en main, id\u00e9al pour les cheveux boucl\u00e9s, fris\u00e9s, et cr\u00e9pus.","og_url":"https:\/\/www.comoe-art.com\/index.php\/produit\/peigne-afro-12\/","og_site_name":"Comoe-art","article_modified_time":"2023-10-18T13:12:22+00:00","og_image":[{"width":1638,"height":2048,"url":"https:\/\/www.comoe-art.com\/wp-content\/uploads\/2020\/11\/P1340607.jpg","type":"image\/jpeg"}],"twitter_card":"summary_large_image","schema":{"@context":"https:\/\/schema.org","@graph":[{"@type":"WebPage","@id":"https:\/\/www.comoe-art.com\/index.php\/produit\/peigne-afro-12\/","url":"https:\/\/www.comoe-art.com\/index.php\/produit\/peigne-afro-12\/","name":"Peigne Afro - Comoe-art","isPartOf":{"@id":"https:\/\/www.comoe-art.com\/#website"},"primaryImageOfPage":{"@id":"https:\/\/www.comoe-art.com\/index.php\/produit\/peigne-afro-12\/#primaryimage"},"image":{"@id":"https:\/\/www.comoe-art.com\/index.php\/produit\/peigne-afro-12\/#primaryimage"},"thumbnailUrl":"https:\/\/www.comoe-art.com\/wp-content\/uploads\/2020\/11\/P1340607.jpg","datePublished":"2023-07-16T16:00:49+00:00","dateModified":"2023-10-18T13:12:22+00:00","breadcrumb":{"@id":"https:\/\/www.comoe-art.com\/index.php\/produit\/peigne-afro-12\/#breadcrumb"},"inLanguage":"fr-FR","potentialAction":[{"@type":"ReadAction","target":["https:\/\/www.comoe-art.com\/index.php\/produit\/peigne-afro-12\/"]}]},{"@type":"ImageObject","inLanguage":"fr-FR","@id":"https:\/\/www.comoe-art.com\/index.php\/produit\/peigne-afro-12\/#primaryimage","url":"https:\/\/www.comoe-art.com\/wp-content\/uploads\/2020\/11\/P1340607.jpg","contentUrl":"https:\/\/www.comoe-art.com\/wp-content\/uploads\/2020\/11\/P1340607.jpg","width":1638,"height":2048},{"@type":"BreadcrumbList","@id":"https:\/\/www.comoe-art.com\/index.php\/produit\/peigne-afro-12\/#breadcrumb","itemListElement":[{"@type":"ListItem","position":1,"name":"Accueil","item":"https:\/\/www.comoe-art.com\/"},{"@type":"ListItem","position":2,"name":"The Shop","item":"https:\/\/www.comoe-art.com\/index.php\/shop\/"},{"@type":"ListItem","position":3,"name":"Peigne Afro"}]},{"@type":"WebSite","@id":"https:\/\/www.comoe-art.com\/#website","url":"https:\/\/www.comoe-art.com\/","name":"Comoe-art","description":"","potentialAction":[{"@type":"SearchAction","target":{"@type":"EntryPoint","urlTemplate":"https:\/\/www.comoe-art.com\/?s={search_term_string}"},"query-input":"required name=search_term_string"}],"inLanguage":"fr-FR"}]}},"_links":{"self":[{"href":"https:\/\/www.comoe-art.com\/index.php\/wp-json\/wp\/v2\/product\/1179426"}],"collection":[{"href":"https:\/\/www.comoe-art.com\/index.php\/wp-json\/wp\/v2\/product"}],"about":[{"href":"https:\/\/www.comoe-art.com\/index.php\/wp-json\/wp\/v2\/types\/product"}],"replies":[{"embeddable":true,"href":"https:\/\/www.comoe-art.com\/index.php\/wp-json\/wp\/v2\/comments?post=1179426"}],"wp:featuredmedia":[{"embeddable":true,"href":"https:\/\/www.comoe-art.com\/index.php\/wp-json\/wp\/v2\/media\/1179237"}],"wp:attachment":[{"href":"https:\/\/www.comoe-art.com\/index.php\/wp-json\/wp\/v2\/media?parent=1179426"}],"wp:term":[{"taxonomy":"product_cat","embeddable":true,"href":"https:\/\/www.comoe-art.com\/index.php\/wp-json\/wp\/v2\/product_cat?post=1179426"},{"taxonomy":"product_tag","embeddable":true,"href":"https:\/\/www.comoe-art.com\/index.php\/wp-json\/wp\/v2\/product_tag?post=1179426"}],"curies":[{"name":"wp","href":"https:\/\/api.w.org\/{rel}","templated":true}]}}