{"id":12293,"date":"2020-10-11T17:12:28","date_gmt":"2020-10-11T15:12:28","guid":{"rendered":"http:\/\/51.210.182.76\/wordpress\/?post_type=product&#038;p=12293"},"modified":"2023-10-18T15:29:01","modified_gmt":"2023-10-18T13:29:01","slug":"tissu-bogolan-blanc","status":"publish","type":"product","link":"https:\/\/www.comoe-art.com\/index.php\/produit\/tissu-bogolan-blanc\/","title":{"rendered":"Tissu Bogolan"},"content":{"rendered":"<p>Dimensions<br \/>\nLongueur 1m54<br \/>\nLargeur 95cm<\/p>\n","protected":false},"excerpt":{"rendered":"<p>Textiles bogolan 100% coton sont teints selon les techniques anciennes au Burkina Faso g\u00e9n\u00e9ralement utilis\u00e9 comme pagne on peut l&#8217;utiliser aussi sur le dos du canap\u00e9 ou sur un lit. Longueur 1m54, largeur 95cm.<\/p>\n","protected":false},"featured_media":16982,"comment_status":"open","ping_status":"closed","template":"","meta":[],"product_cat":[102,95,88],"product_tag":[],"yoast_head":"<!-- This site is optimized with the Yoast SEO plugin v22.5 - https:\/\/yoast.com\/wordpress\/plugins\/seo\/ -->\n<title>Tissu Bogolan - Comoe-art<\/title>\n<meta name=\"robots\" content=\"index, follow, max-snippet:-1, max-image-preview:large, max-video-preview:-1\" \/>\n<link rel=\"canonical\" href=\"https:\/\/www.comoe-art.com\/index.php\/produit\/tissu-bogolan-blanc\/\" \/>\n<meta property=\"og:locale\" content=\"fr_FR\" \/>\n<meta property=\"og:type\" content=\"article\" \/>\n<meta property=\"og:title\" content=\"Tissu Bogolan - Comoe-art\" \/>\n<meta property=\"og:description\" content=\"Textiles bogolan 100% coton sont teints selon les techniques anciennes au Burkina Faso g\u00e9n\u00e9ralement utilis\u00e9 comme pagne on peut l&#039;utiliser aussi sur le dos du canap\u00e9 ou sur un lit. Longueur 1m54, largeur 95cm.\" \/>\n<meta property=\"og:url\" content=\"https:\/\/www.comoe-art.com\/index.php\/produit\/tissu-bogolan-blanc\/\" \/>\n<meta property=\"og:site_name\" content=\"Comoe-art\" \/>\n<meta property=\"article:modified_time\" content=\"2023-10-18T13:29:01+00:00\" \/>\n<meta property=\"og:image\" content=\"https:\/\/www.comoe-art.com\/wp-content\/uploads\/2020\/10\/tissu159-min.jpg\" \/>\n\t<meta property=\"og:image:width\" content=\"1600\" \/>\n\t<meta property=\"og:image:height\" content=\"1154\" \/>\n\t<meta property=\"og:image:type\" content=\"image\/jpeg\" \/>\n<meta name=\"twitter:card\" content=\"summary_large_image\" \/>\n<script type=\"application\/ld+json\" class=\"yoast-schema-graph\">{\"@context\":\"https:\/\/schema.org\",\"@graph\":[{\"@type\":\"WebPage\",\"@id\":\"https:\/\/www.comoe-art.com\/index.php\/produit\/tissu-bogolan-blanc\/\",\"url\":\"https:\/\/www.comoe-art.com\/index.php\/produit\/tissu-bogolan-blanc\/\",\"name\":\"Tissu Bogolan - Comoe-art\",\"isPartOf\":{\"@id\":\"https:\/\/www.comoe-art.com\/#website\"},\"primaryImageOfPage\":{\"@id\":\"https:\/\/www.comoe-art.com\/index.php\/produit\/tissu-bogolan-blanc\/#primaryimage\"},\"image\":{\"@id\":\"https:\/\/www.comoe-art.com\/index.php\/produit\/tissu-bogolan-blanc\/#primaryimage\"},\"thumbnailUrl\":\"https:\/\/www.comoe-art.com\/wp-content\/uploads\/2020\/10\/tissu159-min.jpg\",\"datePublished\":\"2020-10-11T15:12:28+00:00\",\"dateModified\":\"2023-10-18T13:29:01+00:00\",\"breadcrumb\":{\"@id\":\"https:\/\/www.comoe-art.com\/index.php\/produit\/tissu-bogolan-blanc\/#breadcrumb\"},\"inLanguage\":\"fr-FR\",\"potentialAction\":[{\"@type\":\"ReadAction\",\"target\":[\"https:\/\/www.comoe-art.com\/index.php\/produit\/tissu-bogolan-blanc\/\"]}]},{\"@type\":\"ImageObject\",\"inLanguage\":\"fr-FR\",\"@id\":\"https:\/\/www.comoe-art.com\/index.php\/produit\/tissu-bogolan-blanc\/#primaryimage\",\"url\":\"https:\/\/www.comoe-art.com\/wp-content\/uploads\/2020\/10\/tissu159-min.jpg\",\"contentUrl\":\"https:\/\/www.comoe-art.com\/wp-content\/uploads\/2020\/10\/tissu159-min.jpg\",\"width\":1600,\"height\":1154},{\"@type\":\"BreadcrumbList\",\"@id\":\"https:\/\/www.comoe-art.com\/index.php\/produit\/tissu-bogolan-blanc\/#breadcrumb\",\"itemListElement\":[{\"@type\":\"ListItem\",\"position\":1,\"name\":\"Accueil\",\"item\":\"https:\/\/www.comoe-art.com\/\"},{\"@type\":\"ListItem\",\"position\":2,\"name\":\"The Shop\",\"item\":\"https:\/\/www.comoe-art.com\/index.php\/shop\/\"},{\"@type\":\"ListItem\",\"position\":3,\"name\":\"Tissu Bogolan\"}]},{\"@type\":\"WebSite\",\"@id\":\"https:\/\/www.comoe-art.com\/#website\",\"url\":\"https:\/\/www.comoe-art.com\/\",\"name\":\"Comoe-art\",\"description\":\"\",\"potentialAction\":[{\"@type\":\"SearchAction\",\"target\":{\"@type\":\"EntryPoint\",\"urlTemplate\":\"https:\/\/www.comoe-art.com\/?s={search_term_string}\"},\"query-input\":\"required name=search_term_string\"}],\"inLanguage\":\"fr-FR\"}]}<\/script>\n<!-- \/ Yoast SEO plugin. -->","yoast_head_json":{"title":"Tissu Bogolan - Comoe-art","robots":{"index":"index","follow":"follow","max-snippet":"max-snippet:-1","max-image-preview":"max-image-preview:large","max-video-preview":"max-video-preview:-1"},"canonical":"https:\/\/www.comoe-art.com\/index.php\/produit\/tissu-bogolan-blanc\/","og_locale":"fr_FR","og_type":"article","og_title":"Tissu Bogolan - Comoe-art","og_description":"Textiles bogolan 100% coton sont teints selon les techniques anciennes au Burkina Faso g\u00e9n\u00e9ralement utilis\u00e9 comme pagne on peut l'utiliser aussi sur le dos du canap\u00e9 ou sur un lit. Longueur 1m54, largeur 95cm.","og_url":"https:\/\/www.comoe-art.com\/index.php\/produit\/tissu-bogolan-blanc\/","og_site_name":"Comoe-art","article_modified_time":"2023-10-18T13:29:01+00:00","og_image":[{"width":1600,"height":1154,"url":"https:\/\/www.comoe-art.com\/wp-content\/uploads\/2020\/10\/tissu159-min.jpg","type":"image\/jpeg"}],"twitter_card":"summary_large_image","schema":{"@context":"https:\/\/schema.org","@graph":[{"@type":"WebPage","@id":"https:\/\/www.comoe-art.com\/index.php\/produit\/tissu-bogolan-blanc\/","url":"https:\/\/www.comoe-art.com\/index.php\/produit\/tissu-bogolan-blanc\/","name":"Tissu Bogolan - Comoe-art","isPartOf":{"@id":"https:\/\/www.comoe-art.com\/#website"},"primaryImageOfPage":{"@id":"https:\/\/www.comoe-art.com\/index.php\/produit\/tissu-bogolan-blanc\/#primaryimage"},"image":{"@id":"https:\/\/www.comoe-art.com\/index.php\/produit\/tissu-bogolan-blanc\/#primaryimage"},"thumbnailUrl":"https:\/\/www.comoe-art.com\/wp-content\/uploads\/2020\/10\/tissu159-min.jpg","datePublished":"2020-10-11T15:12:28+00:00","dateModified":"2023-10-18T13:29:01+00:00","breadcrumb":{"@id":"https:\/\/www.comoe-art.com\/index.php\/produit\/tissu-bogolan-blanc\/#breadcrumb"},"inLanguage":"fr-FR","potentialAction":[{"@type":"ReadAction","target":["https:\/\/www.comoe-art.com\/index.php\/produit\/tissu-bogolan-blanc\/"]}]},{"@type":"ImageObject","inLanguage":"fr-FR","@id":"https:\/\/www.comoe-art.com\/index.php\/produit\/tissu-bogolan-blanc\/#primaryimage","url":"https:\/\/www.comoe-art.com\/wp-content\/uploads\/2020\/10\/tissu159-min.jpg","contentUrl":"https:\/\/www.comoe-art.com\/wp-content\/uploads\/2020\/10\/tissu159-min.jpg","width":1600,"height":1154},{"@type":"BreadcrumbList","@id":"https:\/\/www.comoe-art.com\/index.php\/produit\/tissu-bogolan-blanc\/#breadcrumb","itemListElement":[{"@type":"ListItem","position":1,"name":"Accueil","item":"https:\/\/www.comoe-art.com\/"},{"@type":"ListItem","position":2,"name":"The Shop","item":"https:\/\/www.comoe-art.com\/index.php\/shop\/"},{"@type":"ListItem","position":3,"name":"Tissu Bogolan"}]},{"@type":"WebSite","@id":"https:\/\/www.comoe-art.com\/#website","url":"https:\/\/www.comoe-art.com\/","name":"Comoe-art","description":"","potentialAction":[{"@type":"SearchAction","target":{"@type":"EntryPoint","urlTemplate":"https:\/\/www.comoe-art.com\/?s={search_term_string}"},"query-input":"required name=search_term_string"}],"inLanguage":"fr-FR"}]}},"_links":{"self":[{"href":"https:\/\/www.comoe-art.com\/index.php\/wp-json\/wp\/v2\/product\/12293"}],"collection":[{"href":"https:\/\/www.comoe-art.com\/index.php\/wp-json\/wp\/v2\/product"}],"about":[{"href":"https:\/\/www.comoe-art.com\/index.php\/wp-json\/wp\/v2\/types\/product"}],"replies":[{"embeddable":true,"href":"https:\/\/www.comoe-art.com\/index.php\/wp-json\/wp\/v2\/comments?post=12293"}],"wp:featuredmedia":[{"embeddable":true,"href":"https:\/\/www.comoe-art.com\/index.php\/wp-json\/wp\/v2\/media\/16982"}],"wp:attachment":[{"href":"https:\/\/www.comoe-art.com\/index.php\/wp-json\/wp\/v2\/media?parent=12293"}],"wp:term":[{"taxonomy":"product_cat","embeddable":true,"href":"https:\/\/www.comoe-art.com\/index.php\/wp-json\/wp\/v2\/product_cat?post=12293"},{"taxonomy":"product_tag","embeddable":true,"href":"https:\/\/www.comoe-art.com\/index.php\/wp-json\/wp\/v2\/product_tag?post=12293"}],"curies":[{"name":"wp","href":"https:\/\/api.w.org\/{rel}","templated":true}]}}