{"id":12443,"date":"2020-10-11T18:40:11","date_gmt":"2020-10-11T16:40:11","guid":{"rendered":"http:\/\/51.210.182.76\/wordpress\/?post_type=product&#038;p=12443"},"modified":"2023-10-18T15:28:52","modified_gmt":"2023-10-18T13:28:52","slug":"couvre-lit-en-coton-tisse-a-la-main-3","status":"publish","type":"product","link":"https:\/\/www.comoe-art.com\/index.php\/produit\/couvre-lit-en-coton-tisse-a-la-main-3\/","title":{"rendered":"Textile bogolan blanc"},"content":{"rendered":"<p>Fabriqu\u00e9 au Burkina Faso<br \/>\nDimensions : longueur 1 m 50<br \/>\nLargeur 1m28<br \/>\nMati\u00e8res 100 % coton<\/p>\n","protected":false},"excerpt":{"rendered":"<div id=\"inside\" class=\"text_box\">Textiles bogolan 100% coton sont teints selon les techniques anciennes au Burkina Faso \u00a0g\u00e9n\u00e9ralement utilis\u00e9 comme pagne on peut l&#8217;utiliser aussi sur le dos du canap\u00e9 sur un lit. Longueur 1m50, largeur 1m28<\/div>\n","protected":false},"featured_media":16962,"comment_status":"open","ping_status":"closed","template":"","meta":[],"product_cat":[102,95,88],"product_tag":[],"yoast_head":"<!-- This site is optimized with the Yoast SEO plugin v22.5 - https:\/\/yoast.com\/wordpress\/plugins\/seo\/ -->\n<title>Textile bogolan blanc - Comoe-art<\/title>\n<meta name=\"robots\" content=\"index, follow, max-snippet:-1, max-image-preview:large, max-video-preview:-1\" \/>\n<link rel=\"canonical\" href=\"https:\/\/www.comoe-art.com\/index.php\/produit\/couvre-lit-en-coton-tisse-a-la-main-3\/\" \/>\n<meta property=\"og:locale\" content=\"fr_FR\" \/>\n<meta property=\"og:type\" content=\"article\" \/>\n<meta property=\"og:title\" content=\"Textile bogolan blanc - Comoe-art\" \/>\n<meta property=\"og:description\" content=\"Textiles bogolan 100% coton sont teints selon les techniques anciennes au Burkina Faso \u00a0g\u00e9n\u00e9ralement utilis\u00e9 comme pagne on peut l&#039;utiliser aussi sur le dos du canap\u00e9 sur un lit. Longueur 1m50, largeur 1m28\" \/>\n<meta property=\"og:url\" content=\"https:\/\/www.comoe-art.com\/index.php\/produit\/couvre-lit-en-coton-tisse-a-la-main-3\/\" \/>\n<meta property=\"og:site_name\" content=\"Comoe-art\" \/>\n<meta property=\"article:modified_time\" content=\"2023-10-18T13:28:52+00:00\" \/>\n<meta property=\"og:image\" content=\"https:\/\/www.comoe-art.com\/wp-content\/uploads\/2020\/10\/tissu154-min.jpg\" \/>\n\t<meta property=\"og:image:width\" content=\"1600\" \/>\n\t<meta property=\"og:image:height\" content=\"1913\" \/>\n\t<meta property=\"og:image:type\" content=\"image\/jpeg\" \/>\n<meta name=\"twitter:card\" content=\"summary_large_image\" \/>\n<script type=\"application\/ld+json\" class=\"yoast-schema-graph\">{\"@context\":\"https:\/\/schema.org\",\"@graph\":[{\"@type\":\"WebPage\",\"@id\":\"https:\/\/www.comoe-art.com\/index.php\/produit\/couvre-lit-en-coton-tisse-a-la-main-3\/\",\"url\":\"https:\/\/www.comoe-art.com\/index.php\/produit\/couvre-lit-en-coton-tisse-a-la-main-3\/\",\"name\":\"Textile bogolan blanc - Comoe-art\",\"isPartOf\":{\"@id\":\"https:\/\/www.comoe-art.com\/#website\"},\"primaryImageOfPage\":{\"@id\":\"https:\/\/www.comoe-art.com\/index.php\/produit\/couvre-lit-en-coton-tisse-a-la-main-3\/#primaryimage\"},\"image\":{\"@id\":\"https:\/\/www.comoe-art.com\/index.php\/produit\/couvre-lit-en-coton-tisse-a-la-main-3\/#primaryimage\"},\"thumbnailUrl\":\"https:\/\/www.comoe-art.com\/wp-content\/uploads\/2020\/10\/tissu154-min.jpg\",\"datePublished\":\"2020-10-11T16:40:11+00:00\",\"dateModified\":\"2023-10-18T13:28:52+00:00\",\"breadcrumb\":{\"@id\":\"https:\/\/www.comoe-art.com\/index.php\/produit\/couvre-lit-en-coton-tisse-a-la-main-3\/#breadcrumb\"},\"inLanguage\":\"fr-FR\",\"potentialAction\":[{\"@type\":\"ReadAction\",\"target\":[\"https:\/\/www.comoe-art.com\/index.php\/produit\/couvre-lit-en-coton-tisse-a-la-main-3\/\"]}]},{\"@type\":\"ImageObject\",\"inLanguage\":\"fr-FR\",\"@id\":\"https:\/\/www.comoe-art.com\/index.php\/produit\/couvre-lit-en-coton-tisse-a-la-main-3\/#primaryimage\",\"url\":\"https:\/\/www.comoe-art.com\/wp-content\/uploads\/2020\/10\/tissu154-min.jpg\",\"contentUrl\":\"https:\/\/www.comoe-art.com\/wp-content\/uploads\/2020\/10\/tissu154-min.jpg\",\"width\":1600,\"height\":1913},{\"@type\":\"BreadcrumbList\",\"@id\":\"https:\/\/www.comoe-art.com\/index.php\/produit\/couvre-lit-en-coton-tisse-a-la-main-3\/#breadcrumb\",\"itemListElement\":[{\"@type\":\"ListItem\",\"position\":1,\"name\":\"Accueil\",\"item\":\"https:\/\/www.comoe-art.com\/\"},{\"@type\":\"ListItem\",\"position\":2,\"name\":\"The Shop\",\"item\":\"https:\/\/www.comoe-art.com\/index.php\/shop\/\"},{\"@type\":\"ListItem\",\"position\":3,\"name\":\"Textile bogolan blanc\"}]},{\"@type\":\"WebSite\",\"@id\":\"https:\/\/www.comoe-art.com\/#website\",\"url\":\"https:\/\/www.comoe-art.com\/\",\"name\":\"Comoe-art\",\"description\":\"\",\"potentialAction\":[{\"@type\":\"SearchAction\",\"target\":{\"@type\":\"EntryPoint\",\"urlTemplate\":\"https:\/\/www.comoe-art.com\/?s={search_term_string}\"},\"query-input\":\"required name=search_term_string\"}],\"inLanguage\":\"fr-FR\"}]}<\/script>\n<!-- \/ Yoast SEO plugin. -->","yoast_head_json":{"title":"Textile bogolan blanc - Comoe-art","robots":{"index":"index","follow":"follow","max-snippet":"max-snippet:-1","max-image-preview":"max-image-preview:large","max-video-preview":"max-video-preview:-1"},"canonical":"https:\/\/www.comoe-art.com\/index.php\/produit\/couvre-lit-en-coton-tisse-a-la-main-3\/","og_locale":"fr_FR","og_type":"article","og_title":"Textile bogolan blanc - Comoe-art","og_description":"Textiles bogolan 100% coton sont teints selon les techniques anciennes au Burkina Faso \u00a0g\u00e9n\u00e9ralement utilis\u00e9 comme pagne on peut l'utiliser aussi sur le dos du canap\u00e9 sur un lit. Longueur 1m50, largeur 1m28","og_url":"https:\/\/www.comoe-art.com\/index.php\/produit\/couvre-lit-en-coton-tisse-a-la-main-3\/","og_site_name":"Comoe-art","article_modified_time":"2023-10-18T13:28:52+00:00","og_image":[{"width":1600,"height":1913,"url":"https:\/\/www.comoe-art.com\/wp-content\/uploads\/2020\/10\/tissu154-min.jpg","type":"image\/jpeg"}],"twitter_card":"summary_large_image","schema":{"@context":"https:\/\/schema.org","@graph":[{"@type":"WebPage","@id":"https:\/\/www.comoe-art.com\/index.php\/produit\/couvre-lit-en-coton-tisse-a-la-main-3\/","url":"https:\/\/www.comoe-art.com\/index.php\/produit\/couvre-lit-en-coton-tisse-a-la-main-3\/","name":"Textile bogolan blanc - Comoe-art","isPartOf":{"@id":"https:\/\/www.comoe-art.com\/#website"},"primaryImageOfPage":{"@id":"https:\/\/www.comoe-art.com\/index.php\/produit\/couvre-lit-en-coton-tisse-a-la-main-3\/#primaryimage"},"image":{"@id":"https:\/\/www.comoe-art.com\/index.php\/produit\/couvre-lit-en-coton-tisse-a-la-main-3\/#primaryimage"},"thumbnailUrl":"https:\/\/www.comoe-art.com\/wp-content\/uploads\/2020\/10\/tissu154-min.jpg","datePublished":"2020-10-11T16:40:11+00:00","dateModified":"2023-10-18T13:28:52+00:00","breadcrumb":{"@id":"https:\/\/www.comoe-art.com\/index.php\/produit\/couvre-lit-en-coton-tisse-a-la-main-3\/#breadcrumb"},"inLanguage":"fr-FR","potentialAction":[{"@type":"ReadAction","target":["https:\/\/www.comoe-art.com\/index.php\/produit\/couvre-lit-en-coton-tisse-a-la-main-3\/"]}]},{"@type":"ImageObject","inLanguage":"fr-FR","@id":"https:\/\/www.comoe-art.com\/index.php\/produit\/couvre-lit-en-coton-tisse-a-la-main-3\/#primaryimage","url":"https:\/\/www.comoe-art.com\/wp-content\/uploads\/2020\/10\/tissu154-min.jpg","contentUrl":"https:\/\/www.comoe-art.com\/wp-content\/uploads\/2020\/10\/tissu154-min.jpg","width":1600,"height":1913},{"@type":"BreadcrumbList","@id":"https:\/\/www.comoe-art.com\/index.php\/produit\/couvre-lit-en-coton-tisse-a-la-main-3\/#breadcrumb","itemListElement":[{"@type":"ListItem","position":1,"name":"Accueil","item":"https:\/\/www.comoe-art.com\/"},{"@type":"ListItem","position":2,"name":"The Shop","item":"https:\/\/www.comoe-art.com\/index.php\/shop\/"},{"@type":"ListItem","position":3,"name":"Textile bogolan blanc"}]},{"@type":"WebSite","@id":"https:\/\/www.comoe-art.com\/#website","url":"https:\/\/www.comoe-art.com\/","name":"Comoe-art","description":"","potentialAction":[{"@type":"SearchAction","target":{"@type":"EntryPoint","urlTemplate":"https:\/\/www.comoe-art.com\/?s={search_term_string}"},"query-input":"required name=search_term_string"}],"inLanguage":"fr-FR"}]}},"_links":{"self":[{"href":"https:\/\/www.comoe-art.com\/index.php\/wp-json\/wp\/v2\/product\/12443"}],"collection":[{"href":"https:\/\/www.comoe-art.com\/index.php\/wp-json\/wp\/v2\/product"}],"about":[{"href":"https:\/\/www.comoe-art.com\/index.php\/wp-json\/wp\/v2\/types\/product"}],"replies":[{"embeddable":true,"href":"https:\/\/www.comoe-art.com\/index.php\/wp-json\/wp\/v2\/comments?post=12443"}],"wp:featuredmedia":[{"embeddable":true,"href":"https:\/\/www.comoe-art.com\/index.php\/wp-json\/wp\/v2\/media\/16962"}],"wp:attachment":[{"href":"https:\/\/www.comoe-art.com\/index.php\/wp-json\/wp\/v2\/media?parent=12443"}],"wp:term":[{"taxonomy":"product_cat","embeddable":true,"href":"https:\/\/www.comoe-art.com\/index.php\/wp-json\/wp\/v2\/product_cat?post=12443"},{"taxonomy":"product_tag","embeddable":true,"href":"https:\/\/www.comoe-art.com\/index.php\/wp-json\/wp\/v2\/product_tag?post=12443"}],"curies":[{"name":"wp","href":"https:\/\/api.w.org\/{rel}","templated":true}]}}