{"id":1438979,"date":"2023-12-03T17:57:12","date_gmt":"2023-12-03T16:57:12","guid":{"rendered":"http:\/\/www.comoe-art.com\/?post_type=product&#038;p=1438979"},"modified":"2023-12-03T18:10:11","modified_gmt":"2023-12-03T17:10:11","slug":"panier-shopper-bolga-7","status":"publish","type":"product","link":"https:\/\/www.comoe-art.com\/index.php\/produit\/panier-shopper-bolga-7\/","title":{"rendered":"Panier Shopper Bolga"},"content":{"rendered":"<p>Magnifique sac panier Bolga tress\u00e9 \u00e0 la main par les femmes de la ville Bolgatanga (Ghana). Fabriqu\u00e9 \u00e0 base d\u2019herbe de la savane, cet accessoire \u00e9l\u00e9gant et unique ajoutera une touche de style \u00e0 votre look.<\/p>\n<p>De taille g\u00e9n\u00e9reuse, ce sac vous permet de transporter tout ce dont vous avez besoin. Il est \u00e9galement dot\u00e9 d&#8217;une poign\u00e9e en cuir, ce qui le rend confortable \u00e0 porter.<\/p>\n<p>Ce sac est disponible en plusieurs couleurs et motifs, ce qui vous permet de choisir celui qui correspond le mieux \u00e0 votre style.<\/p>\n<p>Ce panier est artisanale fait \u00e0 la main les dimensions peuvent \u00eatre diff\u00e9rentes varier d&#8217;un panier \u00e0 l&#8217;autre.<br \/>\nFiche technique :<br \/>\nDiam\u00e8tre 20 cm environ<br \/>\nHauteur 30 cm environ<\/p>\n<p>Caract\u00e9ristiques:<br \/>\n&#8211; Fabriqu\u00e9 \u00e0 la main \u00e0 partir d&#8217;herbe naturelle<br \/>\n&#8211; Taille g\u00e9n\u00e9reuse<br \/>\n&#8211; Poign\u00e9e en cuir<br \/>\n&#8211; Disponible en plusieurs couleurs et motifs<\/p>\n<p>Avantages:<br \/>\n&#8211; \u00c9l\u00e9gant et unique<br \/>\n&#8211; Durable et r\u00e9sistant<br \/>\n&#8211; Confortable \u00e0 porter<\/p>\n<p>Utilisations:<br \/>\n&#8211; Sac \u00e0 main<br \/>\n-Sac de plage<br \/>\n&#8211; Sac de courses<br \/>\n&#8211; Sac pour transporter des objets divers<\/p>\n<p>Entretien:<br \/>\nNettoyez le sac \u00e0 l&#8217;aide d&#8217;un chiffon humide<br \/>\n\u00c9vitez d&#8217;utiliser des produits chimiques agressifs<br \/>\nStockez le sac dans un endroit frais et sec<\/p>\n","protected":false},"excerpt":{"rendered":"<p>Magnifique sac panier Bolga tress\u00e9 \u00e0 la main par les femmes de la ville Bolgatanga (Ghana). Fabriqu\u00e9 \u00e0 base d\u2019herbe de la savane, cet accessoire \u00e9l\u00e9gant et unique ajoutera une touche de style \u00e0 votre look.<\/p>\n<p>De taille g\u00e9n\u00e9reuse, ce sac vous permet de transporter tout ce dont vous avez besoin. Il est \u00e9galement dot\u00e9 d&#8217;une poign\u00e9e en cuir, ce qui le rend confortable \u00e0 porter.<\/p>\n<p>Ce sac est disponible en plusieurs couleurs et motifs, ce qui vous permet de choisir celui qui correspond le mieux \u00e0 votre style.<\/p>\n","protected":false},"featured_media":1438913,"comment_status":"open","ping_status":"closed","template":"","meta":[],"product_cat":[73,70,102],"product_tag":[],"yoast_head":"<!-- This site is optimized with the Yoast SEO plugin v22.5 - https:\/\/yoast.com\/wordpress\/plugins\/seo\/ -->\n<title>Panier Shopper Bolga - Comoe-art<\/title>\n<meta name=\"robots\" content=\"index, follow, max-snippet:-1, max-image-preview:large, max-video-preview:-1\" \/>\n<link rel=\"canonical\" href=\"https:\/\/www.comoe-art.com\/index.php\/produit\/panier-shopper-bolga-7\/\" \/>\n<meta property=\"og:locale\" content=\"fr_FR\" \/>\n<meta property=\"og:type\" content=\"article\" \/>\n<meta property=\"og:title\" content=\"Panier Shopper Bolga - Comoe-art\" \/>\n<meta property=\"og:description\" content=\"Magnifique sac panier Bolga tress\u00e9 \u00e0 la main par les femmes de la ville Bolgatanga (Ghana). Fabriqu\u00e9 \u00e0 base d\u2019herbe de la savane, cet accessoire \u00e9l\u00e9gant et unique ajoutera une touche de style \u00e0 votre look.  De taille g\u00e9n\u00e9reuse, ce sac vous permet de transporter tout ce dont vous avez besoin. Il est \u00e9galement dot\u00e9 d&#039;une poign\u00e9e en cuir, ce qui le rend confortable \u00e0 porter.  Ce sac est disponible en plusieurs couleurs et motifs, ce qui vous permet de choisir celui qui correspond le mieux \u00e0 votre style.\" \/>\n<meta property=\"og:url\" content=\"https:\/\/www.comoe-art.com\/index.php\/produit\/panier-shopper-bolga-7\/\" \/>\n<meta property=\"og:site_name\" content=\"Comoe-art\" \/>\n<meta property=\"article:modified_time\" content=\"2023-12-03T17:10:11+00:00\" \/>\n<meta property=\"og:image\" content=\"https:\/\/www.comoe-art.com\/wp-content\/uploads\/2023\/12\/P1412864.jpg\" \/>\n\t<meta property=\"og:image:width\" content=\"1638\" \/>\n\t<meta property=\"og:image:height\" content=\"2048\" \/>\n\t<meta property=\"og:image:type\" content=\"image\/jpeg\" \/>\n<meta name=\"twitter:card\" content=\"summary_large_image\" \/>\n<meta name=\"twitter:label1\" content=\"Dur\u00e9e de lecture estim\u00e9e\" \/>\n\t<meta name=\"twitter:data1\" content=\"1 minute\" \/>\n<script type=\"application\/ld+json\" class=\"yoast-schema-graph\">{\"@context\":\"https:\/\/schema.org\",\"@graph\":[{\"@type\":\"WebPage\",\"@id\":\"https:\/\/www.comoe-art.com\/index.php\/produit\/panier-shopper-bolga-7\/\",\"url\":\"https:\/\/www.comoe-art.com\/index.php\/produit\/panier-shopper-bolga-7\/\",\"name\":\"Panier Shopper Bolga - Comoe-art\",\"isPartOf\":{\"@id\":\"https:\/\/www.comoe-art.com\/#website\"},\"primaryImageOfPage\":{\"@id\":\"https:\/\/www.comoe-art.com\/index.php\/produit\/panier-shopper-bolga-7\/#primaryimage\"},\"image\":{\"@id\":\"https:\/\/www.comoe-art.com\/index.php\/produit\/panier-shopper-bolga-7\/#primaryimage\"},\"thumbnailUrl\":\"https:\/\/www.comoe-art.com\/wp-content\/uploads\/2023\/12\/P1412864.jpg\",\"datePublished\":\"2023-12-03T16:57:12+00:00\",\"dateModified\":\"2023-12-03T17:10:11+00:00\",\"breadcrumb\":{\"@id\":\"https:\/\/www.comoe-art.com\/index.php\/produit\/panier-shopper-bolga-7\/#breadcrumb\"},\"inLanguage\":\"fr-FR\",\"potentialAction\":[{\"@type\":\"ReadAction\",\"target\":[\"https:\/\/www.comoe-art.com\/index.php\/produit\/panier-shopper-bolga-7\/\"]}]},{\"@type\":\"ImageObject\",\"inLanguage\":\"fr-FR\",\"@id\":\"https:\/\/www.comoe-art.com\/index.php\/produit\/panier-shopper-bolga-7\/#primaryimage\",\"url\":\"https:\/\/www.comoe-art.com\/wp-content\/uploads\/2023\/12\/P1412864.jpg\",\"contentUrl\":\"https:\/\/www.comoe-art.com\/wp-content\/uploads\/2023\/12\/P1412864.jpg\",\"width\":1638,\"height\":2048,\"caption\":\"Magnifique panier shopper Bolga tress\u00e9 \u00e0 la main par les femmes de la ville Bolgatanga\"},{\"@type\":\"BreadcrumbList\",\"@id\":\"https:\/\/www.comoe-art.com\/index.php\/produit\/panier-shopper-bolga-7\/#breadcrumb\",\"itemListElement\":[{\"@type\":\"ListItem\",\"position\":1,\"name\":\"Accueil\",\"item\":\"https:\/\/www.comoe-art.com\/\"},{\"@type\":\"ListItem\",\"position\":2,\"name\":\"The Shop\",\"item\":\"https:\/\/www.comoe-art.com\/index.php\/shop\/\"},{\"@type\":\"ListItem\",\"position\":3,\"name\":\"Panier Shopper Bolga\"}]},{\"@type\":\"WebSite\",\"@id\":\"https:\/\/www.comoe-art.com\/#website\",\"url\":\"https:\/\/www.comoe-art.com\/\",\"name\":\"Comoe-art\",\"description\":\"\",\"potentialAction\":[{\"@type\":\"SearchAction\",\"target\":{\"@type\":\"EntryPoint\",\"urlTemplate\":\"https:\/\/www.comoe-art.com\/?s={search_term_string}\"},\"query-input\":\"required name=search_term_string\"}],\"inLanguage\":\"fr-FR\"}]}<\/script>\n<!-- \/ Yoast SEO plugin. -->","yoast_head_json":{"title":"Panier Shopper Bolga - Comoe-art","robots":{"index":"index","follow":"follow","max-snippet":"max-snippet:-1","max-image-preview":"max-image-preview:large","max-video-preview":"max-video-preview:-1"},"canonical":"https:\/\/www.comoe-art.com\/index.php\/produit\/panier-shopper-bolga-7\/","og_locale":"fr_FR","og_type":"article","og_title":"Panier Shopper Bolga - Comoe-art","og_description":"Magnifique sac panier Bolga tress\u00e9 \u00e0 la main par les femmes de la ville Bolgatanga (Ghana). Fabriqu\u00e9 \u00e0 base d\u2019herbe de la savane, cet accessoire \u00e9l\u00e9gant et unique ajoutera une touche de style \u00e0 votre look.  De taille g\u00e9n\u00e9reuse, ce sac vous permet de transporter tout ce dont vous avez besoin. Il est \u00e9galement dot\u00e9 d'une poign\u00e9e en cuir, ce qui le rend confortable \u00e0 porter.  Ce sac est disponible en plusieurs couleurs et motifs, ce qui vous permet de choisir celui qui correspond le mieux \u00e0 votre style.","og_url":"https:\/\/www.comoe-art.com\/index.php\/produit\/panier-shopper-bolga-7\/","og_site_name":"Comoe-art","article_modified_time":"2023-12-03T17:10:11+00:00","og_image":[{"width":1638,"height":2048,"url":"https:\/\/www.comoe-art.com\/wp-content\/uploads\/2023\/12\/P1412864.jpg","type":"image\/jpeg"}],"twitter_card":"summary_large_image","twitter_misc":{"Dur\u00e9e de lecture estim\u00e9e":"1 minute"},"schema":{"@context":"https:\/\/schema.org","@graph":[{"@type":"WebPage","@id":"https:\/\/www.comoe-art.com\/index.php\/produit\/panier-shopper-bolga-7\/","url":"https:\/\/www.comoe-art.com\/index.php\/produit\/panier-shopper-bolga-7\/","name":"Panier Shopper Bolga - Comoe-art","isPartOf":{"@id":"https:\/\/www.comoe-art.com\/#website"},"primaryImageOfPage":{"@id":"https:\/\/www.comoe-art.com\/index.php\/produit\/panier-shopper-bolga-7\/#primaryimage"},"image":{"@id":"https:\/\/www.comoe-art.com\/index.php\/produit\/panier-shopper-bolga-7\/#primaryimage"},"thumbnailUrl":"https:\/\/www.comoe-art.com\/wp-content\/uploads\/2023\/12\/P1412864.jpg","datePublished":"2023-12-03T16:57:12+00:00","dateModified":"2023-12-03T17:10:11+00:00","breadcrumb":{"@id":"https:\/\/www.comoe-art.com\/index.php\/produit\/panier-shopper-bolga-7\/#breadcrumb"},"inLanguage":"fr-FR","potentialAction":[{"@type":"ReadAction","target":["https:\/\/www.comoe-art.com\/index.php\/produit\/panier-shopper-bolga-7\/"]}]},{"@type":"ImageObject","inLanguage":"fr-FR","@id":"https:\/\/www.comoe-art.com\/index.php\/produit\/panier-shopper-bolga-7\/#primaryimage","url":"https:\/\/www.comoe-art.com\/wp-content\/uploads\/2023\/12\/P1412864.jpg","contentUrl":"https:\/\/www.comoe-art.com\/wp-content\/uploads\/2023\/12\/P1412864.jpg","width":1638,"height":2048,"caption":"Magnifique panier shopper Bolga tress\u00e9 \u00e0 la main par les femmes de la ville Bolgatanga"},{"@type":"BreadcrumbList","@id":"https:\/\/www.comoe-art.com\/index.php\/produit\/panier-shopper-bolga-7\/#breadcrumb","itemListElement":[{"@type":"ListItem","position":1,"name":"Accueil","item":"https:\/\/www.comoe-art.com\/"},{"@type":"ListItem","position":2,"name":"The Shop","item":"https:\/\/www.comoe-art.com\/index.php\/shop\/"},{"@type":"ListItem","position":3,"name":"Panier Shopper Bolga"}]},{"@type":"WebSite","@id":"https:\/\/www.comoe-art.com\/#website","url":"https:\/\/www.comoe-art.com\/","name":"Comoe-art","description":"","potentialAction":[{"@type":"SearchAction","target":{"@type":"EntryPoint","urlTemplate":"https:\/\/www.comoe-art.com\/?s={search_term_string}"},"query-input":"required name=search_term_string"}],"inLanguage":"fr-FR"}]}},"_links":{"self":[{"href":"https:\/\/www.comoe-art.com\/index.php\/wp-json\/wp\/v2\/product\/1438979"}],"collection":[{"href":"https:\/\/www.comoe-art.com\/index.php\/wp-json\/wp\/v2\/product"}],"about":[{"href":"https:\/\/www.comoe-art.com\/index.php\/wp-json\/wp\/v2\/types\/product"}],"replies":[{"embeddable":true,"href":"https:\/\/www.comoe-art.com\/index.php\/wp-json\/wp\/v2\/comments?post=1438979"}],"wp:featuredmedia":[{"embeddable":true,"href":"https:\/\/www.comoe-art.com\/index.php\/wp-json\/wp\/v2\/media\/1438913"}],"wp:attachment":[{"href":"https:\/\/www.comoe-art.com\/index.php\/wp-json\/wp\/v2\/media?parent=1438979"}],"wp:term":[{"taxonomy":"product_cat","embeddable":true,"href":"https:\/\/www.comoe-art.com\/index.php\/wp-json\/wp\/v2\/product_cat?post=1438979"},{"taxonomy":"product_tag","embeddable":true,"href":"https:\/\/www.comoe-art.com\/index.php\/wp-json\/wp\/v2\/product_tag?post=1438979"}],"curies":[{"name":"wp","href":"https:\/\/api.w.org\/{rel}","templated":true}]}}