{"id":1461344,"date":"2023-12-11T22:56:11","date_gmt":"2023-12-11T21:56:11","guid":{"rendered":"http:\/\/www.comoe-art.com\/?post_type=product&#038;p=1461344"},"modified":"2023-12-11T22:57:03","modified_gmt":"2023-12-11T21:57:03","slug":"sac-pot-bolga-8","status":"publish","type":"product","link":"https:\/\/www.comoe-art.com\/index.php\/produit\/sac-pot-bolga-8\/","title":{"rendered":"Sac Pot Bolga"},"content":{"rendered":"<p>Magnifique Petit sac Bolga tress\u00e9 \u00e0 la main par les femmes issues de la ville de Bolgatanga (Ghana) \u00e0 partir de fibre naturelle durable et r\u00e9sistante.<br \/>\nCe sac est un accessoire \u00e9l\u00e9gant et pratique qui ajoutera une touche d&#8217;originalit\u00e9 \u00e0 votre look.<\/p>\n<p>De taille g\u00e9n\u00e9reuse, ce sac vous permet de transporter tout ce dont vous avez besoin. Il est \u00e9galement dot\u00e9 d&#8217;une poign\u00e9e en cuir, ce qui le rend confortable \u00e0 porter.<\/p>\n<p>Ce sac est disponible en plusieurs couleurs, ce qui vous permet de le choisir en fonction de votre style.<\/p>\n<p>Taille approximative :<br \/>\n&#8211; Hauteur: 12<br \/>\n&#8211; Diam\u00e8tre: 40 cm<br \/>\n&#8211; Bandouli\u00e8re: 23 cm<\/p>\n<p>Caract\u00e9ristiques:<br \/>\n&#8211; Fabriqu\u00e9 \u00e0 la main \u00e0 partir de fibre naturel<br \/>\n&#8211; Taille g\u00e9n\u00e9reuse<br \/>\n&#8211; Poign\u00e9e en cuir<br \/>\n&#8211; Disponible en plusieurs couleurs<\/p>\n<p>Avantages:<br \/>\n&#8211; \u00c9l\u00e9gant et pratique<br \/>\n&#8211; Durable et r\u00e9sistant<br \/>\n&#8211; Confortable \u00e0 porter<\/p>\n<p>Utilisations:<br \/>\n&#8211; Sac \u00e0 main<br \/>\n&#8211; Sac de plage<br \/>\n&#8211; Sac de courses<br \/>\n&#8211; Sac pour transporter des objets divers<\/p>\n<p>Entretien:<br \/>\nNettoyez le sac \u00e0 l&#8217;aide d&#8217;un chiffon humide<br \/>\n\u00c9vitez d&#8217;utiliser des produits chimiques agressifs<br \/>\nStockez le sac dans un endroit frais et sec<\/p>\n<p>Conseil d&#8217;utilisation:<br \/>\nPour rendre sa forme initiale au panier, il suffit de l\u2019humidifier et d\u2019ensuite le remodeler.<\/p>\n","protected":false},"excerpt":{"rendered":"<p>Magnifique Petit sac Bolga tress\u00e9 \u00e0 la main par les femmes issues de la ville de Bolgatanga (Ghana) \u00e0 partir de fibre naturelle durable et r\u00e9sistante.<br \/>\nCe sac est un accessoire \u00e9l\u00e9gant et pratique qui ajoutera une touche d&#8217;originalit\u00e9 \u00e0 votre look.<\/p>\n<p>De taille g\u00e9n\u00e9reuse, ce sac vous permet de transporter tout ce dont vous avez besoin. Il est \u00e9galement dot\u00e9 d&#8217;une poign\u00e9e en cuir, ce qui le rend confortable \u00e0 porter.<\/p>\n<p>Ce sac est disponible en plusieurs couleurs, ce qui vous permet de le choisir en fonction de votre style.<\/p>\n","protected":false},"featured_media":1447503,"comment_status":"open","ping_status":"closed","template":"","meta":[],"product_cat":[103,81,100,99],"product_tag":[],"yoast_head":"<!-- This site is optimized with the Yoast SEO plugin v22.5 - https:\/\/yoast.com\/wordpress\/plugins\/seo\/ -->\n<title>Sac Pot Bolga - Comoe-art<\/title>\n<meta name=\"robots\" content=\"index, follow, max-snippet:-1, max-image-preview:large, max-video-preview:-1\" \/>\n<link rel=\"canonical\" href=\"https:\/\/www.comoe-art.com\/index.php\/produit\/sac-pot-bolga-8\/\" \/>\n<meta property=\"og:locale\" content=\"fr_FR\" \/>\n<meta property=\"og:type\" content=\"article\" \/>\n<meta property=\"og:title\" content=\"Sac Pot Bolga - Comoe-art\" \/>\n<meta property=\"og:description\" content=\"Magnifique Petit sac Bolga tress\u00e9 \u00e0 la main par les femmes issues de la ville de Bolgatanga (Ghana) \u00e0 partir de fibre naturelle durable et r\u00e9sistante. Ce sac est un accessoire \u00e9l\u00e9gant et pratique qui ajoutera une touche d&#039;originalit\u00e9 \u00e0 votre look.  De taille g\u00e9n\u00e9reuse, ce sac vous permet de transporter tout ce dont vous avez besoin. Il est \u00e9galement dot\u00e9 d&#039;une poign\u00e9e en cuir, ce qui le rend confortable \u00e0 porter.  Ce sac est disponible en plusieurs couleurs, ce qui vous permet de le choisir en fonction de votre style.\" \/>\n<meta property=\"og:url\" content=\"https:\/\/www.comoe-art.com\/index.php\/produit\/sac-pot-bolga-8\/\" \/>\n<meta property=\"og:site_name\" content=\"Comoe-art\" \/>\n<meta property=\"article:modified_time\" content=\"2023-12-11T21:57:03+00:00\" \/>\n<meta property=\"og:image\" content=\"https:\/\/www.comoe-art.com\/wp-content\/uploads\/2023\/12\/P1412919.jpg\" \/>\n\t<meta property=\"og:image:width\" content=\"1638\" \/>\n\t<meta property=\"og:image:height\" content=\"2048\" \/>\n\t<meta property=\"og:image:type\" content=\"image\/jpeg\" \/>\n<meta name=\"twitter:card\" content=\"summary_large_image\" \/>\n<meta name=\"twitter:label1\" content=\"Dur\u00e9e de lecture estim\u00e9e\" \/>\n\t<meta name=\"twitter:data1\" content=\"1 minute\" \/>\n<script type=\"application\/ld+json\" class=\"yoast-schema-graph\">{\"@context\":\"https:\/\/schema.org\",\"@graph\":[{\"@type\":\"WebPage\",\"@id\":\"https:\/\/www.comoe-art.com\/index.php\/produit\/sac-pot-bolga-8\/\",\"url\":\"https:\/\/www.comoe-art.com\/index.php\/produit\/sac-pot-bolga-8\/\",\"name\":\"Sac Pot Bolga - Comoe-art\",\"isPartOf\":{\"@id\":\"https:\/\/www.comoe-art.com\/#website\"},\"primaryImageOfPage\":{\"@id\":\"https:\/\/www.comoe-art.com\/index.php\/produit\/sac-pot-bolga-8\/#primaryimage\"},\"image\":{\"@id\":\"https:\/\/www.comoe-art.com\/index.php\/produit\/sac-pot-bolga-8\/#primaryimage\"},\"thumbnailUrl\":\"https:\/\/www.comoe-art.com\/wp-content\/uploads\/2023\/12\/P1412919.jpg\",\"datePublished\":\"2023-12-11T21:56:11+00:00\",\"dateModified\":\"2023-12-11T21:57:03+00:00\",\"breadcrumb\":{\"@id\":\"https:\/\/www.comoe-art.com\/index.php\/produit\/sac-pot-bolga-8\/#breadcrumb\"},\"inLanguage\":\"fr-FR\",\"potentialAction\":[{\"@type\":\"ReadAction\",\"target\":[\"https:\/\/www.comoe-art.com\/index.php\/produit\/sac-pot-bolga-8\/\"]}]},{\"@type\":\"ImageObject\",\"inLanguage\":\"fr-FR\",\"@id\":\"https:\/\/www.comoe-art.com\/index.php\/produit\/sac-pot-bolga-8\/#primaryimage\",\"url\":\"https:\/\/www.comoe-art.com\/wp-content\/uploads\/2023\/12\/P1412919.jpg\",\"contentUrl\":\"https:\/\/www.comoe-art.com\/wp-content\/uploads\/2023\/12\/P1412919.jpg\",\"width\":1638,\"height\":2048,\"caption\":\"Magnifique Petit sac Bolga tress\u00e9 \u00e0 la main par les femmes issues de la ville de Bolgatanga (Ghana)\"},{\"@type\":\"BreadcrumbList\",\"@id\":\"https:\/\/www.comoe-art.com\/index.php\/produit\/sac-pot-bolga-8\/#breadcrumb\",\"itemListElement\":[{\"@type\":\"ListItem\",\"position\":1,\"name\":\"Accueil\",\"item\":\"https:\/\/www.comoe-art.com\/\"},{\"@type\":\"ListItem\",\"position\":2,\"name\":\"The Shop\",\"item\":\"https:\/\/www.comoe-art.com\/index.php\/shop\/\"},{\"@type\":\"ListItem\",\"position\":3,\"name\":\"Sac Pot Bolga\"}]},{\"@type\":\"WebSite\",\"@id\":\"https:\/\/www.comoe-art.com\/#website\",\"url\":\"https:\/\/www.comoe-art.com\/\",\"name\":\"Comoe-art\",\"description\":\"\",\"potentialAction\":[{\"@type\":\"SearchAction\",\"target\":{\"@type\":\"EntryPoint\",\"urlTemplate\":\"https:\/\/www.comoe-art.com\/?s={search_term_string}\"},\"query-input\":\"required name=search_term_string\"}],\"inLanguage\":\"fr-FR\"}]}<\/script>\n<!-- \/ Yoast SEO plugin. -->","yoast_head_json":{"title":"Sac Pot Bolga - Comoe-art","robots":{"index":"index","follow":"follow","max-snippet":"max-snippet:-1","max-image-preview":"max-image-preview:large","max-video-preview":"max-video-preview:-1"},"canonical":"https:\/\/www.comoe-art.com\/index.php\/produit\/sac-pot-bolga-8\/","og_locale":"fr_FR","og_type":"article","og_title":"Sac Pot Bolga - Comoe-art","og_description":"Magnifique Petit sac Bolga tress\u00e9 \u00e0 la main par les femmes issues de la ville de Bolgatanga (Ghana) \u00e0 partir de fibre naturelle durable et r\u00e9sistante. Ce sac est un accessoire \u00e9l\u00e9gant et pratique qui ajoutera une touche d'originalit\u00e9 \u00e0 votre look.  De taille g\u00e9n\u00e9reuse, ce sac vous permet de transporter tout ce dont vous avez besoin. Il est \u00e9galement dot\u00e9 d'une poign\u00e9e en cuir, ce qui le rend confortable \u00e0 porter.  Ce sac est disponible en plusieurs couleurs, ce qui vous permet de le choisir en fonction de votre style.","og_url":"https:\/\/www.comoe-art.com\/index.php\/produit\/sac-pot-bolga-8\/","og_site_name":"Comoe-art","article_modified_time":"2023-12-11T21:57:03+00:00","og_image":[{"width":1638,"height":2048,"url":"https:\/\/www.comoe-art.com\/wp-content\/uploads\/2023\/12\/P1412919.jpg","type":"image\/jpeg"}],"twitter_card":"summary_large_image","twitter_misc":{"Dur\u00e9e de lecture estim\u00e9e":"1 minute"},"schema":{"@context":"https:\/\/schema.org","@graph":[{"@type":"WebPage","@id":"https:\/\/www.comoe-art.com\/index.php\/produit\/sac-pot-bolga-8\/","url":"https:\/\/www.comoe-art.com\/index.php\/produit\/sac-pot-bolga-8\/","name":"Sac Pot Bolga - Comoe-art","isPartOf":{"@id":"https:\/\/www.comoe-art.com\/#website"},"primaryImageOfPage":{"@id":"https:\/\/www.comoe-art.com\/index.php\/produit\/sac-pot-bolga-8\/#primaryimage"},"image":{"@id":"https:\/\/www.comoe-art.com\/index.php\/produit\/sac-pot-bolga-8\/#primaryimage"},"thumbnailUrl":"https:\/\/www.comoe-art.com\/wp-content\/uploads\/2023\/12\/P1412919.jpg","datePublished":"2023-12-11T21:56:11+00:00","dateModified":"2023-12-11T21:57:03+00:00","breadcrumb":{"@id":"https:\/\/www.comoe-art.com\/index.php\/produit\/sac-pot-bolga-8\/#breadcrumb"},"inLanguage":"fr-FR","potentialAction":[{"@type":"ReadAction","target":["https:\/\/www.comoe-art.com\/index.php\/produit\/sac-pot-bolga-8\/"]}]},{"@type":"ImageObject","inLanguage":"fr-FR","@id":"https:\/\/www.comoe-art.com\/index.php\/produit\/sac-pot-bolga-8\/#primaryimage","url":"https:\/\/www.comoe-art.com\/wp-content\/uploads\/2023\/12\/P1412919.jpg","contentUrl":"https:\/\/www.comoe-art.com\/wp-content\/uploads\/2023\/12\/P1412919.jpg","width":1638,"height":2048,"caption":"Magnifique Petit sac Bolga tress\u00e9 \u00e0 la main par les femmes issues de la ville de Bolgatanga (Ghana)"},{"@type":"BreadcrumbList","@id":"https:\/\/www.comoe-art.com\/index.php\/produit\/sac-pot-bolga-8\/#breadcrumb","itemListElement":[{"@type":"ListItem","position":1,"name":"Accueil","item":"https:\/\/www.comoe-art.com\/"},{"@type":"ListItem","position":2,"name":"The Shop","item":"https:\/\/www.comoe-art.com\/index.php\/shop\/"},{"@type":"ListItem","position":3,"name":"Sac Pot Bolga"}]},{"@type":"WebSite","@id":"https:\/\/www.comoe-art.com\/#website","url":"https:\/\/www.comoe-art.com\/","name":"Comoe-art","description":"","potentialAction":[{"@type":"SearchAction","target":{"@type":"EntryPoint","urlTemplate":"https:\/\/www.comoe-art.com\/?s={search_term_string}"},"query-input":"required name=search_term_string"}],"inLanguage":"fr-FR"}]}},"_links":{"self":[{"href":"https:\/\/www.comoe-art.com\/index.php\/wp-json\/wp\/v2\/product\/1461344"}],"collection":[{"href":"https:\/\/www.comoe-art.com\/index.php\/wp-json\/wp\/v2\/product"}],"about":[{"href":"https:\/\/www.comoe-art.com\/index.php\/wp-json\/wp\/v2\/types\/product"}],"replies":[{"embeddable":true,"href":"https:\/\/www.comoe-art.com\/index.php\/wp-json\/wp\/v2\/comments?post=1461344"}],"wp:featuredmedia":[{"embeddable":true,"href":"https:\/\/www.comoe-art.com\/index.php\/wp-json\/wp\/v2\/media\/1447503"}],"wp:attachment":[{"href":"https:\/\/www.comoe-art.com\/index.php\/wp-json\/wp\/v2\/media?parent=1461344"}],"wp:term":[{"taxonomy":"product_cat","embeddable":true,"href":"https:\/\/www.comoe-art.com\/index.php\/wp-json\/wp\/v2\/product_cat?post=1461344"},{"taxonomy":"product_tag","embeddable":true,"href":"https:\/\/www.comoe-art.com\/index.php\/wp-json\/wp\/v2\/product_tag?post=1461344"}],"curies":[{"name":"wp","href":"https:\/\/api.w.org\/{rel}","templated":true}]}}