{"id":1502954,"date":"2024-01-04T12:18:59","date_gmt":"2024-01-04T11:18:59","guid":{"rendered":"http:\/\/www.comoe-art.com\/?post_type=product&#038;p=1502954"},"modified":"2024-03-01T23:38:39","modified_gmt":"2024-03-01T22:38:39","slug":"tapis-ethnique-6","status":"publish","type":"product","link":"https:\/\/www.comoe-art.com\/index.php\/produit\/tapis-ethnique-6\/","title":{"rendered":"Tapis ethnique"},"content":{"rendered":"<p>Tapis fait en coton avec un m\u00e9tier \u00e0 tisser artisanal.<\/p>\n<p>Ce tapis ethnique est un excellent choix pour ajouter une touche de style et d&#8217;exotisme \u00e0 votre int\u00e9rieur. Il est fabriqu\u00e9 en coton, ce qui lui conf\u00e8re une qualit\u00e9 et une durabilit\u00e9 exceptionnelles.<\/p>\n<p>Dimensions: 130 cm X 70 cm<\/p>\n","protected":false},"excerpt":{"rendered":"<p>Ce tapis ethnique est un excellent choix pour ajouter une touche de style et d&#8217;exotisme \u00e0 votre int\u00e9rieur. Il est fabriqu\u00e9 en coton, ce qui lui conf\u00e8re une qualit\u00e9 et une durabilit\u00e9 exceptionnelles.<\/p>\n<p>&nbsp;<\/p>\n","protected":false},"featured_media":1502668,"comment_status":"open","ping_status":"closed","template":"","meta":[],"product_cat":[83,86],"product_tag":[],"yoast_head":"<!-- This site is optimized with the Yoast SEO plugin v22.5 - https:\/\/yoast.com\/wordpress\/plugins\/seo\/ -->\n<title>Tapis ethnique - Comoe-art<\/title>\n<meta name=\"robots\" content=\"index, follow, max-snippet:-1, max-image-preview:large, max-video-preview:-1\" \/>\n<link rel=\"canonical\" href=\"https:\/\/www.comoe-art.com\/index.php\/produit\/tapis-ethnique-6\/\" \/>\n<meta property=\"og:locale\" content=\"fr_FR\" \/>\n<meta property=\"og:type\" content=\"article\" \/>\n<meta property=\"og:title\" content=\"Tapis ethnique - Comoe-art\" \/>\n<meta property=\"og:description\" content=\"Ce tapis ethnique est un excellent choix pour ajouter une touche de style et d&#039;exotisme \u00e0 votre int\u00e9rieur. Il est fabriqu\u00e9 en coton, ce qui lui conf\u00e8re une qualit\u00e9 et une durabilit\u00e9 exceptionnelles.  &nbsp;\" \/>\n<meta property=\"og:url\" content=\"https:\/\/www.comoe-art.com\/index.php\/produit\/tapis-ethnique-6\/\" \/>\n<meta property=\"og:site_name\" content=\"Comoe-art\" \/>\n<meta property=\"article:modified_time\" content=\"2024-03-01T22:38:39+00:00\" \/>\n<meta property=\"og:image\" content=\"https:\/\/www.comoe-art.com\/wp-content\/uploads\/2020\/11\/P1413052.jpg\" \/>\n\t<meta property=\"og:image:width\" content=\"1638\" \/>\n\t<meta property=\"og:image:height\" content=\"2048\" \/>\n\t<meta property=\"og:image:type\" content=\"image\/jpeg\" \/>\n<meta name=\"twitter:card\" content=\"summary_large_image\" \/>\n<script type=\"application\/ld+json\" class=\"yoast-schema-graph\">{\"@context\":\"https:\/\/schema.org\",\"@graph\":[{\"@type\":\"WebPage\",\"@id\":\"https:\/\/www.comoe-art.com\/index.php\/produit\/tapis-ethnique-6\/\",\"url\":\"https:\/\/www.comoe-art.com\/index.php\/produit\/tapis-ethnique-6\/\",\"name\":\"Tapis ethnique - Comoe-art\",\"isPartOf\":{\"@id\":\"https:\/\/www.comoe-art.com\/#website\"},\"primaryImageOfPage\":{\"@id\":\"https:\/\/www.comoe-art.com\/index.php\/produit\/tapis-ethnique-6\/#primaryimage\"},\"image\":{\"@id\":\"https:\/\/www.comoe-art.com\/index.php\/produit\/tapis-ethnique-6\/#primaryimage\"},\"thumbnailUrl\":\"https:\/\/www.comoe-art.com\/wp-content\/uploads\/2020\/11\/P1413052.jpg\",\"datePublished\":\"2024-01-04T11:18:59+00:00\",\"dateModified\":\"2024-03-01T22:38:39+00:00\",\"breadcrumb\":{\"@id\":\"https:\/\/www.comoe-art.com\/index.php\/produit\/tapis-ethnique-6\/#breadcrumb\"},\"inLanguage\":\"fr-FR\",\"potentialAction\":[{\"@type\":\"ReadAction\",\"target\":[\"https:\/\/www.comoe-art.com\/index.php\/produit\/tapis-ethnique-6\/\"]}]},{\"@type\":\"ImageObject\",\"inLanguage\":\"fr-FR\",\"@id\":\"https:\/\/www.comoe-art.com\/index.php\/produit\/tapis-ethnique-6\/#primaryimage\",\"url\":\"https:\/\/www.comoe-art.com\/wp-content\/uploads\/2020\/11\/P1413052.jpg\",\"contentUrl\":\"https:\/\/www.comoe-art.com\/wp-content\/uploads\/2020\/11\/P1413052.jpg\",\"width\":1638,\"height\":2048,\"caption\":\"Tapis fait en coton avec un m\u00e9tier \u00e0 tisser artisanal.\"},{\"@type\":\"BreadcrumbList\",\"@id\":\"https:\/\/www.comoe-art.com\/index.php\/produit\/tapis-ethnique-6\/#breadcrumb\",\"itemListElement\":[{\"@type\":\"ListItem\",\"position\":1,\"name\":\"Accueil\",\"item\":\"https:\/\/www.comoe-art.com\/\"},{\"@type\":\"ListItem\",\"position\":2,\"name\":\"The Shop\",\"item\":\"https:\/\/www.comoe-art.com\/index.php\/shop\/\"},{\"@type\":\"ListItem\",\"position\":3,\"name\":\"Tapis ethnique\"}]},{\"@type\":\"WebSite\",\"@id\":\"https:\/\/www.comoe-art.com\/#website\",\"url\":\"https:\/\/www.comoe-art.com\/\",\"name\":\"Comoe-art\",\"description\":\"\",\"potentialAction\":[{\"@type\":\"SearchAction\",\"target\":{\"@type\":\"EntryPoint\",\"urlTemplate\":\"https:\/\/www.comoe-art.com\/?s={search_term_string}\"},\"query-input\":\"required name=search_term_string\"}],\"inLanguage\":\"fr-FR\"}]}<\/script>\n<!-- \/ Yoast SEO plugin. -->","yoast_head_json":{"title":"Tapis ethnique - Comoe-art","robots":{"index":"index","follow":"follow","max-snippet":"max-snippet:-1","max-image-preview":"max-image-preview:large","max-video-preview":"max-video-preview:-1"},"canonical":"https:\/\/www.comoe-art.com\/index.php\/produit\/tapis-ethnique-6\/","og_locale":"fr_FR","og_type":"article","og_title":"Tapis ethnique - Comoe-art","og_description":"Ce tapis ethnique est un excellent choix pour ajouter une touche de style et d'exotisme \u00e0 votre int\u00e9rieur. Il est fabriqu\u00e9 en coton, ce qui lui conf\u00e8re une qualit\u00e9 et une durabilit\u00e9 exceptionnelles.  &nbsp;","og_url":"https:\/\/www.comoe-art.com\/index.php\/produit\/tapis-ethnique-6\/","og_site_name":"Comoe-art","article_modified_time":"2024-03-01T22:38:39+00:00","og_image":[{"width":1638,"height":2048,"url":"https:\/\/www.comoe-art.com\/wp-content\/uploads\/2020\/11\/P1413052.jpg","type":"image\/jpeg"}],"twitter_card":"summary_large_image","schema":{"@context":"https:\/\/schema.org","@graph":[{"@type":"WebPage","@id":"https:\/\/www.comoe-art.com\/index.php\/produit\/tapis-ethnique-6\/","url":"https:\/\/www.comoe-art.com\/index.php\/produit\/tapis-ethnique-6\/","name":"Tapis ethnique - Comoe-art","isPartOf":{"@id":"https:\/\/www.comoe-art.com\/#website"},"primaryImageOfPage":{"@id":"https:\/\/www.comoe-art.com\/index.php\/produit\/tapis-ethnique-6\/#primaryimage"},"image":{"@id":"https:\/\/www.comoe-art.com\/index.php\/produit\/tapis-ethnique-6\/#primaryimage"},"thumbnailUrl":"https:\/\/www.comoe-art.com\/wp-content\/uploads\/2020\/11\/P1413052.jpg","datePublished":"2024-01-04T11:18:59+00:00","dateModified":"2024-03-01T22:38:39+00:00","breadcrumb":{"@id":"https:\/\/www.comoe-art.com\/index.php\/produit\/tapis-ethnique-6\/#breadcrumb"},"inLanguage":"fr-FR","potentialAction":[{"@type":"ReadAction","target":["https:\/\/www.comoe-art.com\/index.php\/produit\/tapis-ethnique-6\/"]}]},{"@type":"ImageObject","inLanguage":"fr-FR","@id":"https:\/\/www.comoe-art.com\/index.php\/produit\/tapis-ethnique-6\/#primaryimage","url":"https:\/\/www.comoe-art.com\/wp-content\/uploads\/2020\/11\/P1413052.jpg","contentUrl":"https:\/\/www.comoe-art.com\/wp-content\/uploads\/2020\/11\/P1413052.jpg","width":1638,"height":2048,"caption":"Tapis fait en coton avec un m\u00e9tier \u00e0 tisser artisanal."},{"@type":"BreadcrumbList","@id":"https:\/\/www.comoe-art.com\/index.php\/produit\/tapis-ethnique-6\/#breadcrumb","itemListElement":[{"@type":"ListItem","position":1,"name":"Accueil","item":"https:\/\/www.comoe-art.com\/"},{"@type":"ListItem","position":2,"name":"The Shop","item":"https:\/\/www.comoe-art.com\/index.php\/shop\/"},{"@type":"ListItem","position":3,"name":"Tapis ethnique"}]},{"@type":"WebSite","@id":"https:\/\/www.comoe-art.com\/#website","url":"https:\/\/www.comoe-art.com\/","name":"Comoe-art","description":"","potentialAction":[{"@type":"SearchAction","target":{"@type":"EntryPoint","urlTemplate":"https:\/\/www.comoe-art.com\/?s={search_term_string}"},"query-input":"required name=search_term_string"}],"inLanguage":"fr-FR"}]}},"_links":{"self":[{"href":"https:\/\/www.comoe-art.com\/index.php\/wp-json\/wp\/v2\/product\/1502954"}],"collection":[{"href":"https:\/\/www.comoe-art.com\/index.php\/wp-json\/wp\/v2\/product"}],"about":[{"href":"https:\/\/www.comoe-art.com\/index.php\/wp-json\/wp\/v2\/types\/product"}],"replies":[{"embeddable":true,"href":"https:\/\/www.comoe-art.com\/index.php\/wp-json\/wp\/v2\/comments?post=1502954"}],"wp:featuredmedia":[{"embeddable":true,"href":"https:\/\/www.comoe-art.com\/index.php\/wp-json\/wp\/v2\/media\/1502668"}],"wp:attachment":[{"href":"https:\/\/www.comoe-art.com\/index.php\/wp-json\/wp\/v2\/media?parent=1502954"}],"wp:term":[{"taxonomy":"product_cat","embeddable":true,"href":"https:\/\/www.comoe-art.com\/index.php\/wp-json\/wp\/v2\/product_cat?post=1502954"},{"taxonomy":"product_tag","embeddable":true,"href":"https:\/\/www.comoe-art.com\/index.php\/wp-json\/wp\/v2\/product_tag?post=1502954"}],"curies":[{"name":"wp","href":"https:\/\/api.w.org\/{rel}","templated":true}]}}