{"id":1503325,"date":"2024-01-04T15:45:18","date_gmt":"2024-01-04T14:45:18","guid":{"rendered":"http:\/\/www.comoe-art.com\/?post_type=product&#038;p=1503325"},"modified":"2024-01-06T13:46:55","modified_gmt":"2024-01-06T12:46:55","slug":"fauteuil-tresse-africain-4","status":"publish","type":"product","link":"https:\/\/www.comoe-art.com\/index.php\/produit\/fauteuil-tresse-africain-4\/","title":{"rendered":"Fauteuil tress\u00e9 Africain"},"content":{"rendered":"<p><span id=\"p62\">Tiss\u00e9 \u00e0 la main en fil de p\u00eache, ce fauteuil rond saura apporter de la gaiet\u00e9 \u00e0 votre int\u00e9rieur ainsi qu&#8217;\u00e0 votre ext\u00e9rieur.<\/span><span id=\"p63\">\u00a0<\/span><\/p>\n<p><span id=\"p64\">La structure du fauteuil est en m\u00e9tal, avec un cadre rond et des pieds incurv\u00e9s.<\/span><span id=\"p65\"> Le fil de p\u00eache est tiss\u00e9 autour de la structure, formant une assise et un dossier confortable.<\/span><span id=\"p66\">\u00a0<\/span><\/p>\n<p>Le motif du fauteuil est compos\u00e9 de bandes de couleurs vives.<\/p>\n<p><span id=\"p67\">Fabriqu\u00e9e par des artisans locaux, qui utilisent des mat\u00e9riaux recycl\u00e9s pour cr\u00e9er des objets uniques et \u00e9l\u00e9gants, cette chaise est un objet d\u00e9coratif et pratique.<\/span><span id=\"p68\">\u00a0<\/span><\/p>\n<p>Elle peut \u00eatre utilis\u00e9e comme fauteuil d&#8217;appoint ou comme si\u00e8ge dans une pi\u00e8ce \u00e0 vivre.<span id=\"p69\"> Elle est \u00e9galement tr\u00e8s l\u00e9g\u00e8re, ce qui la rend facile \u00e0 d\u00e9placer.<\/span><\/p>\n","protected":false},"excerpt":{"rendered":"<p><span id=\"p62\">Tiss\u00e9 \u00e0 la main en fil de p\u00eache, ce fauteuil rond saura apporter de la gaiet\u00e9 \u00e0 votre int\u00e9rieur ainsi qu&#8217;\u00e0 votre ext\u00e9rieur.<\/span><span id=\"p63\">\u00a0<\/span><\/p>\n<p><span id=\"p64\">La structure du fauteuil est en m\u00e9tal, avec un cadre rond et des pieds incurv\u00e9s.<\/span><span id=\"p65\"> Le fil de p\u00eache est tiss\u00e9 autour de la structure, formant une assise et un dossier confortable.<\/span><span id=\"p66\">\u00a0<\/span><\/p>\n","protected":false},"featured_media":1502684,"comment_status":"open","ping_status":"closed","template":"","meta":[],"product_cat":[15],"product_tag":[],"yoast_head":"<!-- This site is optimized with the Yoast SEO plugin v22.5 - https:\/\/yoast.com\/wordpress\/plugins\/seo\/ -->\n<title>Fauteuil tress\u00e9 Africain - Comoe-art<\/title>\n<meta name=\"robots\" content=\"index, follow, max-snippet:-1, max-image-preview:large, max-video-preview:-1\" \/>\n<link rel=\"canonical\" href=\"https:\/\/www.comoe-art.com\/index.php\/produit\/fauteuil-tresse-africain-4\/\" \/>\n<meta property=\"og:locale\" content=\"fr_FR\" \/>\n<meta property=\"og:type\" content=\"article\" \/>\n<meta property=\"og:title\" content=\"Fauteuil tress\u00e9 Africain - Comoe-art\" \/>\n<meta property=\"og:description\" content=\"Tiss\u00e9 \u00e0 la main en fil de p\u00eache, ce fauteuil rond saura apporter de la gaiet\u00e9 \u00e0 votre int\u00e9rieur ainsi qu&#039;\u00e0 votre ext\u00e9rieur.\u00a0  La structure du fauteuil est en m\u00e9tal, avec un cadre rond et des pieds incurv\u00e9s. Le fil de p\u00eache est tiss\u00e9 autour de la structure, formant une assise et un dossier confortable.\u00a0\" \/>\n<meta property=\"og:url\" content=\"https:\/\/www.comoe-art.com\/index.php\/produit\/fauteuil-tresse-africain-4\/\" \/>\n<meta property=\"og:site_name\" content=\"Comoe-art\" \/>\n<meta property=\"article:modified_time\" content=\"2024-01-06T12:46:55+00:00\" \/>\n<meta property=\"og:image\" content=\"https:\/\/www.comoe-art.com\/wp-content\/uploads\/2020\/11\/P1413067.jpg\" \/>\n\t<meta property=\"og:image:width\" content=\"1638\" \/>\n\t<meta property=\"og:image:height\" content=\"2048\" \/>\n\t<meta property=\"og:image:type\" content=\"image\/jpeg\" \/>\n<meta name=\"twitter:card\" content=\"summary_large_image\" \/>\n<meta name=\"twitter:label1\" content=\"Dur\u00e9e de lecture estim\u00e9e\" \/>\n\t<meta name=\"twitter:data1\" content=\"1 minute\" \/>\n<script type=\"application\/ld+json\" class=\"yoast-schema-graph\">{\"@context\":\"https:\/\/schema.org\",\"@graph\":[{\"@type\":\"WebPage\",\"@id\":\"https:\/\/www.comoe-art.com\/index.php\/produit\/fauteuil-tresse-africain-4\/\",\"url\":\"https:\/\/www.comoe-art.com\/index.php\/produit\/fauteuil-tresse-africain-4\/\",\"name\":\"Fauteuil tress\u00e9 Africain - Comoe-art\",\"isPartOf\":{\"@id\":\"https:\/\/www.comoe-art.com\/#website\"},\"primaryImageOfPage\":{\"@id\":\"https:\/\/www.comoe-art.com\/index.php\/produit\/fauteuil-tresse-africain-4\/#primaryimage\"},\"image\":{\"@id\":\"https:\/\/www.comoe-art.com\/index.php\/produit\/fauteuil-tresse-africain-4\/#primaryimage\"},\"thumbnailUrl\":\"https:\/\/www.comoe-art.com\/wp-content\/uploads\/2020\/11\/P1413067.jpg\",\"datePublished\":\"2024-01-04T14:45:18+00:00\",\"dateModified\":\"2024-01-06T12:46:55+00:00\",\"breadcrumb\":{\"@id\":\"https:\/\/www.comoe-art.com\/index.php\/produit\/fauteuil-tresse-africain-4\/#breadcrumb\"},\"inLanguage\":\"fr-FR\",\"potentialAction\":[{\"@type\":\"ReadAction\",\"target\":[\"https:\/\/www.comoe-art.com\/index.php\/produit\/fauteuil-tresse-africain-4\/\"]}]},{\"@type\":\"ImageObject\",\"inLanguage\":\"fr-FR\",\"@id\":\"https:\/\/www.comoe-art.com\/index.php\/produit\/fauteuil-tresse-africain-4\/#primaryimage\",\"url\":\"https:\/\/www.comoe-art.com\/wp-content\/uploads\/2020\/11\/P1413067.jpg\",\"contentUrl\":\"https:\/\/www.comoe-art.com\/wp-content\/uploads\/2020\/11\/P1413067.jpg\",\"width\":1638,\"height\":2048,\"caption\":\"Tiss\u00e9 \u00e0 la main en fil de p\u00eache, ce fauteuil rond saura apporter de la gaiet\u00e9 \u00e0 votre int\u00e9rieur ainsi qu'\u00e0 votre ext\u00e9rieur.\"},{\"@type\":\"BreadcrumbList\",\"@id\":\"https:\/\/www.comoe-art.com\/index.php\/produit\/fauteuil-tresse-africain-4\/#breadcrumb\",\"itemListElement\":[{\"@type\":\"ListItem\",\"position\":1,\"name\":\"Accueil\",\"item\":\"https:\/\/www.comoe-art.com\/\"},{\"@type\":\"ListItem\",\"position\":2,\"name\":\"The Shop\",\"item\":\"https:\/\/www.comoe-art.com\/index.php\/shop\/\"},{\"@type\":\"ListItem\",\"position\":3,\"name\":\"Fauteuil tress\u00e9 Africain\"}]},{\"@type\":\"WebSite\",\"@id\":\"https:\/\/www.comoe-art.com\/#website\",\"url\":\"https:\/\/www.comoe-art.com\/\",\"name\":\"Comoe-art\",\"description\":\"\",\"potentialAction\":[{\"@type\":\"SearchAction\",\"target\":{\"@type\":\"EntryPoint\",\"urlTemplate\":\"https:\/\/www.comoe-art.com\/?s={search_term_string}\"},\"query-input\":\"required name=search_term_string\"}],\"inLanguage\":\"fr-FR\"}]}<\/script>\n<!-- \/ Yoast SEO plugin. -->","yoast_head_json":{"title":"Fauteuil tress\u00e9 Africain - Comoe-art","robots":{"index":"index","follow":"follow","max-snippet":"max-snippet:-1","max-image-preview":"max-image-preview:large","max-video-preview":"max-video-preview:-1"},"canonical":"https:\/\/www.comoe-art.com\/index.php\/produit\/fauteuil-tresse-africain-4\/","og_locale":"fr_FR","og_type":"article","og_title":"Fauteuil tress\u00e9 Africain - Comoe-art","og_description":"Tiss\u00e9 \u00e0 la main en fil de p\u00eache, ce fauteuil rond saura apporter de la gaiet\u00e9 \u00e0 votre int\u00e9rieur ainsi qu'\u00e0 votre ext\u00e9rieur.\u00a0  La structure du fauteuil est en m\u00e9tal, avec un cadre rond et des pieds incurv\u00e9s. Le fil de p\u00eache est tiss\u00e9 autour de la structure, formant une assise et un dossier confortable.\u00a0","og_url":"https:\/\/www.comoe-art.com\/index.php\/produit\/fauteuil-tresse-africain-4\/","og_site_name":"Comoe-art","article_modified_time":"2024-01-06T12:46:55+00:00","og_image":[{"width":1638,"height":2048,"url":"https:\/\/www.comoe-art.com\/wp-content\/uploads\/2020\/11\/P1413067.jpg","type":"image\/jpeg"}],"twitter_card":"summary_large_image","twitter_misc":{"Dur\u00e9e de lecture estim\u00e9e":"1 minute"},"schema":{"@context":"https:\/\/schema.org","@graph":[{"@type":"WebPage","@id":"https:\/\/www.comoe-art.com\/index.php\/produit\/fauteuil-tresse-africain-4\/","url":"https:\/\/www.comoe-art.com\/index.php\/produit\/fauteuil-tresse-africain-4\/","name":"Fauteuil tress\u00e9 Africain - Comoe-art","isPartOf":{"@id":"https:\/\/www.comoe-art.com\/#website"},"primaryImageOfPage":{"@id":"https:\/\/www.comoe-art.com\/index.php\/produit\/fauteuil-tresse-africain-4\/#primaryimage"},"image":{"@id":"https:\/\/www.comoe-art.com\/index.php\/produit\/fauteuil-tresse-africain-4\/#primaryimage"},"thumbnailUrl":"https:\/\/www.comoe-art.com\/wp-content\/uploads\/2020\/11\/P1413067.jpg","datePublished":"2024-01-04T14:45:18+00:00","dateModified":"2024-01-06T12:46:55+00:00","breadcrumb":{"@id":"https:\/\/www.comoe-art.com\/index.php\/produit\/fauteuil-tresse-africain-4\/#breadcrumb"},"inLanguage":"fr-FR","potentialAction":[{"@type":"ReadAction","target":["https:\/\/www.comoe-art.com\/index.php\/produit\/fauteuil-tresse-africain-4\/"]}]},{"@type":"ImageObject","inLanguage":"fr-FR","@id":"https:\/\/www.comoe-art.com\/index.php\/produit\/fauteuil-tresse-africain-4\/#primaryimage","url":"https:\/\/www.comoe-art.com\/wp-content\/uploads\/2020\/11\/P1413067.jpg","contentUrl":"https:\/\/www.comoe-art.com\/wp-content\/uploads\/2020\/11\/P1413067.jpg","width":1638,"height":2048,"caption":"Tiss\u00e9 \u00e0 la main en fil de p\u00eache, ce fauteuil rond saura apporter de la gaiet\u00e9 \u00e0 votre int\u00e9rieur ainsi qu'\u00e0 votre ext\u00e9rieur."},{"@type":"BreadcrumbList","@id":"https:\/\/www.comoe-art.com\/index.php\/produit\/fauteuil-tresse-africain-4\/#breadcrumb","itemListElement":[{"@type":"ListItem","position":1,"name":"Accueil","item":"https:\/\/www.comoe-art.com\/"},{"@type":"ListItem","position":2,"name":"The Shop","item":"https:\/\/www.comoe-art.com\/index.php\/shop\/"},{"@type":"ListItem","position":3,"name":"Fauteuil tress\u00e9 Africain"}]},{"@type":"WebSite","@id":"https:\/\/www.comoe-art.com\/#website","url":"https:\/\/www.comoe-art.com\/","name":"Comoe-art","description":"","potentialAction":[{"@type":"SearchAction","target":{"@type":"EntryPoint","urlTemplate":"https:\/\/www.comoe-art.com\/?s={search_term_string}"},"query-input":"required name=search_term_string"}],"inLanguage":"fr-FR"}]}},"_links":{"self":[{"href":"https:\/\/www.comoe-art.com\/index.php\/wp-json\/wp\/v2\/product\/1503325"}],"collection":[{"href":"https:\/\/www.comoe-art.com\/index.php\/wp-json\/wp\/v2\/product"}],"about":[{"href":"https:\/\/www.comoe-art.com\/index.php\/wp-json\/wp\/v2\/types\/product"}],"replies":[{"embeddable":true,"href":"https:\/\/www.comoe-art.com\/index.php\/wp-json\/wp\/v2\/comments?post=1503325"}],"wp:featuredmedia":[{"embeddable":true,"href":"https:\/\/www.comoe-art.com\/index.php\/wp-json\/wp\/v2\/media\/1502684"}],"wp:attachment":[{"href":"https:\/\/www.comoe-art.com\/index.php\/wp-json\/wp\/v2\/media?parent=1503325"}],"wp:term":[{"taxonomy":"product_cat","embeddable":true,"href":"https:\/\/www.comoe-art.com\/index.php\/wp-json\/wp\/v2\/product_cat?post=1503325"},{"taxonomy":"product_tag","embeddable":true,"href":"https:\/\/www.comoe-art.com\/index.php\/wp-json\/wp\/v2\/product_tag?post=1503325"}],"curies":[{"name":"wp","href":"https:\/\/api.w.org\/{rel}","templated":true}]}}