{"id":16870,"date":"2020-10-19T13:00:43","date_gmt":"2020-10-19T11:00:43","guid":{"rendered":"http:\/\/51.210.182.76\/wordpress\/?post_type=product&#038;p=16870"},"modified":"2023-10-18T15:28:37","modified_gmt":"2023-10-18T13:28:37","slug":"tissu-indigo-adire-et-teint","status":"publish","type":"product","link":"https:\/\/www.comoe-art.com\/index.php\/produit\/tissu-indigo-adire-et-teint\/","title":{"rendered":"Tissu indigo adire et teint"},"content":{"rendered":"<p>Dimensions<br \/>\nLongueur 1m54<br \/>\nLargeur 1m10<\/p>\n<p>100% coton<\/p>\n","protected":false},"excerpt":{"rendered":"<p>Textiles indigo 100% coton sont teints selon les techniques anciennes au Burkina Faso. L&#8217;indigo est g\u00e9n\u00e9ralement utilis\u00e9 comme pagne on peut l&#8217;utiliser aussi sur le dos du canap\u00e9 sur un lit (longueur 1m54 et largeur 1m10).<\/p>\n","protected":false},"featured_media":16892,"comment_status":"open","ping_status":"closed","template":"","meta":[],"product_cat":[102,95,91],"product_tag":[],"yoast_head":"<!-- This site is optimized with the Yoast SEO plugin v22.5 - https:\/\/yoast.com\/wordpress\/plugins\/seo\/ -->\n<title>Tissu indigo adire et teint - Comoe-art<\/title>\n<meta name=\"robots\" content=\"index, follow, max-snippet:-1, max-image-preview:large, max-video-preview:-1\" \/>\n<link rel=\"canonical\" href=\"https:\/\/www.comoe-art.com\/index.php\/produit\/tissu-indigo-adire-et-teint\/\" \/>\n<meta property=\"og:locale\" content=\"fr_FR\" \/>\n<meta property=\"og:type\" content=\"article\" \/>\n<meta property=\"og:title\" content=\"Tissu indigo adire et teint - Comoe-art\" \/>\n<meta property=\"og:description\" content=\"Textiles indigo 100% coton sont teints selon les techniques anciennes au Burkina Faso. L&#039;indigo est g\u00e9n\u00e9ralement utilis\u00e9 comme pagne on peut l&#039;utiliser aussi sur le dos du canap\u00e9 sur un lit (longueur 1m54 et largeur 1m10).\" \/>\n<meta property=\"og:url\" content=\"https:\/\/www.comoe-art.com\/index.php\/produit\/tissu-indigo-adire-et-teint\/\" \/>\n<meta property=\"og:site_name\" content=\"Comoe-art\" \/>\n<meta property=\"article:modified_time\" content=\"2023-10-18T13:28:37+00:00\" \/>\n<meta property=\"og:image\" content=\"https:\/\/www.comoe-art.com\/wp-content\/uploads\/2020\/10\/tissu153-min.jpg\" \/>\n\t<meta property=\"og:image:width\" content=\"1600\" \/>\n\t<meta property=\"og:image:height\" content=\"1068\" \/>\n\t<meta property=\"og:image:type\" content=\"image\/jpeg\" \/>\n<meta name=\"twitter:card\" content=\"summary_large_image\" \/>\n<script type=\"application\/ld+json\" class=\"yoast-schema-graph\">{\"@context\":\"https:\/\/schema.org\",\"@graph\":[{\"@type\":\"WebPage\",\"@id\":\"https:\/\/www.comoe-art.com\/index.php\/produit\/tissu-indigo-adire-et-teint\/\",\"url\":\"https:\/\/www.comoe-art.com\/index.php\/produit\/tissu-indigo-adire-et-teint\/\",\"name\":\"Tissu indigo adire et teint - Comoe-art\",\"isPartOf\":{\"@id\":\"https:\/\/www.comoe-art.com\/#website\"},\"primaryImageOfPage\":{\"@id\":\"https:\/\/www.comoe-art.com\/index.php\/produit\/tissu-indigo-adire-et-teint\/#primaryimage\"},\"image\":{\"@id\":\"https:\/\/www.comoe-art.com\/index.php\/produit\/tissu-indigo-adire-et-teint\/#primaryimage\"},\"thumbnailUrl\":\"https:\/\/www.comoe-art.com\/wp-content\/uploads\/2020\/10\/tissu153-min.jpg\",\"datePublished\":\"2020-10-19T11:00:43+00:00\",\"dateModified\":\"2023-10-18T13:28:37+00:00\",\"breadcrumb\":{\"@id\":\"https:\/\/www.comoe-art.com\/index.php\/produit\/tissu-indigo-adire-et-teint\/#breadcrumb\"},\"inLanguage\":\"fr-FR\",\"potentialAction\":[{\"@type\":\"ReadAction\",\"target\":[\"https:\/\/www.comoe-art.com\/index.php\/produit\/tissu-indigo-adire-et-teint\/\"]}]},{\"@type\":\"ImageObject\",\"inLanguage\":\"fr-FR\",\"@id\":\"https:\/\/www.comoe-art.com\/index.php\/produit\/tissu-indigo-adire-et-teint\/#primaryimage\",\"url\":\"https:\/\/www.comoe-art.com\/wp-content\/uploads\/2020\/10\/tissu153-min.jpg\",\"contentUrl\":\"https:\/\/www.comoe-art.com\/wp-content\/uploads\/2020\/10\/tissu153-min.jpg\",\"width\":1600,\"height\":1068},{\"@type\":\"BreadcrumbList\",\"@id\":\"https:\/\/www.comoe-art.com\/index.php\/produit\/tissu-indigo-adire-et-teint\/#breadcrumb\",\"itemListElement\":[{\"@type\":\"ListItem\",\"position\":1,\"name\":\"Accueil\",\"item\":\"https:\/\/www.comoe-art.com\/\"},{\"@type\":\"ListItem\",\"position\":2,\"name\":\"The Shop\",\"item\":\"https:\/\/www.comoe-art.com\/index.php\/shop\/\"},{\"@type\":\"ListItem\",\"position\":3,\"name\":\"Tissu indigo adire et teint\"}]},{\"@type\":\"WebSite\",\"@id\":\"https:\/\/www.comoe-art.com\/#website\",\"url\":\"https:\/\/www.comoe-art.com\/\",\"name\":\"Comoe-art\",\"description\":\"\",\"potentialAction\":[{\"@type\":\"SearchAction\",\"target\":{\"@type\":\"EntryPoint\",\"urlTemplate\":\"https:\/\/www.comoe-art.com\/?s={search_term_string}\"},\"query-input\":\"required name=search_term_string\"}],\"inLanguage\":\"fr-FR\"}]}<\/script>\n<!-- \/ Yoast SEO plugin. -->","yoast_head_json":{"title":"Tissu indigo adire et teint - Comoe-art","robots":{"index":"index","follow":"follow","max-snippet":"max-snippet:-1","max-image-preview":"max-image-preview:large","max-video-preview":"max-video-preview:-1"},"canonical":"https:\/\/www.comoe-art.com\/index.php\/produit\/tissu-indigo-adire-et-teint\/","og_locale":"fr_FR","og_type":"article","og_title":"Tissu indigo adire et teint - Comoe-art","og_description":"Textiles indigo 100% coton sont teints selon les techniques anciennes au Burkina Faso. L'indigo est g\u00e9n\u00e9ralement utilis\u00e9 comme pagne on peut l'utiliser aussi sur le dos du canap\u00e9 sur un lit (longueur 1m54 et largeur 1m10).","og_url":"https:\/\/www.comoe-art.com\/index.php\/produit\/tissu-indigo-adire-et-teint\/","og_site_name":"Comoe-art","article_modified_time":"2023-10-18T13:28:37+00:00","og_image":[{"width":1600,"height":1068,"url":"https:\/\/www.comoe-art.com\/wp-content\/uploads\/2020\/10\/tissu153-min.jpg","type":"image\/jpeg"}],"twitter_card":"summary_large_image","schema":{"@context":"https:\/\/schema.org","@graph":[{"@type":"WebPage","@id":"https:\/\/www.comoe-art.com\/index.php\/produit\/tissu-indigo-adire-et-teint\/","url":"https:\/\/www.comoe-art.com\/index.php\/produit\/tissu-indigo-adire-et-teint\/","name":"Tissu indigo adire et teint - Comoe-art","isPartOf":{"@id":"https:\/\/www.comoe-art.com\/#website"},"primaryImageOfPage":{"@id":"https:\/\/www.comoe-art.com\/index.php\/produit\/tissu-indigo-adire-et-teint\/#primaryimage"},"image":{"@id":"https:\/\/www.comoe-art.com\/index.php\/produit\/tissu-indigo-adire-et-teint\/#primaryimage"},"thumbnailUrl":"https:\/\/www.comoe-art.com\/wp-content\/uploads\/2020\/10\/tissu153-min.jpg","datePublished":"2020-10-19T11:00:43+00:00","dateModified":"2023-10-18T13:28:37+00:00","breadcrumb":{"@id":"https:\/\/www.comoe-art.com\/index.php\/produit\/tissu-indigo-adire-et-teint\/#breadcrumb"},"inLanguage":"fr-FR","potentialAction":[{"@type":"ReadAction","target":["https:\/\/www.comoe-art.com\/index.php\/produit\/tissu-indigo-adire-et-teint\/"]}]},{"@type":"ImageObject","inLanguage":"fr-FR","@id":"https:\/\/www.comoe-art.com\/index.php\/produit\/tissu-indigo-adire-et-teint\/#primaryimage","url":"https:\/\/www.comoe-art.com\/wp-content\/uploads\/2020\/10\/tissu153-min.jpg","contentUrl":"https:\/\/www.comoe-art.com\/wp-content\/uploads\/2020\/10\/tissu153-min.jpg","width":1600,"height":1068},{"@type":"BreadcrumbList","@id":"https:\/\/www.comoe-art.com\/index.php\/produit\/tissu-indigo-adire-et-teint\/#breadcrumb","itemListElement":[{"@type":"ListItem","position":1,"name":"Accueil","item":"https:\/\/www.comoe-art.com\/"},{"@type":"ListItem","position":2,"name":"The Shop","item":"https:\/\/www.comoe-art.com\/index.php\/shop\/"},{"@type":"ListItem","position":3,"name":"Tissu indigo adire et teint"}]},{"@type":"WebSite","@id":"https:\/\/www.comoe-art.com\/#website","url":"https:\/\/www.comoe-art.com\/","name":"Comoe-art","description":"","potentialAction":[{"@type":"SearchAction","target":{"@type":"EntryPoint","urlTemplate":"https:\/\/www.comoe-art.com\/?s={search_term_string}"},"query-input":"required name=search_term_string"}],"inLanguage":"fr-FR"}]}},"_links":{"self":[{"href":"https:\/\/www.comoe-art.com\/index.php\/wp-json\/wp\/v2\/product\/16870"}],"collection":[{"href":"https:\/\/www.comoe-art.com\/index.php\/wp-json\/wp\/v2\/product"}],"about":[{"href":"https:\/\/www.comoe-art.com\/index.php\/wp-json\/wp\/v2\/types\/product"}],"replies":[{"embeddable":true,"href":"https:\/\/www.comoe-art.com\/index.php\/wp-json\/wp\/v2\/comments?post=16870"}],"wp:featuredmedia":[{"embeddable":true,"href":"https:\/\/www.comoe-art.com\/index.php\/wp-json\/wp\/v2\/media\/16892"}],"wp:attachment":[{"href":"https:\/\/www.comoe-art.com\/index.php\/wp-json\/wp\/v2\/media?parent=16870"}],"wp:term":[{"taxonomy":"product_cat","embeddable":true,"href":"https:\/\/www.comoe-art.com\/index.php\/wp-json\/wp\/v2\/product_cat?post=16870"},{"taxonomy":"product_tag","embeddable":true,"href":"https:\/\/www.comoe-art.com\/index.php\/wp-json\/wp\/v2\/product_tag?post=16870"}],"curies":[{"name":"wp","href":"https:\/\/api.w.org\/{rel}","templated":true}]}}