{"id":23611,"date":"2020-11-06T22:21:30","date_gmt":"2020-11-06T21:21:30","guid":{"rendered":"http:\/\/51.210.182.76\/wordpress\/?post_type=product&#038;p=23611"},"modified":"2024-01-04T11:54:46","modified_gmt":"2024-01-04T10:54:46","slug":"natte-tapis-africaine-5","status":"publish","type":"product","link":"https:\/\/www.comoe-art.com\/index.php\/produit\/natte-tapis-africaine-5\/","title":{"rendered":"Tapis africain en plastique recycl\u00e9"},"content":{"rendered":"<p>Magnifique tapis africain en plastique tiss\u00e9 en fils de plastique recycl\u00e9 et recyclable.<\/p>\n<p>Ce tapis en plastique color\u00e9, appel\u00e9 aussi natte africaine est un excellent choix pour ajouter une touche de style \u00e0 votre int\u00e9rieur ou ext\u00e9rieur. Il est fabriqu\u00e9 en polypropyl\u00e8ne, une fibre synth\u00e9tique durable et r\u00e9sistante aux intemp\u00e9ries. Le tapis est disponible dans une vari\u00e9t\u00e9 de couleurs vives, ce qui vous permet de l&#8217;adapter \u00e0 votre d\u00e9coration.<\/p>\n<p>Avantages:<br \/>\nAjoute une touche de style \u00e0 votre int\u00e9rieur ou ext\u00e9rieur<br \/>\nDurable et r\u00e9sistant aux intemp\u00e9ries<br \/>\nFacile \u00e0 nettoyer<\/p>\n<p>Dimensions : 220 x 150 cm environ<br \/>\nMat\u00e9riau : polypropyl\u00e8ne<br \/>\n\u00c9paisseur jusqu&#8217;\u00e0 2 m<\/p>\n","protected":false},"excerpt":{"rendered":"<p>Magnifique tapis africain en plastique tiss\u00e9 en fils de plastique recycl\u00e9 et recyclable.<\/p>\n<p>Ce tapis en plastique color\u00e9, appel\u00e9 aussi natte africaine est un excellent choix pour ajouter une touche de style \u00e0 votre int\u00e9rieur ou ext\u00e9rieur. Il est fabriqu\u00e9 en polypropyl\u00e8ne, une fibre synth\u00e9tique durable et r\u00e9sistante aux intemp\u00e9ries. Le tapis est disponible dans une vari\u00e9t\u00e9 de couleurs vives, ce qui vous permet de l&#8217;adapter \u00e0 votre d\u00e9coration.<\/p>\n","protected":false},"featured_media":1502647,"comment_status":"open","ping_status":"closed","template":"","meta":[],"product_cat":[83,86],"product_tag":[],"yoast_head":"<!-- This site is optimized with the Yoast SEO plugin v22.5 - https:\/\/yoast.com\/wordpress\/plugins\/seo\/ -->\n<title>Tapis africain en plastique recycl\u00e9 - Comoe-art<\/title>\n<meta name=\"robots\" content=\"index, follow, max-snippet:-1, max-image-preview:large, max-video-preview:-1\" \/>\n<link rel=\"canonical\" href=\"https:\/\/www.comoe-art.com\/index.php\/produit\/natte-tapis-africaine-5\/\" \/>\n<meta property=\"og:locale\" content=\"fr_FR\" \/>\n<meta property=\"og:type\" content=\"article\" \/>\n<meta property=\"og:title\" content=\"Tapis africain en plastique recycl\u00e9 - Comoe-art\" \/>\n<meta property=\"og:description\" content=\"Magnifique tapis africain en plastique tiss\u00e9 en fils de plastique recycl\u00e9 et recyclable.  Ce tapis en plastique color\u00e9, appel\u00e9 aussi natte africaine est un excellent choix pour ajouter une touche de style \u00e0 votre int\u00e9rieur ou ext\u00e9rieur. Il est fabriqu\u00e9 en polypropyl\u00e8ne, une fibre synth\u00e9tique durable et r\u00e9sistante aux intemp\u00e9ries. Le tapis est disponible dans une vari\u00e9t\u00e9 de couleurs vives, ce qui vous permet de l&#039;adapter \u00e0 votre d\u00e9coration.\" \/>\n<meta property=\"og:url\" content=\"https:\/\/www.comoe-art.com\/index.php\/produit\/natte-tapis-africaine-5\/\" \/>\n<meta property=\"og:site_name\" content=\"Comoe-art\" \/>\n<meta property=\"article:modified_time\" content=\"2024-01-04T10:54:46+00:00\" \/>\n<meta property=\"og:image\" content=\"https:\/\/www.comoe-art.com\/wp-content\/uploads\/2020\/11\/P1413032.jpg\" \/>\n\t<meta property=\"og:image:width\" content=\"2048\" \/>\n\t<meta property=\"og:image:height\" content=\"1638\" \/>\n\t<meta property=\"og:image:type\" content=\"image\/jpeg\" \/>\n<meta name=\"twitter:card\" content=\"summary_large_image\" \/>\n<meta name=\"twitter:label1\" content=\"Dur\u00e9e de lecture estim\u00e9e\" \/>\n\t<meta name=\"twitter:data1\" content=\"1 minute\" \/>\n<script type=\"application\/ld+json\" class=\"yoast-schema-graph\">{\"@context\":\"https:\/\/schema.org\",\"@graph\":[{\"@type\":\"WebPage\",\"@id\":\"https:\/\/www.comoe-art.com\/index.php\/produit\/natte-tapis-africaine-5\/\",\"url\":\"https:\/\/www.comoe-art.com\/index.php\/produit\/natte-tapis-africaine-5\/\",\"name\":\"Tapis africain en plastique recycl\u00e9 - Comoe-art\",\"isPartOf\":{\"@id\":\"https:\/\/www.comoe-art.com\/#website\"},\"primaryImageOfPage\":{\"@id\":\"https:\/\/www.comoe-art.com\/index.php\/produit\/natte-tapis-africaine-5\/#primaryimage\"},\"image\":{\"@id\":\"https:\/\/www.comoe-art.com\/index.php\/produit\/natte-tapis-africaine-5\/#primaryimage\"},\"thumbnailUrl\":\"https:\/\/www.comoe-art.com\/wp-content\/uploads\/2020\/11\/P1413032.jpg\",\"datePublished\":\"2020-11-06T21:21:30+00:00\",\"dateModified\":\"2024-01-04T10:54:46+00:00\",\"breadcrumb\":{\"@id\":\"https:\/\/www.comoe-art.com\/index.php\/produit\/natte-tapis-africaine-5\/#breadcrumb\"},\"inLanguage\":\"fr-FR\",\"potentialAction\":[{\"@type\":\"ReadAction\",\"target\":[\"https:\/\/www.comoe-art.com\/index.php\/produit\/natte-tapis-africaine-5\/\"]}]},{\"@type\":\"ImageObject\",\"inLanguage\":\"fr-FR\",\"@id\":\"https:\/\/www.comoe-art.com\/index.php\/produit\/natte-tapis-africaine-5\/#primaryimage\",\"url\":\"https:\/\/www.comoe-art.com\/wp-content\/uploads\/2020\/11\/P1413032.jpg\",\"contentUrl\":\"https:\/\/www.comoe-art.com\/wp-content\/uploads\/2020\/11\/P1413032.jpg\",\"width\":2048,\"height\":1638,\"caption\":\"Magnifique tapis africain en plastique tiss\u00e9 en fils de plastique recycl\u00e9 et recyclable.\"},{\"@type\":\"BreadcrumbList\",\"@id\":\"https:\/\/www.comoe-art.com\/index.php\/produit\/natte-tapis-africaine-5\/#breadcrumb\",\"itemListElement\":[{\"@type\":\"ListItem\",\"position\":1,\"name\":\"Accueil\",\"item\":\"https:\/\/www.comoe-art.com\/\"},{\"@type\":\"ListItem\",\"position\":2,\"name\":\"The Shop\",\"item\":\"https:\/\/www.comoe-art.com\/index.php\/shop\/\"},{\"@type\":\"ListItem\",\"position\":3,\"name\":\"Tapis africain en plastique recycl\u00e9\"}]},{\"@type\":\"WebSite\",\"@id\":\"https:\/\/www.comoe-art.com\/#website\",\"url\":\"https:\/\/www.comoe-art.com\/\",\"name\":\"Comoe-art\",\"description\":\"\",\"potentialAction\":[{\"@type\":\"SearchAction\",\"target\":{\"@type\":\"EntryPoint\",\"urlTemplate\":\"https:\/\/www.comoe-art.com\/?s={search_term_string}\"},\"query-input\":\"required name=search_term_string\"}],\"inLanguage\":\"fr-FR\"}]}<\/script>\n<!-- \/ Yoast SEO plugin. -->","yoast_head_json":{"title":"Tapis africain en plastique recycl\u00e9 - Comoe-art","robots":{"index":"index","follow":"follow","max-snippet":"max-snippet:-1","max-image-preview":"max-image-preview:large","max-video-preview":"max-video-preview:-1"},"canonical":"https:\/\/www.comoe-art.com\/index.php\/produit\/natte-tapis-africaine-5\/","og_locale":"fr_FR","og_type":"article","og_title":"Tapis africain en plastique recycl\u00e9 - Comoe-art","og_description":"Magnifique tapis africain en plastique tiss\u00e9 en fils de plastique recycl\u00e9 et recyclable.  Ce tapis en plastique color\u00e9, appel\u00e9 aussi natte africaine est un excellent choix pour ajouter une touche de style \u00e0 votre int\u00e9rieur ou ext\u00e9rieur. Il est fabriqu\u00e9 en polypropyl\u00e8ne, une fibre synth\u00e9tique durable et r\u00e9sistante aux intemp\u00e9ries. Le tapis est disponible dans une vari\u00e9t\u00e9 de couleurs vives, ce qui vous permet de l'adapter \u00e0 votre d\u00e9coration.","og_url":"https:\/\/www.comoe-art.com\/index.php\/produit\/natte-tapis-africaine-5\/","og_site_name":"Comoe-art","article_modified_time":"2024-01-04T10:54:46+00:00","og_image":[{"width":2048,"height":1638,"url":"https:\/\/www.comoe-art.com\/wp-content\/uploads\/2020\/11\/P1413032.jpg","type":"image\/jpeg"}],"twitter_card":"summary_large_image","twitter_misc":{"Dur\u00e9e de lecture estim\u00e9e":"1 minute"},"schema":{"@context":"https:\/\/schema.org","@graph":[{"@type":"WebPage","@id":"https:\/\/www.comoe-art.com\/index.php\/produit\/natte-tapis-africaine-5\/","url":"https:\/\/www.comoe-art.com\/index.php\/produit\/natte-tapis-africaine-5\/","name":"Tapis africain en plastique recycl\u00e9 - Comoe-art","isPartOf":{"@id":"https:\/\/www.comoe-art.com\/#website"},"primaryImageOfPage":{"@id":"https:\/\/www.comoe-art.com\/index.php\/produit\/natte-tapis-africaine-5\/#primaryimage"},"image":{"@id":"https:\/\/www.comoe-art.com\/index.php\/produit\/natte-tapis-africaine-5\/#primaryimage"},"thumbnailUrl":"https:\/\/www.comoe-art.com\/wp-content\/uploads\/2020\/11\/P1413032.jpg","datePublished":"2020-11-06T21:21:30+00:00","dateModified":"2024-01-04T10:54:46+00:00","breadcrumb":{"@id":"https:\/\/www.comoe-art.com\/index.php\/produit\/natte-tapis-africaine-5\/#breadcrumb"},"inLanguage":"fr-FR","potentialAction":[{"@type":"ReadAction","target":["https:\/\/www.comoe-art.com\/index.php\/produit\/natte-tapis-africaine-5\/"]}]},{"@type":"ImageObject","inLanguage":"fr-FR","@id":"https:\/\/www.comoe-art.com\/index.php\/produit\/natte-tapis-africaine-5\/#primaryimage","url":"https:\/\/www.comoe-art.com\/wp-content\/uploads\/2020\/11\/P1413032.jpg","contentUrl":"https:\/\/www.comoe-art.com\/wp-content\/uploads\/2020\/11\/P1413032.jpg","width":2048,"height":1638,"caption":"Magnifique tapis africain en plastique tiss\u00e9 en fils de plastique recycl\u00e9 et recyclable."},{"@type":"BreadcrumbList","@id":"https:\/\/www.comoe-art.com\/index.php\/produit\/natte-tapis-africaine-5\/#breadcrumb","itemListElement":[{"@type":"ListItem","position":1,"name":"Accueil","item":"https:\/\/www.comoe-art.com\/"},{"@type":"ListItem","position":2,"name":"The Shop","item":"https:\/\/www.comoe-art.com\/index.php\/shop\/"},{"@type":"ListItem","position":3,"name":"Tapis africain en plastique recycl\u00e9"}]},{"@type":"WebSite","@id":"https:\/\/www.comoe-art.com\/#website","url":"https:\/\/www.comoe-art.com\/","name":"Comoe-art","description":"","potentialAction":[{"@type":"SearchAction","target":{"@type":"EntryPoint","urlTemplate":"https:\/\/www.comoe-art.com\/?s={search_term_string}"},"query-input":"required name=search_term_string"}],"inLanguage":"fr-FR"}]}},"_links":{"self":[{"href":"https:\/\/www.comoe-art.com\/index.php\/wp-json\/wp\/v2\/product\/23611"}],"collection":[{"href":"https:\/\/www.comoe-art.com\/index.php\/wp-json\/wp\/v2\/product"}],"about":[{"href":"https:\/\/www.comoe-art.com\/index.php\/wp-json\/wp\/v2\/types\/product"}],"replies":[{"embeddable":true,"href":"https:\/\/www.comoe-art.com\/index.php\/wp-json\/wp\/v2\/comments?post=23611"}],"wp:featuredmedia":[{"embeddable":true,"href":"https:\/\/www.comoe-art.com\/index.php\/wp-json\/wp\/v2\/media\/1502647"}],"wp:attachment":[{"href":"https:\/\/www.comoe-art.com\/index.php\/wp-json\/wp\/v2\/media?parent=23611"}],"wp:term":[{"taxonomy":"product_cat","embeddable":true,"href":"https:\/\/www.comoe-art.com\/index.php\/wp-json\/wp\/v2\/product_cat?post=23611"},{"taxonomy":"product_tag","embeddable":true,"href":"https:\/\/www.comoe-art.com\/index.php\/wp-json\/wp\/v2\/product_tag?post=23611"}],"curies":[{"name":"wp","href":"https:\/\/api.w.org\/{rel}","templated":true}]}}