{"id":2472453,"date":"2025-01-05T21:06:32","date_gmt":"2025-01-05T20:06:32","guid":{"rendered":"https:\/\/www.comoe-art.com\/?post_type=product&#038;p=2472453"},"modified":"2025-01-05T21:10:08","modified_gmt":"2025-01-05T20:10:08","slug":"panier-a-linge-7","status":"publish","type":"product","link":"https:\/\/www.comoe-art.com\/index.php\/produit\/panier-a-linge-7\/","title":{"rendered":"Panier \u00e0 linge"},"content":{"rendered":"<div id=\"wt-content-toggle-product-details-read-more\" class=\"wt-content-toggle__body wt-content-toggle__body--truncated-03 wt-content-toggle__body--truncated\" tabindex=\"-1\" aria-hidden=\"false\">\n<p>Apportez une touche d&#8217;\u00e9l\u00e9gance et de fonctionnalit\u00e9 \u00e0 votre quotidien avec ce panier \u00e0 linge artisanal, fabriqu\u00e9 \u00e0 la main par des artisans s\u00e9n\u00e9galais. Con\u00e7u \u00e0 partir de mat\u00e9riaux naturels comme la paille tress\u00e9e associ\u00e9 \u00e0 des fils de plastique recycl\u00e9 pour ajouter des touches de couleur et garantir une durabilit\u00e9 exceptionnelle, ce panier combine durabilit\u00e9, respect de l\u2019environnement et esth\u00e9tique vibrante. Chaque pi\u00e8ce est unique et refl\u00e8te l&#8217;excellence du savoir-faire traditionnel, avec des motifs g\u00e9om\u00e9triques et des couleurs audacieuses caract\u00e9ristiques de l&#8217;artisanat s\u00e9n\u00e9galais.<\/p>\n<p>Caract\u00e9ristiques du produit :<\/p>\n<p>Mat\u00e9riaux : Le panier est fabriqu\u00e9 \u00e0 partir de roseau naturel, un mat\u00e9riau robuste et l\u00e9ger, et de fils de plastique recycl\u00e9, qui ajoutent des touches de couleur et assurent une grande r\u00e9sistance \u00e0 l\u2019usure. Ce mariage de mat\u00e9riaux permet une utilisation quotidienne tout en respectant une d\u00e9marche \u00e9cologique.<\/p>\n<p>Design : Le panier pr\u00e9sente des motifs typiques de l&#8217;artisanat s\u00e9n\u00e9galais, avec des jeux de couleurs vives, cr\u00e9ant un effet visuel dynamique et harmonieux. Chaque panier est soigneusement tiss\u00e9 \u00e0 la main, ce qui garantit son caract\u00e8re unique.<\/p>\n<p>Polyvalence : Ce panier est id\u00e9al pour le rangement du linge, mais il peut aussi servir \u00e0 organiser divers objets dans la maison : jouets, couvertures, coussins ou m\u00eame comme pi\u00e8ce d\u00e9corative. Sa forme cylindrique et ses poign\u00e9es renforc\u00e9es facilitent son transport et son utilisation.<\/p>\n<p>Dimensions approximatives du grand panier :<br \/>\nSans le couvercle : Hauteur 50 cm, diam\u00e8tre 46 cm<br \/>\nAvec le couvercle : Hauteur 72 cm<\/p>\n<\/div>\n","protected":false},"excerpt":{"rendered":"<p>Apportez une touche d&#8217;\u00e9l\u00e9gance et de fonctionnalit\u00e9 \u00e0 votre quotidien avec ce panier \u00e0 linge artisanal, fabriqu\u00e9 \u00e0 la main par des artisans s\u00e9n\u00e9galais. Con\u00e7u \u00e0 partir de mat\u00e9riaux naturels comme la paille tress\u00e9e associ\u00e9 \u00e0 des fils de plastique recycl\u00e9 pour ajouter des touches de couleur et garantir une durabilit\u00e9 exceptionnelle, ce panier combine durabilit\u00e9, respect de l\u2019environnement et esth\u00e9tique vibrante. Chaque pi\u00e8ce est unique et refl\u00e8te l&#8217;excellence du savoir-faire traditionnel, avec des motifs g\u00e9om\u00e9triques et des couleurs audacieuses caract\u00e9ristiques de l&#8217;artisanat s\u00e9n\u00e9galais.<\/p>\n<p>&nbsp;<\/p>\n","protected":false},"featured_media":2472119,"comment_status":"open","ping_status":"closed","template":"","meta":[],"product_cat":[75,70,102],"product_tag":[],"yoast_head":"<!-- This site is optimized with the Yoast SEO plugin v22.5 - https:\/\/yoast.com\/wordpress\/plugins\/seo\/ -->\n<title>Panier \u00e0 linge - Comoe-art<\/title>\n<meta name=\"description\" content=\"Optez pour l&#039;\u00e9l\u00e9gance du panier \u00e0 linge s\u00e9n\u00e9galais, tiss\u00e9 \u00e0 la main avec des mat\u00e9riaux durables. Son design unique et color\u00e9 allie fonctionnalit\u00e9 et esth\u00e9tisme, apportant une touche authentique et pratique \u00e0 votre quotidien.\" \/>\n<meta name=\"robots\" content=\"index, follow, max-snippet:-1, max-image-preview:large, max-video-preview:-1\" \/>\n<link rel=\"canonical\" href=\"https:\/\/www.comoe-art.com\/index.php\/produit\/panier-a-linge-7\/\" \/>\n<meta property=\"og:locale\" content=\"fr_FR\" \/>\n<meta property=\"og:type\" content=\"article\" \/>\n<meta property=\"og:title\" content=\"Panier \u00e0 linge - Comoe-art\" \/>\n<meta property=\"og:description\" content=\"Optez pour l&#039;\u00e9l\u00e9gance du panier \u00e0 linge s\u00e9n\u00e9galais, tiss\u00e9 \u00e0 la main avec des mat\u00e9riaux durables. Son design unique et color\u00e9 allie fonctionnalit\u00e9 et esth\u00e9tisme, apportant une touche authentique et pratique \u00e0 votre quotidien.\" \/>\n<meta property=\"og:url\" content=\"https:\/\/www.comoe-art.com\/index.php\/produit\/panier-a-linge-7\/\" \/>\n<meta property=\"og:site_name\" content=\"Comoe-art\" \/>\n<meta property=\"article:modified_time\" content=\"2025-01-05T20:10:08+00:00\" \/>\n<meta property=\"og:image\" content=\"https:\/\/www.comoe-art.com\/wp-content\/uploads\/2024\/08\/SDIM0088-scaled.jpg\" \/>\n\t<meta property=\"og:image:width\" content=\"2560\" \/>\n\t<meta property=\"og:image:height\" content=\"2292\" \/>\n\t<meta property=\"og:image:type\" content=\"image\/jpeg\" \/>\n<meta name=\"twitter:card\" content=\"summary_large_image\" \/>\n<meta name=\"twitter:label1\" content=\"Dur\u00e9e de lecture estim\u00e9e\" \/>\n\t<meta name=\"twitter:data1\" content=\"2 minutes\" \/>\n<script type=\"application\/ld+json\" class=\"yoast-schema-graph\">{\"@context\":\"https:\/\/schema.org\",\"@graph\":[{\"@type\":\"WebPage\",\"@id\":\"https:\/\/www.comoe-art.com\/index.php\/produit\/panier-a-linge-7\/\",\"url\":\"https:\/\/www.comoe-art.com\/index.php\/produit\/panier-a-linge-7\/\",\"name\":\"Panier \u00e0 linge - Comoe-art\",\"isPartOf\":{\"@id\":\"https:\/\/www.comoe-art.com\/#website\"},\"primaryImageOfPage\":{\"@id\":\"https:\/\/www.comoe-art.com\/index.php\/produit\/panier-a-linge-7\/#primaryimage\"},\"image\":{\"@id\":\"https:\/\/www.comoe-art.com\/index.php\/produit\/panier-a-linge-7\/#primaryimage\"},\"thumbnailUrl\":\"https:\/\/www.comoe-art.com\/wp-content\/uploads\/2024\/08\/SDIM0088-scaled.jpg\",\"datePublished\":\"2025-01-05T20:06:32+00:00\",\"dateModified\":\"2025-01-05T20:10:08+00:00\",\"description\":\"Optez pour l'\u00e9l\u00e9gance du panier \u00e0 linge s\u00e9n\u00e9galais, tiss\u00e9 \u00e0 la main avec des mat\u00e9riaux durables. Son design unique et color\u00e9 allie fonctionnalit\u00e9 et esth\u00e9tisme, apportant une touche authentique et pratique \u00e0 votre quotidien.\",\"breadcrumb\":{\"@id\":\"https:\/\/www.comoe-art.com\/index.php\/produit\/panier-a-linge-7\/#breadcrumb\"},\"inLanguage\":\"fr-FR\",\"potentialAction\":[{\"@type\":\"ReadAction\",\"target\":[\"https:\/\/www.comoe-art.com\/index.php\/produit\/panier-a-linge-7\/\"]}]},{\"@type\":\"ImageObject\",\"inLanguage\":\"fr-FR\",\"@id\":\"https:\/\/www.comoe-art.com\/index.php\/produit\/panier-a-linge-7\/#primaryimage\",\"url\":\"https:\/\/www.comoe-art.com\/wp-content\/uploads\/2024\/08\/SDIM0088-scaled.jpg\",\"contentUrl\":\"https:\/\/www.comoe-art.com\/wp-content\/uploads\/2024\/08\/SDIM0088-scaled.jpg\",\"width\":2560,\"height\":2292},{\"@type\":\"BreadcrumbList\",\"@id\":\"https:\/\/www.comoe-art.com\/index.php\/produit\/panier-a-linge-7\/#breadcrumb\",\"itemListElement\":[{\"@type\":\"ListItem\",\"position\":1,\"name\":\"Accueil\",\"item\":\"https:\/\/www.comoe-art.com\/\"},{\"@type\":\"ListItem\",\"position\":2,\"name\":\"The Shop\",\"item\":\"https:\/\/www.comoe-art.com\/index.php\/shop\/\"},{\"@type\":\"ListItem\",\"position\":3,\"name\":\"Panier \u00e0 linge\"}]},{\"@type\":\"WebSite\",\"@id\":\"https:\/\/www.comoe-art.com\/#website\",\"url\":\"https:\/\/www.comoe-art.com\/\",\"name\":\"Comoe-art\",\"description\":\"\",\"potentialAction\":[{\"@type\":\"SearchAction\",\"target\":{\"@type\":\"EntryPoint\",\"urlTemplate\":\"https:\/\/www.comoe-art.com\/?s={search_term_string}\"},\"query-input\":\"required name=search_term_string\"}],\"inLanguage\":\"fr-FR\"}]}<\/script>\n<!-- \/ Yoast SEO plugin. -->","yoast_head_json":{"title":"Panier \u00e0 linge - Comoe-art","description":"Optez pour l'\u00e9l\u00e9gance du panier \u00e0 linge s\u00e9n\u00e9galais, tiss\u00e9 \u00e0 la main avec des mat\u00e9riaux durables. Son design unique et color\u00e9 allie fonctionnalit\u00e9 et esth\u00e9tisme, apportant une touche authentique et pratique \u00e0 votre quotidien.","robots":{"index":"index","follow":"follow","max-snippet":"max-snippet:-1","max-image-preview":"max-image-preview:large","max-video-preview":"max-video-preview:-1"},"canonical":"https:\/\/www.comoe-art.com\/index.php\/produit\/panier-a-linge-7\/","og_locale":"fr_FR","og_type":"article","og_title":"Panier \u00e0 linge - Comoe-art","og_description":"Optez pour l'\u00e9l\u00e9gance du panier \u00e0 linge s\u00e9n\u00e9galais, tiss\u00e9 \u00e0 la main avec des mat\u00e9riaux durables. Son design unique et color\u00e9 allie fonctionnalit\u00e9 et esth\u00e9tisme, apportant une touche authentique et pratique \u00e0 votre quotidien.","og_url":"https:\/\/www.comoe-art.com\/index.php\/produit\/panier-a-linge-7\/","og_site_name":"Comoe-art","article_modified_time":"2025-01-05T20:10:08+00:00","og_image":[{"width":2560,"height":2292,"url":"https:\/\/www.comoe-art.com\/wp-content\/uploads\/2024\/08\/SDIM0088-scaled.jpg","type":"image\/jpeg"}],"twitter_card":"summary_large_image","twitter_misc":{"Dur\u00e9e de lecture estim\u00e9e":"2 minutes"},"schema":{"@context":"https:\/\/schema.org","@graph":[{"@type":"WebPage","@id":"https:\/\/www.comoe-art.com\/index.php\/produit\/panier-a-linge-7\/","url":"https:\/\/www.comoe-art.com\/index.php\/produit\/panier-a-linge-7\/","name":"Panier \u00e0 linge - Comoe-art","isPartOf":{"@id":"https:\/\/www.comoe-art.com\/#website"},"primaryImageOfPage":{"@id":"https:\/\/www.comoe-art.com\/index.php\/produit\/panier-a-linge-7\/#primaryimage"},"image":{"@id":"https:\/\/www.comoe-art.com\/index.php\/produit\/panier-a-linge-7\/#primaryimage"},"thumbnailUrl":"https:\/\/www.comoe-art.com\/wp-content\/uploads\/2024\/08\/SDIM0088-scaled.jpg","datePublished":"2025-01-05T20:06:32+00:00","dateModified":"2025-01-05T20:10:08+00:00","description":"Optez pour l'\u00e9l\u00e9gance du panier \u00e0 linge s\u00e9n\u00e9galais, tiss\u00e9 \u00e0 la main avec des mat\u00e9riaux durables. Son design unique et color\u00e9 allie fonctionnalit\u00e9 et esth\u00e9tisme, apportant une touche authentique et pratique \u00e0 votre quotidien.","breadcrumb":{"@id":"https:\/\/www.comoe-art.com\/index.php\/produit\/panier-a-linge-7\/#breadcrumb"},"inLanguage":"fr-FR","potentialAction":[{"@type":"ReadAction","target":["https:\/\/www.comoe-art.com\/index.php\/produit\/panier-a-linge-7\/"]}]},{"@type":"ImageObject","inLanguage":"fr-FR","@id":"https:\/\/www.comoe-art.com\/index.php\/produit\/panier-a-linge-7\/#primaryimage","url":"https:\/\/www.comoe-art.com\/wp-content\/uploads\/2024\/08\/SDIM0088-scaled.jpg","contentUrl":"https:\/\/www.comoe-art.com\/wp-content\/uploads\/2024\/08\/SDIM0088-scaled.jpg","width":2560,"height":2292},{"@type":"BreadcrumbList","@id":"https:\/\/www.comoe-art.com\/index.php\/produit\/panier-a-linge-7\/#breadcrumb","itemListElement":[{"@type":"ListItem","position":1,"name":"Accueil","item":"https:\/\/www.comoe-art.com\/"},{"@type":"ListItem","position":2,"name":"The Shop","item":"https:\/\/www.comoe-art.com\/index.php\/shop\/"},{"@type":"ListItem","position":3,"name":"Panier \u00e0 linge"}]},{"@type":"WebSite","@id":"https:\/\/www.comoe-art.com\/#website","url":"https:\/\/www.comoe-art.com\/","name":"Comoe-art","description":"","potentialAction":[{"@type":"SearchAction","target":{"@type":"EntryPoint","urlTemplate":"https:\/\/www.comoe-art.com\/?s={search_term_string}"},"query-input":"required name=search_term_string"}],"inLanguage":"fr-FR"}]}},"_links":{"self":[{"href":"https:\/\/www.comoe-art.com\/index.php\/wp-json\/wp\/v2\/product\/2472453"}],"collection":[{"href":"https:\/\/www.comoe-art.com\/index.php\/wp-json\/wp\/v2\/product"}],"about":[{"href":"https:\/\/www.comoe-art.com\/index.php\/wp-json\/wp\/v2\/types\/product"}],"replies":[{"embeddable":true,"href":"https:\/\/www.comoe-art.com\/index.php\/wp-json\/wp\/v2\/comments?post=2472453"}],"wp:featuredmedia":[{"embeddable":true,"href":"https:\/\/www.comoe-art.com\/index.php\/wp-json\/wp\/v2\/media\/2472119"}],"wp:attachment":[{"href":"https:\/\/www.comoe-art.com\/index.php\/wp-json\/wp\/v2\/media?parent=2472453"}],"wp:term":[{"taxonomy":"product_cat","embeddable":true,"href":"https:\/\/www.comoe-art.com\/index.php\/wp-json\/wp\/v2\/product_cat?post=2472453"},{"taxonomy":"product_tag","embeddable":true,"href":"https:\/\/www.comoe-art.com\/index.php\/wp-json\/wp\/v2\/product_tag?post=2472453"}],"curies":[{"name":"wp","href":"https:\/\/api.w.org\/{rel}","templated":true}]}}