{"id":2472760,"date":"2025-01-05T22:04:49","date_gmt":"2025-01-05T21:04:49","guid":{"rendered":"https:\/\/www.comoe-art.com\/?post_type=product&#038;p=2472760"},"modified":"2025-01-05T22:07:56","modified_gmt":"2025-01-05T21:07:56","slug":"panier-de-rangement","status":"publish","type":"product","link":"https:\/\/www.comoe-art.com\/index.php\/produit\/panier-de-rangement\/","title":{"rendered":"Panier de rangement"},"content":{"rendered":"<div id=\"wt-content-toggle-product-details-read-more\" class=\"wt-content-toggle__body wt-content-toggle__body--truncated-03 wt-content-toggle__body--truncated\" tabindex=\"-1\" aria-hidden=\"false\">\n<p>Petit panier multifonctions enti\u00e8rement fait de mani\u00e8re artisanale. Principalement constitu\u00e9 de paille enrob\u00e9e de fils de couleurs, ce panier est un accessoire \u00e9l\u00e9gant et pratique qui ajoutera une touche de couleur \u00e0 votre int\u00e9rieur. Il est fabriqu\u00e9 \u00e0 la main \u00e0 partir de fibre naturelle durable et r\u00e9sistante.<\/p>\n<p>Le panier est de taille compacte, ce qui le rend id\u00e9al pour ranger de petits objets, tels que des bijoux, des cl\u00e9s ou des cosm\u00e9tiques. Il est \u00e9galement dot\u00e9 d&#8217;un design amusant et color\u00e9, ce qui lui conf\u00e8re un charme unique.<\/p>\n<p>Le panier est disponible en plusieurs couleurs, ce qui vous permet de le choisir en fonction de votre d\u00e9coration int\u00e9rieure.<\/p>\n<p>Dimensions approximatives sans le couvercle .<br \/>\n&#8211; Hauteur : 18 cm<br \/>\n&#8211; Diam\u00e8tre : 33 cm<br \/>\n&#8211; Hauteur avec couvercle 35 cm<\/p>\n<p>Caract\u00e9ristiques:<br \/>\n&#8211; Fabriqu\u00e9 \u00e0 la main \u00e0 partir de fibre naturelle<br \/>\n&#8211; Taille compacte<br \/>\n&#8211; Design amusant et color\u00e9<br \/>\n&#8211; Disponible en plusieurs couleurs<\/p>\n<p>Avantages:<br \/>\n&#8211; \u00c9l\u00e9gant et pratique<br \/>\n&#8211; Durable et r\u00e9sistant<br \/>\n&#8211; Id\u00e9al pour ranger de petits objets<br \/>\n&#8211; Disponible dans une vari\u00e9t\u00e9 de couleurs<\/p>\n<p>Utilisations:<br \/>\n&#8211; Rangement de bijoux<br \/>\n&#8211; Rangement de cl\u00e9s<br \/>\n&#8211; Rangement de cosm\u00e9tiques<br \/>\n&#8211; Objet de d\u00e9coration<\/p>\n<p>Entretien:<br \/>\nNettoyez le panier \u00e0 l&#8217;aide d&#8217;un chiffon humide<br \/>\n\u00c9vitez d&#8217;utiliser des produits chimiques agressifs<br \/>\nStockez le panier dans un endroit frais et sec<\/p>\n<\/div>\n","protected":false},"excerpt":{"rendered":"<p>Apportez une touche d&#8217;\u00e9l\u00e9gance et de fonctionnalit\u00e9 \u00e0 votre quotidien avec ce panier \u00e0 linge artisanal, fabriqu\u00e9 \u00e0 la main par des artisans s\u00e9n\u00e9galais. Con\u00e7u \u00e0 partir de mat\u00e9riaux naturels comme la paille tress\u00e9e associ\u00e9 \u00e0 des fils de plastique recycl\u00e9 pour ajouter des touches de couleur et garantir une durabilit\u00e9 exceptionnelle, ce panier combine durabilit\u00e9, respect de l\u2019environnement et esth\u00e9tique vibrante. Chaque pi\u00e8ce est unique et refl\u00e8te l&#8217;excellence du savoir-faire traditionnel, avec des motifs g\u00e9om\u00e9triques et des couleurs audacieuses caract\u00e9ristiques de l&#8217;artisanat s\u00e9n\u00e9galais.<\/p>\n<p>&nbsp;<\/p>\n","protected":false},"featured_media":2472171,"comment_status":"open","ping_status":"closed","template":"","meta":[],"product_cat":[75,70,102],"product_tag":[],"yoast_head":"<!-- This site is optimized with the Yoast SEO plugin v22.5 - https:\/\/yoast.com\/wordpress\/plugins\/seo\/ -->\n<title>Panier de rangement - Comoe-art<\/title>\n<meta name=\"description\" content=\"Optez pour l&#039;\u00e9l\u00e9gance du panier \u00e0 linge s\u00e9n\u00e9galais, tiss\u00e9 \u00e0 la main avec des mat\u00e9riaux durables. Son design unique et color\u00e9 allie fonctionnalit\u00e9 et esth\u00e9tisme, apportant une touche authentique et pratique \u00e0 votre quotidien.\" \/>\n<meta name=\"robots\" content=\"index, follow, max-snippet:-1, max-image-preview:large, max-video-preview:-1\" \/>\n<link rel=\"canonical\" href=\"https:\/\/www.comoe-art.com\/index.php\/produit\/panier-de-rangement\/\" \/>\n<meta property=\"og:locale\" content=\"fr_FR\" \/>\n<meta property=\"og:type\" content=\"article\" \/>\n<meta property=\"og:title\" content=\"Panier de rangement - Comoe-art\" \/>\n<meta property=\"og:description\" content=\"Optez pour l&#039;\u00e9l\u00e9gance du panier \u00e0 linge s\u00e9n\u00e9galais, tiss\u00e9 \u00e0 la main avec des mat\u00e9riaux durables. Son design unique et color\u00e9 allie fonctionnalit\u00e9 et esth\u00e9tisme, apportant une touche authentique et pratique \u00e0 votre quotidien.\" \/>\n<meta property=\"og:url\" content=\"https:\/\/www.comoe-art.com\/index.php\/produit\/panier-de-rangement\/\" \/>\n<meta property=\"og:site_name\" content=\"Comoe-art\" \/>\n<meta property=\"article:modified_time\" content=\"2025-01-05T21:07:56+00:00\" \/>\n<meta property=\"og:image\" content=\"https:\/\/www.comoe-art.com\/wp-content\/uploads\/2024\/08\/SDIM0121-scaled.jpg\" \/>\n\t<meta property=\"og:image:width\" content=\"2048\" \/>\n\t<meta property=\"og:image:height\" content=\"2560\" \/>\n\t<meta property=\"og:image:type\" content=\"image\/jpeg\" \/>\n<meta name=\"twitter:card\" content=\"summary_large_image\" \/>\n<meta name=\"twitter:label1\" content=\"Dur\u00e9e de lecture estim\u00e9e\" \/>\n\t<meta name=\"twitter:data1\" content=\"2 minutes\" \/>\n<script type=\"application\/ld+json\" class=\"yoast-schema-graph\">{\"@context\":\"https:\/\/schema.org\",\"@graph\":[{\"@type\":\"WebPage\",\"@id\":\"https:\/\/www.comoe-art.com\/index.php\/produit\/panier-de-rangement\/\",\"url\":\"https:\/\/www.comoe-art.com\/index.php\/produit\/panier-de-rangement\/\",\"name\":\"Panier de rangement - Comoe-art\",\"isPartOf\":{\"@id\":\"https:\/\/www.comoe-art.com\/#website\"},\"primaryImageOfPage\":{\"@id\":\"https:\/\/www.comoe-art.com\/index.php\/produit\/panier-de-rangement\/#primaryimage\"},\"image\":{\"@id\":\"https:\/\/www.comoe-art.com\/index.php\/produit\/panier-de-rangement\/#primaryimage\"},\"thumbnailUrl\":\"https:\/\/www.comoe-art.com\/wp-content\/uploads\/2024\/08\/SDIM0121-scaled.jpg\",\"datePublished\":\"2025-01-05T21:04:49+00:00\",\"dateModified\":\"2025-01-05T21:07:56+00:00\",\"description\":\"Optez pour l'\u00e9l\u00e9gance du panier \u00e0 linge s\u00e9n\u00e9galais, tiss\u00e9 \u00e0 la main avec des mat\u00e9riaux durables. Son design unique et color\u00e9 allie fonctionnalit\u00e9 et esth\u00e9tisme, apportant une touche authentique et pratique \u00e0 votre quotidien.\",\"breadcrumb\":{\"@id\":\"https:\/\/www.comoe-art.com\/index.php\/produit\/panier-de-rangement\/#breadcrumb\"},\"inLanguage\":\"fr-FR\",\"potentialAction\":[{\"@type\":\"ReadAction\",\"target\":[\"https:\/\/www.comoe-art.com\/index.php\/produit\/panier-de-rangement\/\"]}]},{\"@type\":\"ImageObject\",\"inLanguage\":\"fr-FR\",\"@id\":\"https:\/\/www.comoe-art.com\/index.php\/produit\/panier-de-rangement\/#primaryimage\",\"url\":\"https:\/\/www.comoe-art.com\/wp-content\/uploads\/2024\/08\/SDIM0121-scaled.jpg\",\"contentUrl\":\"https:\/\/www.comoe-art.com\/wp-content\/uploads\/2024\/08\/SDIM0121-scaled.jpg\",\"width\":2048,\"height\":2560},{\"@type\":\"BreadcrumbList\",\"@id\":\"https:\/\/www.comoe-art.com\/index.php\/produit\/panier-de-rangement\/#breadcrumb\",\"itemListElement\":[{\"@type\":\"ListItem\",\"position\":1,\"name\":\"Accueil\",\"item\":\"https:\/\/www.comoe-art.com\/\"},{\"@type\":\"ListItem\",\"position\":2,\"name\":\"The Shop\",\"item\":\"https:\/\/www.comoe-art.com\/index.php\/shop\/\"},{\"@type\":\"ListItem\",\"position\":3,\"name\":\"Panier de rangement\"}]},{\"@type\":\"WebSite\",\"@id\":\"https:\/\/www.comoe-art.com\/#website\",\"url\":\"https:\/\/www.comoe-art.com\/\",\"name\":\"Comoe-art\",\"description\":\"\",\"potentialAction\":[{\"@type\":\"SearchAction\",\"target\":{\"@type\":\"EntryPoint\",\"urlTemplate\":\"https:\/\/www.comoe-art.com\/?s={search_term_string}\"},\"query-input\":\"required name=search_term_string\"}],\"inLanguage\":\"fr-FR\"}]}<\/script>\n<!-- \/ Yoast SEO plugin. -->","yoast_head_json":{"title":"Panier de rangement - Comoe-art","description":"Optez pour l'\u00e9l\u00e9gance du panier \u00e0 linge s\u00e9n\u00e9galais, tiss\u00e9 \u00e0 la main avec des mat\u00e9riaux durables. Son design unique et color\u00e9 allie fonctionnalit\u00e9 et esth\u00e9tisme, apportant une touche authentique et pratique \u00e0 votre quotidien.","robots":{"index":"index","follow":"follow","max-snippet":"max-snippet:-1","max-image-preview":"max-image-preview:large","max-video-preview":"max-video-preview:-1"},"canonical":"https:\/\/www.comoe-art.com\/index.php\/produit\/panier-de-rangement\/","og_locale":"fr_FR","og_type":"article","og_title":"Panier de rangement - Comoe-art","og_description":"Optez pour l'\u00e9l\u00e9gance du panier \u00e0 linge s\u00e9n\u00e9galais, tiss\u00e9 \u00e0 la main avec des mat\u00e9riaux durables. Son design unique et color\u00e9 allie fonctionnalit\u00e9 et esth\u00e9tisme, apportant une touche authentique et pratique \u00e0 votre quotidien.","og_url":"https:\/\/www.comoe-art.com\/index.php\/produit\/panier-de-rangement\/","og_site_name":"Comoe-art","article_modified_time":"2025-01-05T21:07:56+00:00","og_image":[{"width":2048,"height":2560,"url":"https:\/\/www.comoe-art.com\/wp-content\/uploads\/2024\/08\/SDIM0121-scaled.jpg","type":"image\/jpeg"}],"twitter_card":"summary_large_image","twitter_misc":{"Dur\u00e9e de lecture estim\u00e9e":"2 minutes"},"schema":{"@context":"https:\/\/schema.org","@graph":[{"@type":"WebPage","@id":"https:\/\/www.comoe-art.com\/index.php\/produit\/panier-de-rangement\/","url":"https:\/\/www.comoe-art.com\/index.php\/produit\/panier-de-rangement\/","name":"Panier de rangement - Comoe-art","isPartOf":{"@id":"https:\/\/www.comoe-art.com\/#website"},"primaryImageOfPage":{"@id":"https:\/\/www.comoe-art.com\/index.php\/produit\/panier-de-rangement\/#primaryimage"},"image":{"@id":"https:\/\/www.comoe-art.com\/index.php\/produit\/panier-de-rangement\/#primaryimage"},"thumbnailUrl":"https:\/\/www.comoe-art.com\/wp-content\/uploads\/2024\/08\/SDIM0121-scaled.jpg","datePublished":"2025-01-05T21:04:49+00:00","dateModified":"2025-01-05T21:07:56+00:00","description":"Optez pour l'\u00e9l\u00e9gance du panier \u00e0 linge s\u00e9n\u00e9galais, tiss\u00e9 \u00e0 la main avec des mat\u00e9riaux durables. Son design unique et color\u00e9 allie fonctionnalit\u00e9 et esth\u00e9tisme, apportant une touche authentique et pratique \u00e0 votre quotidien.","breadcrumb":{"@id":"https:\/\/www.comoe-art.com\/index.php\/produit\/panier-de-rangement\/#breadcrumb"},"inLanguage":"fr-FR","potentialAction":[{"@type":"ReadAction","target":["https:\/\/www.comoe-art.com\/index.php\/produit\/panier-de-rangement\/"]}]},{"@type":"ImageObject","inLanguage":"fr-FR","@id":"https:\/\/www.comoe-art.com\/index.php\/produit\/panier-de-rangement\/#primaryimage","url":"https:\/\/www.comoe-art.com\/wp-content\/uploads\/2024\/08\/SDIM0121-scaled.jpg","contentUrl":"https:\/\/www.comoe-art.com\/wp-content\/uploads\/2024\/08\/SDIM0121-scaled.jpg","width":2048,"height":2560},{"@type":"BreadcrumbList","@id":"https:\/\/www.comoe-art.com\/index.php\/produit\/panier-de-rangement\/#breadcrumb","itemListElement":[{"@type":"ListItem","position":1,"name":"Accueil","item":"https:\/\/www.comoe-art.com\/"},{"@type":"ListItem","position":2,"name":"The Shop","item":"https:\/\/www.comoe-art.com\/index.php\/shop\/"},{"@type":"ListItem","position":3,"name":"Panier de rangement"}]},{"@type":"WebSite","@id":"https:\/\/www.comoe-art.com\/#website","url":"https:\/\/www.comoe-art.com\/","name":"Comoe-art","description":"","potentialAction":[{"@type":"SearchAction","target":{"@type":"EntryPoint","urlTemplate":"https:\/\/www.comoe-art.com\/?s={search_term_string}"},"query-input":"required name=search_term_string"}],"inLanguage":"fr-FR"}]}},"_links":{"self":[{"href":"https:\/\/www.comoe-art.com\/index.php\/wp-json\/wp\/v2\/product\/2472760"}],"collection":[{"href":"https:\/\/www.comoe-art.com\/index.php\/wp-json\/wp\/v2\/product"}],"about":[{"href":"https:\/\/www.comoe-art.com\/index.php\/wp-json\/wp\/v2\/types\/product"}],"replies":[{"embeddable":true,"href":"https:\/\/www.comoe-art.com\/index.php\/wp-json\/wp\/v2\/comments?post=2472760"}],"wp:featuredmedia":[{"embeddable":true,"href":"https:\/\/www.comoe-art.com\/index.php\/wp-json\/wp\/v2\/media\/2472171"}],"wp:attachment":[{"href":"https:\/\/www.comoe-art.com\/index.php\/wp-json\/wp\/v2\/media?parent=2472760"}],"wp:term":[{"taxonomy":"product_cat","embeddable":true,"href":"https:\/\/www.comoe-art.com\/index.php\/wp-json\/wp\/v2\/product_cat?post=2472760"},{"taxonomy":"product_tag","embeddable":true,"href":"https:\/\/www.comoe-art.com\/index.php\/wp-json\/wp\/v2\/product_tag?post=2472760"}],"curies":[{"name":"wp","href":"https:\/\/api.w.org\/{rel}","templated":true}]}}