{"id":2764090,"date":"2025-04-06T10:54:32","date_gmt":"2025-04-06T08:54:32","guid":{"rendered":"https:\/\/www.comoe-art.com\/?post_type=product&#038;p=2764090"},"modified":"2025-04-06T10:55:28","modified_gmt":"2025-04-06T08:55:28","slug":"eventail-africain-bolga-16","status":"publish","type":"product","link":"https:\/\/www.comoe-art.com\/index.php\/produit\/eventail-africain-bolga-16\/","title":{"rendered":"Eventail Africain Bolga"},"content":{"rendered":"<p style=\"text-align: left;\">Magnifique Eventail tress\u00e9 \u00e0 la main \u00e0 partir \u00a0de fibres et de colorants naturels par les artisans Ghan\u00e9ens de la ville de Bolgatanga.<\/p>\n<p>Situ\u00e9e au nord du Ghana, Bolgatanga est r\u00e9put\u00e9e pour\u00a0ses produits de cuir, mais \u00e9galement pour son artisanat typique du peuple \u00a0Fra-Fra.<\/p>\n<p>Id\u00e9al pour la p\u00e9riode estivale, nos \u00e9ventails peuvent \u00e9galement servir de d\u00e9coration afin d&#8217;apporter une touche de couleur \u00e0 votre int\u00e9rieur.<\/p>\n<p>Chaque \u00e9ventail est une cr\u00e9ation unique.<\/p>\n<p>Couleur: Multicolore<br \/>\nMati\u00e8re: Herbe naturelle, Fibre, Mati\u00e8res Bio<\/p>\n","protected":false},"excerpt":{"rendered":"<p>Eventail Bolga magnifiquement tress\u00e9 \u00e0 la main par les artisans Ghan\u00e9ens \u00e0 base de fibres et de colorants naturels.<\/p>\n","protected":false},"featured_media":2747416,"comment_status":"open","ping_status":"closed","template":"","meta":[],"product_cat":[71,77],"product_tag":[],"yoast_head":"<!-- This site is optimized with the Yoast SEO plugin v22.5 - https:\/\/yoast.com\/wordpress\/plugins\/seo\/ -->\n<title>Eventail Africain Bolga - Comoe-art<\/title>\n<meta name=\"robots\" content=\"index, follow, max-snippet:-1, max-image-preview:large, max-video-preview:-1\" \/>\n<link rel=\"canonical\" href=\"https:\/\/www.comoe-art.com\/index.php\/produit\/eventail-africain-bolga-16\/\" \/>\n<meta property=\"og:locale\" content=\"fr_FR\" \/>\n<meta property=\"og:type\" content=\"article\" \/>\n<meta property=\"og:title\" content=\"Eventail Africain Bolga - Comoe-art\" \/>\n<meta property=\"og:description\" content=\"Eventail Bolga magnifiquement tress\u00e9 \u00e0 la main par les artisans Ghan\u00e9ens \u00e0 base de fibres et de colorants naturels.\" \/>\n<meta property=\"og:url\" content=\"https:\/\/www.comoe-art.com\/index.php\/produit\/eventail-africain-bolga-16\/\" \/>\n<meta property=\"og:site_name\" content=\"Comoe-art\" \/>\n<meta property=\"article:modified_time\" content=\"2025-04-06T08:55:28+00:00\" \/>\n<meta property=\"og:image\" content=\"https:\/\/www.comoe-art.com\/wp-content\/uploads\/2025\/03\/P1474224.jpg\" \/>\n\t<meta property=\"og:image:width\" content=\"2048\" \/>\n\t<meta property=\"og:image:height\" content=\"2048\" \/>\n\t<meta property=\"og:image:type\" content=\"image\/jpeg\" \/>\n<meta name=\"twitter:card\" content=\"summary_large_image\" \/>\n<meta name=\"twitter:label1\" content=\"Dur\u00e9e de lecture estim\u00e9e\" \/>\n\t<meta name=\"twitter:data1\" content=\"1 minute\" \/>\n<script type=\"application\/ld+json\" class=\"yoast-schema-graph\">{\"@context\":\"https:\/\/schema.org\",\"@graph\":[{\"@type\":\"WebPage\",\"@id\":\"https:\/\/www.comoe-art.com\/index.php\/produit\/eventail-africain-bolga-16\/\",\"url\":\"https:\/\/www.comoe-art.com\/index.php\/produit\/eventail-africain-bolga-16\/\",\"name\":\"Eventail Africain Bolga - Comoe-art\",\"isPartOf\":{\"@id\":\"https:\/\/www.comoe-art.com\/#website\"},\"primaryImageOfPage\":{\"@id\":\"https:\/\/www.comoe-art.com\/index.php\/produit\/eventail-africain-bolga-16\/#primaryimage\"},\"image\":{\"@id\":\"https:\/\/www.comoe-art.com\/index.php\/produit\/eventail-africain-bolga-16\/#primaryimage\"},\"thumbnailUrl\":\"https:\/\/www.comoe-art.com\/wp-content\/uploads\/2025\/03\/P1474224.jpg\",\"datePublished\":\"2025-04-06T08:54:32+00:00\",\"dateModified\":\"2025-04-06T08:55:28+00:00\",\"breadcrumb\":{\"@id\":\"https:\/\/www.comoe-art.com\/index.php\/produit\/eventail-africain-bolga-16\/#breadcrumb\"},\"inLanguage\":\"fr-FR\",\"potentialAction\":[{\"@type\":\"ReadAction\",\"target\":[\"https:\/\/www.comoe-art.com\/index.php\/produit\/eventail-africain-bolga-16\/\"]}]},{\"@type\":\"ImageObject\",\"inLanguage\":\"fr-FR\",\"@id\":\"https:\/\/www.comoe-art.com\/index.php\/produit\/eventail-africain-bolga-16\/#primaryimage\",\"url\":\"https:\/\/www.comoe-art.com\/wp-content\/uploads\/2025\/03\/P1474224.jpg\",\"contentUrl\":\"https:\/\/www.comoe-art.com\/wp-content\/uploads\/2025\/03\/P1474224.jpg\",\"width\":2048,\"height\":2048},{\"@type\":\"BreadcrumbList\",\"@id\":\"https:\/\/www.comoe-art.com\/index.php\/produit\/eventail-africain-bolga-16\/#breadcrumb\",\"itemListElement\":[{\"@type\":\"ListItem\",\"position\":1,\"name\":\"Accueil\",\"item\":\"https:\/\/www.comoe-art.com\/\"},{\"@type\":\"ListItem\",\"position\":2,\"name\":\"The Shop\",\"item\":\"https:\/\/www.comoe-art.com\/index.php\/shop\/\"},{\"@type\":\"ListItem\",\"position\":3,\"name\":\"Eventail Africain Bolga\"}]},{\"@type\":\"WebSite\",\"@id\":\"https:\/\/www.comoe-art.com\/#website\",\"url\":\"https:\/\/www.comoe-art.com\/\",\"name\":\"Comoe-art\",\"description\":\"\",\"potentialAction\":[{\"@type\":\"SearchAction\",\"target\":{\"@type\":\"EntryPoint\",\"urlTemplate\":\"https:\/\/www.comoe-art.com\/?s={search_term_string}\"},\"query-input\":\"required name=search_term_string\"}],\"inLanguage\":\"fr-FR\"}]}<\/script>\n<!-- \/ Yoast SEO plugin. -->","yoast_head_json":{"title":"Eventail Africain Bolga - Comoe-art","robots":{"index":"index","follow":"follow","max-snippet":"max-snippet:-1","max-image-preview":"max-image-preview:large","max-video-preview":"max-video-preview:-1"},"canonical":"https:\/\/www.comoe-art.com\/index.php\/produit\/eventail-africain-bolga-16\/","og_locale":"fr_FR","og_type":"article","og_title":"Eventail Africain Bolga - Comoe-art","og_description":"Eventail Bolga magnifiquement tress\u00e9 \u00e0 la main par les artisans Ghan\u00e9ens \u00e0 base de fibres et de colorants naturels.","og_url":"https:\/\/www.comoe-art.com\/index.php\/produit\/eventail-africain-bolga-16\/","og_site_name":"Comoe-art","article_modified_time":"2025-04-06T08:55:28+00:00","og_image":[{"width":2048,"height":2048,"url":"https:\/\/www.comoe-art.com\/wp-content\/uploads\/2025\/03\/P1474224.jpg","type":"image\/jpeg"}],"twitter_card":"summary_large_image","twitter_misc":{"Dur\u00e9e de lecture estim\u00e9e":"1 minute"},"schema":{"@context":"https:\/\/schema.org","@graph":[{"@type":"WebPage","@id":"https:\/\/www.comoe-art.com\/index.php\/produit\/eventail-africain-bolga-16\/","url":"https:\/\/www.comoe-art.com\/index.php\/produit\/eventail-africain-bolga-16\/","name":"Eventail Africain Bolga - Comoe-art","isPartOf":{"@id":"https:\/\/www.comoe-art.com\/#website"},"primaryImageOfPage":{"@id":"https:\/\/www.comoe-art.com\/index.php\/produit\/eventail-africain-bolga-16\/#primaryimage"},"image":{"@id":"https:\/\/www.comoe-art.com\/index.php\/produit\/eventail-africain-bolga-16\/#primaryimage"},"thumbnailUrl":"https:\/\/www.comoe-art.com\/wp-content\/uploads\/2025\/03\/P1474224.jpg","datePublished":"2025-04-06T08:54:32+00:00","dateModified":"2025-04-06T08:55:28+00:00","breadcrumb":{"@id":"https:\/\/www.comoe-art.com\/index.php\/produit\/eventail-africain-bolga-16\/#breadcrumb"},"inLanguage":"fr-FR","potentialAction":[{"@type":"ReadAction","target":["https:\/\/www.comoe-art.com\/index.php\/produit\/eventail-africain-bolga-16\/"]}]},{"@type":"ImageObject","inLanguage":"fr-FR","@id":"https:\/\/www.comoe-art.com\/index.php\/produit\/eventail-africain-bolga-16\/#primaryimage","url":"https:\/\/www.comoe-art.com\/wp-content\/uploads\/2025\/03\/P1474224.jpg","contentUrl":"https:\/\/www.comoe-art.com\/wp-content\/uploads\/2025\/03\/P1474224.jpg","width":2048,"height":2048},{"@type":"BreadcrumbList","@id":"https:\/\/www.comoe-art.com\/index.php\/produit\/eventail-africain-bolga-16\/#breadcrumb","itemListElement":[{"@type":"ListItem","position":1,"name":"Accueil","item":"https:\/\/www.comoe-art.com\/"},{"@type":"ListItem","position":2,"name":"The Shop","item":"https:\/\/www.comoe-art.com\/index.php\/shop\/"},{"@type":"ListItem","position":3,"name":"Eventail Africain Bolga"}]},{"@type":"WebSite","@id":"https:\/\/www.comoe-art.com\/#website","url":"https:\/\/www.comoe-art.com\/","name":"Comoe-art","description":"","potentialAction":[{"@type":"SearchAction","target":{"@type":"EntryPoint","urlTemplate":"https:\/\/www.comoe-art.com\/?s={search_term_string}"},"query-input":"required name=search_term_string"}],"inLanguage":"fr-FR"}]}},"_links":{"self":[{"href":"https:\/\/www.comoe-art.com\/index.php\/wp-json\/wp\/v2\/product\/2764090"}],"collection":[{"href":"https:\/\/www.comoe-art.com\/index.php\/wp-json\/wp\/v2\/product"}],"about":[{"href":"https:\/\/www.comoe-art.com\/index.php\/wp-json\/wp\/v2\/types\/product"}],"replies":[{"embeddable":true,"href":"https:\/\/www.comoe-art.com\/index.php\/wp-json\/wp\/v2\/comments?post=2764090"}],"wp:featuredmedia":[{"embeddable":true,"href":"https:\/\/www.comoe-art.com\/index.php\/wp-json\/wp\/v2\/media\/2747416"}],"wp:attachment":[{"href":"https:\/\/www.comoe-art.com\/index.php\/wp-json\/wp\/v2\/media?parent=2764090"}],"wp:term":[{"taxonomy":"product_cat","embeddable":true,"href":"https:\/\/www.comoe-art.com\/index.php\/wp-json\/wp\/v2\/product_cat?post=2764090"},{"taxonomy":"product_tag","embeddable":true,"href":"https:\/\/www.comoe-art.com\/index.php\/wp-json\/wp\/v2\/product_tag?post=2764090"}],"curies":[{"name":"wp","href":"https:\/\/api.w.org\/{rel}","templated":true}]}}