{"id":2764640,"date":"2025-04-06T15:11:59","date_gmt":"2025-04-06T13:11:59","guid":{"rendered":"https:\/\/www.comoe-art.com\/?post_type=product&#038;p=2764640"},"modified":"2025-08-24T14:08:02","modified_gmt":"2025-08-24T12:08:02","slug":"cache-pot-4","status":"publish","type":"product","link":"https:\/\/www.comoe-art.com\/index.php\/produit\/cache-pot-4\/","title":{"rendered":"Cache pot"},"content":{"rendered":"<p>Ce panier cache-pot, fabriqu\u00e9 \u00e0 la main au Ghana, allie avec brio des techniques de tissage ancestrales et un design contemporain. \u00c9l\u00e9gant et pratique, il est id\u00e9al pour sublimer vos plantes en tant que cache-pot tout en ajoutant une touche de couleur et de caract\u00e8re \u00e0 votre d\u00e9coration int\u00e9rieure. Son utilisation ne se limite pas aux plantes, il peut \u00e9galement servir de rangement pour organiser vos objets avec style.<\/p>\n<p>Hyper tendance, ce panier cache-pot apportera une note artisanale unique \u00e0 votre espace tout en respectant l&#8217;h\u00e9ritage du savoir-faire ghan\u00e9en. Son tissage minutieux et sa forme contemporaine en font un accessoire d\u00e9coratif indispensable pour cr\u00e9er une ambiance chaleureuse et authentique.<\/p>\n<p>Dimensions approximatives :<br \/>\nLongueur : 24 cm<br \/>\nDiam\u00e8tre : 30 cm<\/p>\n","protected":false},"excerpt":{"rendered":"<p>Panier cache pot fait \u00e0 la main alliant un design contemporain et des techniques de tissage ancestrales.<\/p>\n","protected":false},"featured_media":2747462,"comment_status":"open","ping_status":"closed","template":"","meta":[],"product_cat":[103,78,83,102],"product_tag":[],"yoast_head":"<!-- This site is optimized with the Yoast SEO plugin v22.5 - https:\/\/yoast.com\/wordpress\/plugins\/seo\/ -->\n<title>Cache pot - Comoe-art<\/title>\n<meta name=\"robots\" content=\"index, follow, max-snippet:-1, max-image-preview:large, max-video-preview:-1\" \/>\n<link rel=\"canonical\" href=\"https:\/\/www.comoe-art.com\/index.php\/produit\/cache-pot-4\/\" \/>\n<meta property=\"og:locale\" content=\"fr_FR\" \/>\n<meta property=\"og:type\" content=\"article\" \/>\n<meta property=\"og:title\" content=\"Cache pot - Comoe-art\" \/>\n<meta property=\"og:description\" content=\"Panier cache pot fait \u00e0 la main alliant un design contemporain et des techniques de tissage ancestrales.\" \/>\n<meta property=\"og:url\" content=\"https:\/\/www.comoe-art.com\/index.php\/produit\/cache-pot-4\/\" \/>\n<meta property=\"og:site_name\" content=\"Comoe-art\" \/>\n<meta property=\"article:modified_time\" content=\"2025-08-24T12:08:02+00:00\" \/>\n<meta property=\"og:image\" content=\"https:\/\/www.comoe-art.com\/wp-content\/uploads\/2025\/03\/P1474297.jpg\" \/>\n\t<meta property=\"og:image:width\" content=\"1764\" \/>\n\t<meta property=\"og:image:height\" content=\"2048\" \/>\n\t<meta property=\"og:image:type\" content=\"image\/jpeg\" \/>\n<meta name=\"twitter:card\" content=\"summary_large_image\" \/>\n<meta name=\"twitter:label1\" content=\"Dur\u00e9e de lecture estim\u00e9e\" \/>\n\t<meta name=\"twitter:data1\" content=\"1 minute\" \/>\n<script type=\"application\/ld+json\" class=\"yoast-schema-graph\">{\"@context\":\"https:\/\/schema.org\",\"@graph\":[{\"@type\":\"WebPage\",\"@id\":\"https:\/\/www.comoe-art.com\/index.php\/produit\/cache-pot-4\/\",\"url\":\"https:\/\/www.comoe-art.com\/index.php\/produit\/cache-pot-4\/\",\"name\":\"Cache pot - Comoe-art\",\"isPartOf\":{\"@id\":\"https:\/\/www.comoe-art.com\/#website\"},\"primaryImageOfPage\":{\"@id\":\"https:\/\/www.comoe-art.com\/index.php\/produit\/cache-pot-4\/#primaryimage\"},\"image\":{\"@id\":\"https:\/\/www.comoe-art.com\/index.php\/produit\/cache-pot-4\/#primaryimage\"},\"thumbnailUrl\":\"https:\/\/www.comoe-art.com\/wp-content\/uploads\/2025\/03\/P1474297.jpg\",\"datePublished\":\"2025-04-06T13:11:59+00:00\",\"dateModified\":\"2025-08-24T12:08:02+00:00\",\"breadcrumb\":{\"@id\":\"https:\/\/www.comoe-art.com\/index.php\/produit\/cache-pot-4\/#breadcrumb\"},\"inLanguage\":\"fr-FR\",\"potentialAction\":[{\"@type\":\"ReadAction\",\"target\":[\"https:\/\/www.comoe-art.com\/index.php\/produit\/cache-pot-4\/\"]}]},{\"@type\":\"ImageObject\",\"inLanguage\":\"fr-FR\",\"@id\":\"https:\/\/www.comoe-art.com\/index.php\/produit\/cache-pot-4\/#primaryimage\",\"url\":\"https:\/\/www.comoe-art.com\/wp-content\/uploads\/2025\/03\/P1474297.jpg\",\"contentUrl\":\"https:\/\/www.comoe-art.com\/wp-content\/uploads\/2025\/03\/P1474297.jpg\",\"width\":1764,\"height\":2048},{\"@type\":\"BreadcrumbList\",\"@id\":\"https:\/\/www.comoe-art.com\/index.php\/produit\/cache-pot-4\/#breadcrumb\",\"itemListElement\":[{\"@type\":\"ListItem\",\"position\":1,\"name\":\"Accueil\",\"item\":\"https:\/\/www.comoe-art.com\/\"},{\"@type\":\"ListItem\",\"position\":2,\"name\":\"The Shop\",\"item\":\"https:\/\/www.comoe-art.com\/index.php\/shop\/\"},{\"@type\":\"ListItem\",\"position\":3,\"name\":\"Cache pot\"}]},{\"@type\":\"WebSite\",\"@id\":\"https:\/\/www.comoe-art.com\/#website\",\"url\":\"https:\/\/www.comoe-art.com\/\",\"name\":\"Comoe-art\",\"description\":\"\",\"potentialAction\":[{\"@type\":\"SearchAction\",\"target\":{\"@type\":\"EntryPoint\",\"urlTemplate\":\"https:\/\/www.comoe-art.com\/?s={search_term_string}\"},\"query-input\":\"required name=search_term_string\"}],\"inLanguage\":\"fr-FR\"}]}<\/script>\n<!-- \/ Yoast SEO plugin. -->","yoast_head_json":{"title":"Cache pot - Comoe-art","robots":{"index":"index","follow":"follow","max-snippet":"max-snippet:-1","max-image-preview":"max-image-preview:large","max-video-preview":"max-video-preview:-1"},"canonical":"https:\/\/www.comoe-art.com\/index.php\/produit\/cache-pot-4\/","og_locale":"fr_FR","og_type":"article","og_title":"Cache pot - Comoe-art","og_description":"Panier cache pot fait \u00e0 la main alliant un design contemporain et des techniques de tissage ancestrales.","og_url":"https:\/\/www.comoe-art.com\/index.php\/produit\/cache-pot-4\/","og_site_name":"Comoe-art","article_modified_time":"2025-08-24T12:08:02+00:00","og_image":[{"width":1764,"height":2048,"url":"https:\/\/www.comoe-art.com\/wp-content\/uploads\/2025\/03\/P1474297.jpg","type":"image\/jpeg"}],"twitter_card":"summary_large_image","twitter_misc":{"Dur\u00e9e de lecture estim\u00e9e":"1 minute"},"schema":{"@context":"https:\/\/schema.org","@graph":[{"@type":"WebPage","@id":"https:\/\/www.comoe-art.com\/index.php\/produit\/cache-pot-4\/","url":"https:\/\/www.comoe-art.com\/index.php\/produit\/cache-pot-4\/","name":"Cache pot - Comoe-art","isPartOf":{"@id":"https:\/\/www.comoe-art.com\/#website"},"primaryImageOfPage":{"@id":"https:\/\/www.comoe-art.com\/index.php\/produit\/cache-pot-4\/#primaryimage"},"image":{"@id":"https:\/\/www.comoe-art.com\/index.php\/produit\/cache-pot-4\/#primaryimage"},"thumbnailUrl":"https:\/\/www.comoe-art.com\/wp-content\/uploads\/2025\/03\/P1474297.jpg","datePublished":"2025-04-06T13:11:59+00:00","dateModified":"2025-08-24T12:08:02+00:00","breadcrumb":{"@id":"https:\/\/www.comoe-art.com\/index.php\/produit\/cache-pot-4\/#breadcrumb"},"inLanguage":"fr-FR","potentialAction":[{"@type":"ReadAction","target":["https:\/\/www.comoe-art.com\/index.php\/produit\/cache-pot-4\/"]}]},{"@type":"ImageObject","inLanguage":"fr-FR","@id":"https:\/\/www.comoe-art.com\/index.php\/produit\/cache-pot-4\/#primaryimage","url":"https:\/\/www.comoe-art.com\/wp-content\/uploads\/2025\/03\/P1474297.jpg","contentUrl":"https:\/\/www.comoe-art.com\/wp-content\/uploads\/2025\/03\/P1474297.jpg","width":1764,"height":2048},{"@type":"BreadcrumbList","@id":"https:\/\/www.comoe-art.com\/index.php\/produit\/cache-pot-4\/#breadcrumb","itemListElement":[{"@type":"ListItem","position":1,"name":"Accueil","item":"https:\/\/www.comoe-art.com\/"},{"@type":"ListItem","position":2,"name":"The Shop","item":"https:\/\/www.comoe-art.com\/index.php\/shop\/"},{"@type":"ListItem","position":3,"name":"Cache pot"}]},{"@type":"WebSite","@id":"https:\/\/www.comoe-art.com\/#website","url":"https:\/\/www.comoe-art.com\/","name":"Comoe-art","description":"","potentialAction":[{"@type":"SearchAction","target":{"@type":"EntryPoint","urlTemplate":"https:\/\/www.comoe-art.com\/?s={search_term_string}"},"query-input":"required name=search_term_string"}],"inLanguage":"fr-FR"}]}},"_links":{"self":[{"href":"https:\/\/www.comoe-art.com\/index.php\/wp-json\/wp\/v2\/product\/2764640"}],"collection":[{"href":"https:\/\/www.comoe-art.com\/index.php\/wp-json\/wp\/v2\/product"}],"about":[{"href":"https:\/\/www.comoe-art.com\/index.php\/wp-json\/wp\/v2\/types\/product"}],"replies":[{"embeddable":true,"href":"https:\/\/www.comoe-art.com\/index.php\/wp-json\/wp\/v2\/comments?post=2764640"}],"wp:featuredmedia":[{"embeddable":true,"href":"https:\/\/www.comoe-art.com\/index.php\/wp-json\/wp\/v2\/media\/2747462"}],"wp:attachment":[{"href":"https:\/\/www.comoe-art.com\/index.php\/wp-json\/wp\/v2\/media?parent=2764640"}],"wp:term":[{"taxonomy":"product_cat","embeddable":true,"href":"https:\/\/www.comoe-art.com\/index.php\/wp-json\/wp\/v2\/product_cat?post=2764640"},{"taxonomy":"product_tag","embeddable":true,"href":"https:\/\/www.comoe-art.com\/index.php\/wp-json\/wp\/v2\/product_tag?post=2764640"}],"curies":[{"name":"wp","href":"https:\/\/api.w.org\/{rel}","templated":true}]}}