{"id":2765076,"date":"2025-04-06T18:50:11","date_gmt":"2025-04-06T16:50:11","guid":{"rendered":"https:\/\/www.comoe-art.com\/?post_type=product&#038;p=2765076"},"modified":"2025-04-06T18:51:45","modified_gmt":"2025-04-06T16:51:45","slug":"sac-bolga-8","status":"publish","type":"product","link":"https:\/\/www.comoe-art.com\/index.php\/produit\/sac-bolga-8\/","title":{"rendered":"Sac Bolga"},"content":{"rendered":"<p>Faites une d\u00e9claration de style avec notre sac bandouli\u00e8re artisanal de Bolgatanga, une fusion parfaite de tradition et de modernit\u00e9.<\/p>\n<p>Fabriqu\u00e9 \u00e0 la main par des artisans talentueux de la ville de Bolgatanga, ce sac incarne l&#8217;essence m\u00eame de l&#8217;artisanat ghan\u00e9en. Confectionn\u00e9 \u00e0 partir de fibres naturelles d&#8217;herbe \u00e0 \u00e9l\u00e9phant, chaque sac est une \u0153uvre d&#8217;art unique, avec des motifs traditionnels et des couleurs vibrantes qui refl\u00e8tent l&#8217;h\u00e9ritage culturel de la r\u00e9gion.<\/p>\n<p>Caract\u00e9ristiques du produit :<br \/>\n&#8211; Mat\u00e9riaux : herbe \u00e0 \u00e9l\u00e9phant, tiss\u00e9es \u00e0 la main pour une qualit\u00e9 exceptionnelle.<br \/>\n&#8211; Polyvalence : Parfait pour une utilisation quotidienne, que ce soit pour une vir\u00e9e en ville ou une escapade en plein air.<br \/>\n&#8211; Durabilit\u00e9 : Robuste et bien construit, con\u00e7u pour r\u00e9sister \u00e0 l&#8217;\u00e9preuve du temps.<\/p>\n<p>Exprimez votre individualit\u00e9 et votre soutien \u00e0 l&#8217;artisanat ghan\u00e9en avec ce sac bandouli\u00e8re unique, qui capture l&#8217;esprit vibrant de Bolgatanga tout en offrant une touche de sophistication \u00e0 votre garde-robe.<\/p>\n","protected":false},"excerpt":{"rendered":"<p>Faites une d\u00e9claration de style avec notre sac bandouli\u00e8re artisanal de Bolgatanga, une fusion parfaite de tradition et de modernit\u00e9.<\/p>\n<p>Fabriqu\u00e9 \u00e0 la main par des artisans talentueux de la ville de Bolgatanga, ce sac incarne l&#8217;essence m\u00eame de l&#8217;artisanat ghan\u00e9en. Confectionn\u00e9 \u00e0 partir de fibres naturelles d&#8217;herbe \u00e0 \u00e9l\u00e9phant, chaque sac est une \u0153uvre d&#8217;art unique, avec des motifs traditionnels et des couleurs vibrantes qui refl\u00e8tent l&#8217;h\u00e9ritage culturel de la r\u00e9gion.<\/p>\n<p>&nbsp;<\/p>\n","protected":false},"featured_media":2747471,"comment_status":"open","ping_status":"closed","template":"","meta":[],"product_cat":[72,70,102],"product_tag":[],"yoast_head":"<!-- This site is optimized with the Yoast SEO plugin v22.5 - https:\/\/yoast.com\/wordpress\/plugins\/seo\/ -->\n<title>Sac Bolga - Comoe-art<\/title>\n<meta name=\"description\" content=\"Explorez l&#039;\u00e9l\u00e9gance du panier rond africain de Bolgatenga, fait main avec des techniques traditionnelles. Ce panier tiss\u00e9 en fibres naturelles est \u00e0 la fois pratique et d\u00e9coratif, parfait pour ajouter une touche authentique et color\u00e9e \u00e0 votre espace.\" \/>\n<meta name=\"robots\" content=\"index, follow, max-snippet:-1, max-image-preview:large, max-video-preview:-1\" \/>\n<link rel=\"canonical\" href=\"https:\/\/www.comoe-art.com\/index.php\/produit\/sac-bolga-8\/\" \/>\n<meta property=\"og:locale\" content=\"fr_FR\" \/>\n<meta property=\"og:type\" content=\"article\" \/>\n<meta property=\"og:title\" content=\"Sac Bolga - Comoe-art\" \/>\n<meta property=\"og:description\" content=\"Explorez l&#039;\u00e9l\u00e9gance du panier rond africain de Bolgatenga, fait main avec des techniques traditionnelles. Ce panier tiss\u00e9 en fibres naturelles est \u00e0 la fois pratique et d\u00e9coratif, parfait pour ajouter une touche authentique et color\u00e9e \u00e0 votre espace.\" \/>\n<meta property=\"og:url\" content=\"https:\/\/www.comoe-art.com\/index.php\/produit\/sac-bolga-8\/\" \/>\n<meta property=\"og:site_name\" content=\"Comoe-art\" \/>\n<meta property=\"article:modified_time\" content=\"2025-04-06T16:51:45+00:00\" \/>\n<meta property=\"og:image\" content=\"https:\/\/www.comoe-art.com\/wp-content\/uploads\/2025\/03\/P1474307.jpg\" \/>\n\t<meta property=\"og:image:width\" content=\"1638\" \/>\n\t<meta property=\"og:image:height\" content=\"2048\" \/>\n\t<meta property=\"og:image:type\" content=\"image\/jpeg\" \/>\n<meta name=\"twitter:card\" content=\"summary_large_image\" \/>\n<meta name=\"twitter:label1\" content=\"Dur\u00e9e de lecture estim\u00e9e\" \/>\n\t<meta name=\"twitter:data1\" content=\"1 minute\" \/>\n<script type=\"application\/ld+json\" class=\"yoast-schema-graph\">{\"@context\":\"https:\/\/schema.org\",\"@graph\":[{\"@type\":\"WebPage\",\"@id\":\"https:\/\/www.comoe-art.com\/index.php\/produit\/sac-bolga-8\/\",\"url\":\"https:\/\/www.comoe-art.com\/index.php\/produit\/sac-bolga-8\/\",\"name\":\"Sac Bolga - Comoe-art\",\"isPartOf\":{\"@id\":\"https:\/\/www.comoe-art.com\/#website\"},\"primaryImageOfPage\":{\"@id\":\"https:\/\/www.comoe-art.com\/index.php\/produit\/sac-bolga-8\/#primaryimage\"},\"image\":{\"@id\":\"https:\/\/www.comoe-art.com\/index.php\/produit\/sac-bolga-8\/#primaryimage\"},\"thumbnailUrl\":\"https:\/\/www.comoe-art.com\/wp-content\/uploads\/2025\/03\/P1474307.jpg\",\"datePublished\":\"2025-04-06T16:50:11+00:00\",\"dateModified\":\"2025-04-06T16:51:45+00:00\",\"description\":\"Explorez l'\u00e9l\u00e9gance du panier rond africain de Bolgatenga, fait main avec des techniques traditionnelles. Ce panier tiss\u00e9 en fibres naturelles est \u00e0 la fois pratique et d\u00e9coratif, parfait pour ajouter une touche authentique et color\u00e9e \u00e0 votre espace.\",\"breadcrumb\":{\"@id\":\"https:\/\/www.comoe-art.com\/index.php\/produit\/sac-bolga-8\/#breadcrumb\"},\"inLanguage\":\"fr-FR\",\"potentialAction\":[{\"@type\":\"ReadAction\",\"target\":[\"https:\/\/www.comoe-art.com\/index.php\/produit\/sac-bolga-8\/\"]}]},{\"@type\":\"ImageObject\",\"inLanguage\":\"fr-FR\",\"@id\":\"https:\/\/www.comoe-art.com\/index.php\/produit\/sac-bolga-8\/#primaryimage\",\"url\":\"https:\/\/www.comoe-art.com\/wp-content\/uploads\/2025\/03\/P1474307.jpg\",\"contentUrl\":\"https:\/\/www.comoe-art.com\/wp-content\/uploads\/2025\/03\/P1474307.jpg\",\"width\":1638,\"height\":2048},{\"@type\":\"BreadcrumbList\",\"@id\":\"https:\/\/www.comoe-art.com\/index.php\/produit\/sac-bolga-8\/#breadcrumb\",\"itemListElement\":[{\"@type\":\"ListItem\",\"position\":1,\"name\":\"Accueil\",\"item\":\"https:\/\/www.comoe-art.com\/\"},{\"@type\":\"ListItem\",\"position\":2,\"name\":\"The Shop\",\"item\":\"https:\/\/www.comoe-art.com\/index.php\/shop\/\"},{\"@type\":\"ListItem\",\"position\":3,\"name\":\"Sac Bolga\"}]},{\"@type\":\"WebSite\",\"@id\":\"https:\/\/www.comoe-art.com\/#website\",\"url\":\"https:\/\/www.comoe-art.com\/\",\"name\":\"Comoe-art\",\"description\":\"\",\"potentialAction\":[{\"@type\":\"SearchAction\",\"target\":{\"@type\":\"EntryPoint\",\"urlTemplate\":\"https:\/\/www.comoe-art.com\/?s={search_term_string}\"},\"query-input\":\"required name=search_term_string\"}],\"inLanguage\":\"fr-FR\"}]}<\/script>\n<!-- \/ Yoast SEO plugin. -->","yoast_head_json":{"title":"Sac Bolga - Comoe-art","description":"Explorez l'\u00e9l\u00e9gance du panier rond africain de Bolgatenga, fait main avec des techniques traditionnelles. Ce panier tiss\u00e9 en fibres naturelles est \u00e0 la fois pratique et d\u00e9coratif, parfait pour ajouter une touche authentique et color\u00e9e \u00e0 votre espace.","robots":{"index":"index","follow":"follow","max-snippet":"max-snippet:-1","max-image-preview":"max-image-preview:large","max-video-preview":"max-video-preview:-1"},"canonical":"https:\/\/www.comoe-art.com\/index.php\/produit\/sac-bolga-8\/","og_locale":"fr_FR","og_type":"article","og_title":"Sac Bolga - Comoe-art","og_description":"Explorez l'\u00e9l\u00e9gance du panier rond africain de Bolgatenga, fait main avec des techniques traditionnelles. Ce panier tiss\u00e9 en fibres naturelles est \u00e0 la fois pratique et d\u00e9coratif, parfait pour ajouter une touche authentique et color\u00e9e \u00e0 votre espace.","og_url":"https:\/\/www.comoe-art.com\/index.php\/produit\/sac-bolga-8\/","og_site_name":"Comoe-art","article_modified_time":"2025-04-06T16:51:45+00:00","og_image":[{"width":1638,"height":2048,"url":"https:\/\/www.comoe-art.com\/wp-content\/uploads\/2025\/03\/P1474307.jpg","type":"image\/jpeg"}],"twitter_card":"summary_large_image","twitter_misc":{"Dur\u00e9e de lecture estim\u00e9e":"1 minute"},"schema":{"@context":"https:\/\/schema.org","@graph":[{"@type":"WebPage","@id":"https:\/\/www.comoe-art.com\/index.php\/produit\/sac-bolga-8\/","url":"https:\/\/www.comoe-art.com\/index.php\/produit\/sac-bolga-8\/","name":"Sac Bolga - Comoe-art","isPartOf":{"@id":"https:\/\/www.comoe-art.com\/#website"},"primaryImageOfPage":{"@id":"https:\/\/www.comoe-art.com\/index.php\/produit\/sac-bolga-8\/#primaryimage"},"image":{"@id":"https:\/\/www.comoe-art.com\/index.php\/produit\/sac-bolga-8\/#primaryimage"},"thumbnailUrl":"https:\/\/www.comoe-art.com\/wp-content\/uploads\/2025\/03\/P1474307.jpg","datePublished":"2025-04-06T16:50:11+00:00","dateModified":"2025-04-06T16:51:45+00:00","description":"Explorez l'\u00e9l\u00e9gance du panier rond africain de Bolgatenga, fait main avec des techniques traditionnelles. Ce panier tiss\u00e9 en fibres naturelles est \u00e0 la fois pratique et d\u00e9coratif, parfait pour ajouter une touche authentique et color\u00e9e \u00e0 votre espace.","breadcrumb":{"@id":"https:\/\/www.comoe-art.com\/index.php\/produit\/sac-bolga-8\/#breadcrumb"},"inLanguage":"fr-FR","potentialAction":[{"@type":"ReadAction","target":["https:\/\/www.comoe-art.com\/index.php\/produit\/sac-bolga-8\/"]}]},{"@type":"ImageObject","inLanguage":"fr-FR","@id":"https:\/\/www.comoe-art.com\/index.php\/produit\/sac-bolga-8\/#primaryimage","url":"https:\/\/www.comoe-art.com\/wp-content\/uploads\/2025\/03\/P1474307.jpg","contentUrl":"https:\/\/www.comoe-art.com\/wp-content\/uploads\/2025\/03\/P1474307.jpg","width":1638,"height":2048},{"@type":"BreadcrumbList","@id":"https:\/\/www.comoe-art.com\/index.php\/produit\/sac-bolga-8\/#breadcrumb","itemListElement":[{"@type":"ListItem","position":1,"name":"Accueil","item":"https:\/\/www.comoe-art.com\/"},{"@type":"ListItem","position":2,"name":"The Shop","item":"https:\/\/www.comoe-art.com\/index.php\/shop\/"},{"@type":"ListItem","position":3,"name":"Sac Bolga"}]},{"@type":"WebSite","@id":"https:\/\/www.comoe-art.com\/#website","url":"https:\/\/www.comoe-art.com\/","name":"Comoe-art","description":"","potentialAction":[{"@type":"SearchAction","target":{"@type":"EntryPoint","urlTemplate":"https:\/\/www.comoe-art.com\/?s={search_term_string}"},"query-input":"required name=search_term_string"}],"inLanguage":"fr-FR"}]}},"_links":{"self":[{"href":"https:\/\/www.comoe-art.com\/index.php\/wp-json\/wp\/v2\/product\/2765076"}],"collection":[{"href":"https:\/\/www.comoe-art.com\/index.php\/wp-json\/wp\/v2\/product"}],"about":[{"href":"https:\/\/www.comoe-art.com\/index.php\/wp-json\/wp\/v2\/types\/product"}],"replies":[{"embeddable":true,"href":"https:\/\/www.comoe-art.com\/index.php\/wp-json\/wp\/v2\/comments?post=2765076"}],"wp:featuredmedia":[{"embeddable":true,"href":"https:\/\/www.comoe-art.com\/index.php\/wp-json\/wp\/v2\/media\/2747471"}],"wp:attachment":[{"href":"https:\/\/www.comoe-art.com\/index.php\/wp-json\/wp\/v2\/media?parent=2765076"}],"wp:term":[{"taxonomy":"product_cat","embeddable":true,"href":"https:\/\/www.comoe-art.com\/index.php\/wp-json\/wp\/v2\/product_cat?post=2765076"},{"taxonomy":"product_tag","embeddable":true,"href":"https:\/\/www.comoe-art.com\/index.php\/wp-json\/wp\/v2\/product_tag?post=2765076"}],"curies":[{"name":"wp","href":"https:\/\/api.w.org\/{rel}","templated":true}]}}