{"id":2777375,"date":"2025-04-12T17:23:12","date_gmt":"2025-04-12T15:23:12","guid":{"rendered":"https:\/\/www.comoe-art.com\/?post_type=product&#038;p=2777375"},"modified":"2025-04-12T17:27:30","modified_gmt":"2025-04-12T15:27:30","slug":"panier-pot-bolga-7","status":"publish","type":"product","link":"https:\/\/www.comoe-art.com\/index.php\/produit\/panier-pot-bolga-7\/","title":{"rendered":"Panier Pot Bolga"},"content":{"rendered":"<p>Panier pot traditionnel tress\u00e9 \u00e0 la main par les femmes de la ville Bolgatanga (Ghana).<br \/>\nCe magnifique panier \u00e0 motifs africains est un accessoire unique et \u00e9l\u00e9gant qui ajoutera une touche de style \u00e0 votre int\u00e9rieur. Il est fabriqu\u00e9 \u00e0 la main \u00e0 base &#8220;d\u2019herbe \u00e0 l&#8217;\u00e9l\u00e9phant&#8221;; une fibre naturelle durable et r\u00e9sistante.<\/p>\n<p>Les poign\u00e9es sont en cuire solide et durable. Toutes les mati\u00e8res premi\u00e8res sont sourc\u00e9es localement.<\/p>\n<p>Le panier est disponible en plusieurs couleurs, ce qui vous permet de le choisir en fonction de votre d\u00e9coration int\u00e9rieure. Il est \u00e9galement abordable, ce qui en fait un excellent choix pour les budgets serr\u00e9s.<\/p>\n<p>Ce panier est artisanale fait \u00e0 la main les dimensions peuvent \u00eatre diff\u00e9rentes varier d&#8217;un panier \u00e0 l&#8217;autre.<br \/>\nFiche technique<br \/>\n&#8211; Hauteur 32 cm environ<br \/>\n&#8211; Diam\u00e8tre 26 cm environ<\/p>\n<p>Caract\u00e9ristiques:<br \/>\n&#8211; Fabriqu\u00e9 \u00e0 la main<br \/>\n&#8211; Taille g\u00e9n\u00e9reuse<br \/>\n&#8211; Motif africain traditionnel<\/p>\n<p>Avantages:<br \/>\n&#8211; Unique et \u00e9l\u00e9gant<br \/>\n&#8211; Durable et r\u00e9sistant<br \/>\n&#8211; Id\u00e9al pour planter vos arbres<br \/>\n&#8211; Disponible dans une vari\u00e9t\u00e9 de couleurs<\/p>\n<p>Utilisations:<br \/>\n&#8211; Cache-pot pour plantes<br \/>\n&#8211; Vase pour fleurs<br \/>\n&#8211; Objet de d\u00e9coration<\/p>\n<p>Entretien:<br \/>\nNettoyez le panier \u00e0 l&#8217;aide d&#8217;un chiffon humide<br \/>\n\u00c9vitez d&#8217;utiliser des produits chimiques agressifs<br \/>\nStockez le panier dans un endroit frais et sec<\/p>\n","protected":false},"excerpt":{"rendered":"<p>Magnifique Panier Bolga tress\u00e9 \u00e0 la main par les femmes de la ville de Bolgatanga.<\/p>\n","protected":false},"featured_media":2747606,"comment_status":"open","ping_status":"closed","template":"","meta":[],"product_cat":[76,70,102],"product_tag":[],"yoast_head":"<!-- This site is optimized with the Yoast SEO plugin v22.5 - https:\/\/yoast.com\/wordpress\/plugins\/seo\/ -->\n<title>Panier Pot Bolga - Comoe-art<\/title>\n<meta name=\"robots\" content=\"index, follow, max-snippet:-1, max-image-preview:large, max-video-preview:-1\" \/>\n<link rel=\"canonical\" href=\"https:\/\/www.comoe-art.com\/index.php\/produit\/panier-pot-bolga-7\/\" \/>\n<meta property=\"og:locale\" content=\"fr_FR\" \/>\n<meta property=\"og:type\" content=\"article\" \/>\n<meta property=\"og:title\" content=\"Panier Pot Bolga - Comoe-art\" \/>\n<meta property=\"og:description\" content=\"Magnifique Panier Bolga tress\u00e9 \u00e0 la main par les femmes de la ville de Bolgatanga.\" \/>\n<meta property=\"og:url\" content=\"https:\/\/www.comoe-art.com\/index.php\/produit\/panier-pot-bolga-7\/\" \/>\n<meta property=\"og:site_name\" content=\"Comoe-art\" \/>\n<meta property=\"article:modified_time\" content=\"2025-04-12T15:27:30+00:00\" \/>\n<meta property=\"og:image\" content=\"https:\/\/www.comoe-art.com\/wp-content\/uploads\/2025\/01\/P1474396.jpg\" \/>\n\t<meta property=\"og:image:width\" content=\"2048\" \/>\n\t<meta property=\"og:image:height\" content=\"2048\" \/>\n\t<meta property=\"og:image:type\" content=\"image\/jpeg\" \/>\n<meta name=\"twitter:card\" content=\"summary_large_image\" \/>\n<meta name=\"twitter:label1\" content=\"Dur\u00e9e de lecture estim\u00e9e\" \/>\n\t<meta name=\"twitter:data1\" content=\"2 minutes\" \/>\n<script type=\"application\/ld+json\" class=\"yoast-schema-graph\">{\"@context\":\"https:\/\/schema.org\",\"@graph\":[{\"@type\":\"WebPage\",\"@id\":\"https:\/\/www.comoe-art.com\/index.php\/produit\/panier-pot-bolga-7\/\",\"url\":\"https:\/\/www.comoe-art.com\/index.php\/produit\/panier-pot-bolga-7\/\",\"name\":\"Panier Pot Bolga - Comoe-art\",\"isPartOf\":{\"@id\":\"https:\/\/www.comoe-art.com\/#website\"},\"primaryImageOfPage\":{\"@id\":\"https:\/\/www.comoe-art.com\/index.php\/produit\/panier-pot-bolga-7\/#primaryimage\"},\"image\":{\"@id\":\"https:\/\/www.comoe-art.com\/index.php\/produit\/panier-pot-bolga-7\/#primaryimage\"},\"thumbnailUrl\":\"https:\/\/www.comoe-art.com\/wp-content\/uploads\/2025\/01\/P1474396.jpg\",\"datePublished\":\"2025-04-12T15:23:12+00:00\",\"dateModified\":\"2025-04-12T15:27:30+00:00\",\"breadcrumb\":{\"@id\":\"https:\/\/www.comoe-art.com\/index.php\/produit\/panier-pot-bolga-7\/#breadcrumb\"},\"inLanguage\":\"fr-FR\",\"potentialAction\":[{\"@type\":\"ReadAction\",\"target\":[\"https:\/\/www.comoe-art.com\/index.php\/produit\/panier-pot-bolga-7\/\"]}]},{\"@type\":\"ImageObject\",\"inLanguage\":\"fr-FR\",\"@id\":\"https:\/\/www.comoe-art.com\/index.php\/produit\/panier-pot-bolga-7\/#primaryimage\",\"url\":\"https:\/\/www.comoe-art.com\/wp-content\/uploads\/2025\/01\/P1474396.jpg\",\"contentUrl\":\"https:\/\/www.comoe-art.com\/wp-content\/uploads\/2025\/01\/P1474396.jpg\",\"width\":2048,\"height\":2048},{\"@type\":\"BreadcrumbList\",\"@id\":\"https:\/\/www.comoe-art.com\/index.php\/produit\/panier-pot-bolga-7\/#breadcrumb\",\"itemListElement\":[{\"@type\":\"ListItem\",\"position\":1,\"name\":\"Accueil\",\"item\":\"https:\/\/www.comoe-art.com\/\"},{\"@type\":\"ListItem\",\"position\":2,\"name\":\"The Shop\",\"item\":\"https:\/\/www.comoe-art.com\/index.php\/shop\/\"},{\"@type\":\"ListItem\",\"position\":3,\"name\":\"Panier Pot Bolga\"}]},{\"@type\":\"WebSite\",\"@id\":\"https:\/\/www.comoe-art.com\/#website\",\"url\":\"https:\/\/www.comoe-art.com\/\",\"name\":\"Comoe-art\",\"description\":\"\",\"potentialAction\":[{\"@type\":\"SearchAction\",\"target\":{\"@type\":\"EntryPoint\",\"urlTemplate\":\"https:\/\/www.comoe-art.com\/?s={search_term_string}\"},\"query-input\":\"required name=search_term_string\"}],\"inLanguage\":\"fr-FR\"}]}<\/script>\n<!-- \/ Yoast SEO plugin. -->","yoast_head_json":{"title":"Panier Pot Bolga - Comoe-art","robots":{"index":"index","follow":"follow","max-snippet":"max-snippet:-1","max-image-preview":"max-image-preview:large","max-video-preview":"max-video-preview:-1"},"canonical":"https:\/\/www.comoe-art.com\/index.php\/produit\/panier-pot-bolga-7\/","og_locale":"fr_FR","og_type":"article","og_title":"Panier Pot Bolga - Comoe-art","og_description":"Magnifique Panier Bolga tress\u00e9 \u00e0 la main par les femmes de la ville de Bolgatanga.","og_url":"https:\/\/www.comoe-art.com\/index.php\/produit\/panier-pot-bolga-7\/","og_site_name":"Comoe-art","article_modified_time":"2025-04-12T15:27:30+00:00","og_image":[{"width":2048,"height":2048,"url":"https:\/\/www.comoe-art.com\/wp-content\/uploads\/2025\/01\/P1474396.jpg","type":"image\/jpeg"}],"twitter_card":"summary_large_image","twitter_misc":{"Dur\u00e9e de lecture estim\u00e9e":"2 minutes"},"schema":{"@context":"https:\/\/schema.org","@graph":[{"@type":"WebPage","@id":"https:\/\/www.comoe-art.com\/index.php\/produit\/panier-pot-bolga-7\/","url":"https:\/\/www.comoe-art.com\/index.php\/produit\/panier-pot-bolga-7\/","name":"Panier Pot Bolga - Comoe-art","isPartOf":{"@id":"https:\/\/www.comoe-art.com\/#website"},"primaryImageOfPage":{"@id":"https:\/\/www.comoe-art.com\/index.php\/produit\/panier-pot-bolga-7\/#primaryimage"},"image":{"@id":"https:\/\/www.comoe-art.com\/index.php\/produit\/panier-pot-bolga-7\/#primaryimage"},"thumbnailUrl":"https:\/\/www.comoe-art.com\/wp-content\/uploads\/2025\/01\/P1474396.jpg","datePublished":"2025-04-12T15:23:12+00:00","dateModified":"2025-04-12T15:27:30+00:00","breadcrumb":{"@id":"https:\/\/www.comoe-art.com\/index.php\/produit\/panier-pot-bolga-7\/#breadcrumb"},"inLanguage":"fr-FR","potentialAction":[{"@type":"ReadAction","target":["https:\/\/www.comoe-art.com\/index.php\/produit\/panier-pot-bolga-7\/"]}]},{"@type":"ImageObject","inLanguage":"fr-FR","@id":"https:\/\/www.comoe-art.com\/index.php\/produit\/panier-pot-bolga-7\/#primaryimage","url":"https:\/\/www.comoe-art.com\/wp-content\/uploads\/2025\/01\/P1474396.jpg","contentUrl":"https:\/\/www.comoe-art.com\/wp-content\/uploads\/2025\/01\/P1474396.jpg","width":2048,"height":2048},{"@type":"BreadcrumbList","@id":"https:\/\/www.comoe-art.com\/index.php\/produit\/panier-pot-bolga-7\/#breadcrumb","itemListElement":[{"@type":"ListItem","position":1,"name":"Accueil","item":"https:\/\/www.comoe-art.com\/"},{"@type":"ListItem","position":2,"name":"The Shop","item":"https:\/\/www.comoe-art.com\/index.php\/shop\/"},{"@type":"ListItem","position":3,"name":"Panier Pot Bolga"}]},{"@type":"WebSite","@id":"https:\/\/www.comoe-art.com\/#website","url":"https:\/\/www.comoe-art.com\/","name":"Comoe-art","description":"","potentialAction":[{"@type":"SearchAction","target":{"@type":"EntryPoint","urlTemplate":"https:\/\/www.comoe-art.com\/?s={search_term_string}"},"query-input":"required name=search_term_string"}],"inLanguage":"fr-FR"}]}},"_links":{"self":[{"href":"https:\/\/www.comoe-art.com\/index.php\/wp-json\/wp\/v2\/product\/2777375"}],"collection":[{"href":"https:\/\/www.comoe-art.com\/index.php\/wp-json\/wp\/v2\/product"}],"about":[{"href":"https:\/\/www.comoe-art.com\/index.php\/wp-json\/wp\/v2\/types\/product"}],"replies":[{"embeddable":true,"href":"https:\/\/www.comoe-art.com\/index.php\/wp-json\/wp\/v2\/comments?post=2777375"}],"wp:featuredmedia":[{"embeddable":true,"href":"https:\/\/www.comoe-art.com\/index.php\/wp-json\/wp\/v2\/media\/2747606"}],"wp:attachment":[{"href":"https:\/\/www.comoe-art.com\/index.php\/wp-json\/wp\/v2\/media?parent=2777375"}],"wp:term":[{"taxonomy":"product_cat","embeddable":true,"href":"https:\/\/www.comoe-art.com\/index.php\/wp-json\/wp\/v2\/product_cat?post=2777375"},{"taxonomy":"product_tag","embeddable":true,"href":"https:\/\/www.comoe-art.com\/index.php\/wp-json\/wp\/v2\/product_tag?post=2777375"}],"curies":[{"name":"wp","href":"https:\/\/api.w.org\/{rel}","templated":true}]}}