{"id":2777461,"date":"2025-04-12T17:44:43","date_gmt":"2025-04-12T15:44:43","guid":{"rendered":"https:\/\/www.comoe-art.com\/?post_type=product&#038;p=2777461"},"modified":"2025-04-12T17:46:41","modified_gmt":"2025-04-12T15:46:41","slug":"panier-bolga-4","status":"publish","type":"product","link":"https:\/\/www.comoe-art.com\/index.php\/produit\/panier-bolga-4\/","title":{"rendered":"Panier Bolga"},"content":{"rendered":"<p>Originaire de la ville de Bolgatanga au nord du Ghana, ce panier un objet artisanal pris\u00e9 pour son esth\u00e9tique unique et sa polyvalence. Il est tiss\u00e9 \u00e0 la main par des artisans locaux en utilisant des techniques traditionnelles transmises \u00e0 travers les g\u00e9n\u00e9rations, faisant de chaque panier une pi\u00e8ce unique et authentique.<\/p>\n<p>Caract\u00e9ristiques du panier Bolga :<br \/>\n&#8211; Mat\u00e9riaux : Fabriqu\u00e9 \u00e0 partir de la paille d&#8217;\u00e9l\u00e9phant, \u00e9galement connue sous le nom de Veta Vera, une fibre robuste et durable, ce panier est \u00e0 la fois souple et r\u00e9sistant. Certains mod\u00e8les int\u00e8grent aussi du cuir pour les poign\u00e9es, offrant confort et \u00e9l\u00e9gance.<\/p>\n<p>&#8211; Utilisations : Ce panier polyvalent peut servir de panier \u00e0 provisions, de sac pour le march\u00e9, de rangement \u00e0 la maison ou m\u00eame d&#8217;objet d\u00e9coratif. Gr\u00e2ce \u00e0 sa solidit\u00e9 et \u00e0 son esth\u00e9tique, il s\u2019adapte \u00e0 diff\u00e9rents besoins tout en ajoutant une touche artisanale \u00e0 votre quotidien.<\/p>\n<p>Taille Approximative<br \/>\n&#8211; Longueur 55 cm<br \/>\n&#8211; Largeur 40 cm<br \/>\n&#8211; Hauteur 28 cm<br \/>\n&#8211; Anse 25 cm<\/p>\n<p>Conseil d&#8217;utilisation:<br \/>\nPour rendre sa forme initiale au panier, il suffit de l\u2019humidifier et d\u2019ensuite le remodeler.<\/p>\n","protected":false},"excerpt":{"rendered":"<p>Magnifique Panier Bolga tress\u00e9 \u00e0 la main par les femmes de la ville de Bolgatanga.<\/p>\n","protected":false},"featured_media":2747592,"comment_status":"open","ping_status":"closed","template":"","meta":[],"product_cat":[76,70,102],"product_tag":[],"yoast_head":"<!-- This site is optimized with the Yoast SEO plugin v22.5 - https:\/\/yoast.com\/wordpress\/plugins\/seo\/ -->\n<title>Panier Bolga - Comoe-art<\/title>\n<meta name=\"robots\" content=\"index, follow, max-snippet:-1, max-image-preview:large, max-video-preview:-1\" \/>\n<link rel=\"canonical\" href=\"https:\/\/www.comoe-art.com\/index.php\/produit\/panier-bolga-4\/\" \/>\n<meta property=\"og:locale\" content=\"fr_FR\" \/>\n<meta property=\"og:type\" content=\"article\" \/>\n<meta property=\"og:title\" content=\"Panier Bolga - Comoe-art\" \/>\n<meta property=\"og:description\" content=\"Magnifique Panier Bolga tress\u00e9 \u00e0 la main par les femmes de la ville de Bolgatanga.\" \/>\n<meta property=\"og:url\" content=\"https:\/\/www.comoe-art.com\/index.php\/produit\/panier-bolga-4\/\" \/>\n<meta property=\"og:site_name\" content=\"Comoe-art\" \/>\n<meta property=\"article:modified_time\" content=\"2025-04-12T15:46:41+00:00\" \/>\n<meta property=\"og:image\" content=\"https:\/\/www.comoe-art.com\/wp-content\/uploads\/2025\/01\/P1474380.jpg\" \/>\n\t<meta property=\"og:image:width\" content=\"1523\" \/>\n\t<meta property=\"og:image:height\" content=\"2048\" \/>\n\t<meta property=\"og:image:type\" content=\"image\/jpeg\" \/>\n<meta name=\"twitter:card\" content=\"summary_large_image\" \/>\n<meta name=\"twitter:label1\" content=\"Dur\u00e9e de lecture estim\u00e9e\" \/>\n\t<meta name=\"twitter:data1\" content=\"2 minutes\" \/>\n<script type=\"application\/ld+json\" class=\"yoast-schema-graph\">{\"@context\":\"https:\/\/schema.org\",\"@graph\":[{\"@type\":\"WebPage\",\"@id\":\"https:\/\/www.comoe-art.com\/index.php\/produit\/panier-bolga-4\/\",\"url\":\"https:\/\/www.comoe-art.com\/index.php\/produit\/panier-bolga-4\/\",\"name\":\"Panier Bolga - Comoe-art\",\"isPartOf\":{\"@id\":\"https:\/\/www.comoe-art.com\/#website\"},\"primaryImageOfPage\":{\"@id\":\"https:\/\/www.comoe-art.com\/index.php\/produit\/panier-bolga-4\/#primaryimage\"},\"image\":{\"@id\":\"https:\/\/www.comoe-art.com\/index.php\/produit\/panier-bolga-4\/#primaryimage\"},\"thumbnailUrl\":\"https:\/\/www.comoe-art.com\/wp-content\/uploads\/2025\/01\/P1474380.jpg\",\"datePublished\":\"2025-04-12T15:44:43+00:00\",\"dateModified\":\"2025-04-12T15:46:41+00:00\",\"breadcrumb\":{\"@id\":\"https:\/\/www.comoe-art.com\/index.php\/produit\/panier-bolga-4\/#breadcrumb\"},\"inLanguage\":\"fr-FR\",\"potentialAction\":[{\"@type\":\"ReadAction\",\"target\":[\"https:\/\/www.comoe-art.com\/index.php\/produit\/panier-bolga-4\/\"]}]},{\"@type\":\"ImageObject\",\"inLanguage\":\"fr-FR\",\"@id\":\"https:\/\/www.comoe-art.com\/index.php\/produit\/panier-bolga-4\/#primaryimage\",\"url\":\"https:\/\/www.comoe-art.com\/wp-content\/uploads\/2025\/01\/P1474380.jpg\",\"contentUrl\":\"https:\/\/www.comoe-art.com\/wp-content\/uploads\/2025\/01\/P1474380.jpg\",\"width\":1523,\"height\":2048},{\"@type\":\"BreadcrumbList\",\"@id\":\"https:\/\/www.comoe-art.com\/index.php\/produit\/panier-bolga-4\/#breadcrumb\",\"itemListElement\":[{\"@type\":\"ListItem\",\"position\":1,\"name\":\"Accueil\",\"item\":\"https:\/\/www.comoe-art.com\/\"},{\"@type\":\"ListItem\",\"position\":2,\"name\":\"The Shop\",\"item\":\"https:\/\/www.comoe-art.com\/index.php\/shop\/\"},{\"@type\":\"ListItem\",\"position\":3,\"name\":\"Panier Bolga\"}]},{\"@type\":\"WebSite\",\"@id\":\"https:\/\/www.comoe-art.com\/#website\",\"url\":\"https:\/\/www.comoe-art.com\/\",\"name\":\"Comoe-art\",\"description\":\"\",\"potentialAction\":[{\"@type\":\"SearchAction\",\"target\":{\"@type\":\"EntryPoint\",\"urlTemplate\":\"https:\/\/www.comoe-art.com\/?s={search_term_string}\"},\"query-input\":\"required name=search_term_string\"}],\"inLanguage\":\"fr-FR\"}]}<\/script>\n<!-- \/ Yoast SEO plugin. -->","yoast_head_json":{"title":"Panier Bolga - Comoe-art","robots":{"index":"index","follow":"follow","max-snippet":"max-snippet:-1","max-image-preview":"max-image-preview:large","max-video-preview":"max-video-preview:-1"},"canonical":"https:\/\/www.comoe-art.com\/index.php\/produit\/panier-bolga-4\/","og_locale":"fr_FR","og_type":"article","og_title":"Panier Bolga - Comoe-art","og_description":"Magnifique Panier Bolga tress\u00e9 \u00e0 la main par les femmes de la ville de Bolgatanga.","og_url":"https:\/\/www.comoe-art.com\/index.php\/produit\/panier-bolga-4\/","og_site_name":"Comoe-art","article_modified_time":"2025-04-12T15:46:41+00:00","og_image":[{"width":1523,"height":2048,"url":"https:\/\/www.comoe-art.com\/wp-content\/uploads\/2025\/01\/P1474380.jpg","type":"image\/jpeg"}],"twitter_card":"summary_large_image","twitter_misc":{"Dur\u00e9e de lecture estim\u00e9e":"2 minutes"},"schema":{"@context":"https:\/\/schema.org","@graph":[{"@type":"WebPage","@id":"https:\/\/www.comoe-art.com\/index.php\/produit\/panier-bolga-4\/","url":"https:\/\/www.comoe-art.com\/index.php\/produit\/panier-bolga-4\/","name":"Panier Bolga - Comoe-art","isPartOf":{"@id":"https:\/\/www.comoe-art.com\/#website"},"primaryImageOfPage":{"@id":"https:\/\/www.comoe-art.com\/index.php\/produit\/panier-bolga-4\/#primaryimage"},"image":{"@id":"https:\/\/www.comoe-art.com\/index.php\/produit\/panier-bolga-4\/#primaryimage"},"thumbnailUrl":"https:\/\/www.comoe-art.com\/wp-content\/uploads\/2025\/01\/P1474380.jpg","datePublished":"2025-04-12T15:44:43+00:00","dateModified":"2025-04-12T15:46:41+00:00","breadcrumb":{"@id":"https:\/\/www.comoe-art.com\/index.php\/produit\/panier-bolga-4\/#breadcrumb"},"inLanguage":"fr-FR","potentialAction":[{"@type":"ReadAction","target":["https:\/\/www.comoe-art.com\/index.php\/produit\/panier-bolga-4\/"]}]},{"@type":"ImageObject","inLanguage":"fr-FR","@id":"https:\/\/www.comoe-art.com\/index.php\/produit\/panier-bolga-4\/#primaryimage","url":"https:\/\/www.comoe-art.com\/wp-content\/uploads\/2025\/01\/P1474380.jpg","contentUrl":"https:\/\/www.comoe-art.com\/wp-content\/uploads\/2025\/01\/P1474380.jpg","width":1523,"height":2048},{"@type":"BreadcrumbList","@id":"https:\/\/www.comoe-art.com\/index.php\/produit\/panier-bolga-4\/#breadcrumb","itemListElement":[{"@type":"ListItem","position":1,"name":"Accueil","item":"https:\/\/www.comoe-art.com\/"},{"@type":"ListItem","position":2,"name":"The Shop","item":"https:\/\/www.comoe-art.com\/index.php\/shop\/"},{"@type":"ListItem","position":3,"name":"Panier Bolga"}]},{"@type":"WebSite","@id":"https:\/\/www.comoe-art.com\/#website","url":"https:\/\/www.comoe-art.com\/","name":"Comoe-art","description":"","potentialAction":[{"@type":"SearchAction","target":{"@type":"EntryPoint","urlTemplate":"https:\/\/www.comoe-art.com\/?s={search_term_string}"},"query-input":"required name=search_term_string"}],"inLanguage":"fr-FR"}]}},"_links":{"self":[{"href":"https:\/\/www.comoe-art.com\/index.php\/wp-json\/wp\/v2\/product\/2777461"}],"collection":[{"href":"https:\/\/www.comoe-art.com\/index.php\/wp-json\/wp\/v2\/product"}],"about":[{"href":"https:\/\/www.comoe-art.com\/index.php\/wp-json\/wp\/v2\/types\/product"}],"replies":[{"embeddable":true,"href":"https:\/\/www.comoe-art.com\/index.php\/wp-json\/wp\/v2\/comments?post=2777461"}],"wp:featuredmedia":[{"embeddable":true,"href":"https:\/\/www.comoe-art.com\/index.php\/wp-json\/wp\/v2\/media\/2747592"}],"wp:attachment":[{"href":"https:\/\/www.comoe-art.com\/index.php\/wp-json\/wp\/v2\/media?parent=2777461"}],"wp:term":[{"taxonomy":"product_cat","embeddable":true,"href":"https:\/\/www.comoe-art.com\/index.php\/wp-json\/wp\/v2\/product_cat?post=2777461"},{"taxonomy":"product_tag","embeddable":true,"href":"https:\/\/www.comoe-art.com\/index.php\/wp-json\/wp\/v2\/product_tag?post=2777461"}],"curies":[{"name":"wp","href":"https:\/\/api.w.org\/{rel}","templated":true}]}}