{"id":80529,"date":"2020-12-22T22:06:08","date_gmt":"2020-12-22T21:06:08","guid":{"rendered":"http:\/\/www.comoe-art.com\/?post_type=product&#038;p=80529"},"modified":"2023-11-06T22:54:24","modified_gmt":"2023-11-06T21:54:24","slug":"sac-a-main-en-cuir-10","status":"publish","type":"product","link":"https:\/\/www.comoe-art.com\/index.php\/produit\/sac-a-main-en-cuir-10\/","title":{"rendered":"Sac Bolga"},"content":{"rendered":"<p>Magnifique Sac Bolga tress\u00e9 manuellement par les femmes issues de la ville de Bolgatanga.<\/p>\n<p>Situ\u00e9e au nord du Ghana, Bolgatanga est r\u00e9put\u00e9e pour\u00a0ses produits de cuir, mais \u00e9galement pour son artisanat typique du peuple \u00a0Fra-Fra.<\/p>\n<p>Fabriqu\u00e9 \u00e0 base de produits traditionnels (herbe \u00e9l\u00e9phant) , les poign\u00e9es sont en cuire solide et durable.<\/p>\n<p>Toutes les mati\u00e8res premi\u00e8res sont sourc\u00e9es localement et biod\u00e9gradable.<\/p>\n<p>Dimensions :<br \/>\n&#8211; Hauteur: 26 cm<br \/>\n&#8211; Diam\u00e8tre: 26 cm<br \/>\n&#8211; Bandouli\u00e8re: 46cm ~ 48cm<\/p>\n","protected":false},"excerpt":{"rendered":"<p>Magnifique Sac Bolga tress\u00e9 manuellement par les femmes issues de la ville de Bolgatanga.<\/p>\n","protected":false},"featured_media":1173461,"comment_status":"open","ping_status":"closed","template":"","meta":[],"product_cat":[71,84,100],"product_tag":[],"yoast_head":"<!-- This site is optimized with the Yoast SEO plugin v22.5 - https:\/\/yoast.com\/wordpress\/plugins\/seo\/ -->\n<title>Sac Bolga - Comoe-art<\/title>\n<meta name=\"robots\" content=\"index, follow, max-snippet:-1, max-image-preview:large, max-video-preview:-1\" \/>\n<link rel=\"canonical\" href=\"https:\/\/www.comoe-art.com\/index.php\/produit\/sac-a-main-en-cuir-10\/\" \/>\n<meta property=\"og:locale\" content=\"fr_FR\" \/>\n<meta property=\"og:type\" content=\"article\" \/>\n<meta property=\"og:title\" content=\"Sac Bolga - Comoe-art\" \/>\n<meta property=\"og:description\" content=\"Magnifique Sac Bolga tress\u00e9 manuellement par les femmes issues de la ville de Bolgatanga.\" \/>\n<meta property=\"og:url\" content=\"https:\/\/www.comoe-art.com\/index.php\/produit\/sac-a-main-en-cuir-10\/\" \/>\n<meta property=\"og:site_name\" content=\"Comoe-art\" \/>\n<meta property=\"article:modified_time\" content=\"2023-11-06T21:54:24+00:00\" \/>\n<meta property=\"og:image\" content=\"https:\/\/www.comoe-art.com\/wp-content\/uploads\/2020\/12\/P1366655.jpg\" \/>\n\t<meta property=\"og:image:width\" content=\"1638\" \/>\n\t<meta property=\"og:image:height\" content=\"2048\" \/>\n\t<meta property=\"og:image:type\" content=\"image\/jpeg\" \/>\n<meta name=\"twitter:card\" content=\"summary_large_image\" \/>\n<script type=\"application\/ld+json\" class=\"yoast-schema-graph\">{\"@context\":\"https:\/\/schema.org\",\"@graph\":[{\"@type\":\"WebPage\",\"@id\":\"https:\/\/www.comoe-art.com\/index.php\/produit\/sac-a-main-en-cuir-10\/\",\"url\":\"https:\/\/www.comoe-art.com\/index.php\/produit\/sac-a-main-en-cuir-10\/\",\"name\":\"Sac Bolga - Comoe-art\",\"isPartOf\":{\"@id\":\"https:\/\/www.comoe-art.com\/#website\"},\"primaryImageOfPage\":{\"@id\":\"https:\/\/www.comoe-art.com\/index.php\/produit\/sac-a-main-en-cuir-10\/#primaryimage\"},\"image\":{\"@id\":\"https:\/\/www.comoe-art.com\/index.php\/produit\/sac-a-main-en-cuir-10\/#primaryimage\"},\"thumbnailUrl\":\"https:\/\/www.comoe-art.com\/wp-content\/uploads\/2020\/12\/P1366655.jpg\",\"datePublished\":\"2020-12-22T21:06:08+00:00\",\"dateModified\":\"2023-11-06T21:54:24+00:00\",\"breadcrumb\":{\"@id\":\"https:\/\/www.comoe-art.com\/index.php\/produit\/sac-a-main-en-cuir-10\/#breadcrumb\"},\"inLanguage\":\"fr-FR\",\"potentialAction\":[{\"@type\":\"ReadAction\",\"target\":[\"https:\/\/www.comoe-art.com\/index.php\/produit\/sac-a-main-en-cuir-10\/\"]}]},{\"@type\":\"ImageObject\",\"inLanguage\":\"fr-FR\",\"@id\":\"https:\/\/www.comoe-art.com\/index.php\/produit\/sac-a-main-en-cuir-10\/#primaryimage\",\"url\":\"https:\/\/www.comoe-art.com\/wp-content\/uploads\/2020\/12\/P1366655.jpg\",\"contentUrl\":\"https:\/\/www.comoe-art.com\/wp-content\/uploads\/2020\/12\/P1366655.jpg\",\"width\":1638,\"height\":2048},{\"@type\":\"BreadcrumbList\",\"@id\":\"https:\/\/www.comoe-art.com\/index.php\/produit\/sac-a-main-en-cuir-10\/#breadcrumb\",\"itemListElement\":[{\"@type\":\"ListItem\",\"position\":1,\"name\":\"Accueil\",\"item\":\"https:\/\/www.comoe-art.com\/\"},{\"@type\":\"ListItem\",\"position\":2,\"name\":\"The Shop\",\"item\":\"https:\/\/www.comoe-art.com\/index.php\/shop\/\"},{\"@type\":\"ListItem\",\"position\":3,\"name\":\"Sac Bolga\"}]},{\"@type\":\"WebSite\",\"@id\":\"https:\/\/www.comoe-art.com\/#website\",\"url\":\"https:\/\/www.comoe-art.com\/\",\"name\":\"Comoe-art\",\"description\":\"\",\"potentialAction\":[{\"@type\":\"SearchAction\",\"target\":{\"@type\":\"EntryPoint\",\"urlTemplate\":\"https:\/\/www.comoe-art.com\/?s={search_term_string}\"},\"query-input\":\"required name=search_term_string\"}],\"inLanguage\":\"fr-FR\"}]}<\/script>\n<!-- \/ Yoast SEO plugin. -->","yoast_head_json":{"title":"Sac Bolga - Comoe-art","robots":{"index":"index","follow":"follow","max-snippet":"max-snippet:-1","max-image-preview":"max-image-preview:large","max-video-preview":"max-video-preview:-1"},"canonical":"https:\/\/www.comoe-art.com\/index.php\/produit\/sac-a-main-en-cuir-10\/","og_locale":"fr_FR","og_type":"article","og_title":"Sac Bolga - Comoe-art","og_description":"Magnifique Sac Bolga tress\u00e9 manuellement par les femmes issues de la ville de Bolgatanga.","og_url":"https:\/\/www.comoe-art.com\/index.php\/produit\/sac-a-main-en-cuir-10\/","og_site_name":"Comoe-art","article_modified_time":"2023-11-06T21:54:24+00:00","og_image":[{"width":1638,"height":2048,"url":"https:\/\/www.comoe-art.com\/wp-content\/uploads\/2020\/12\/P1366655.jpg","type":"image\/jpeg"}],"twitter_card":"summary_large_image","schema":{"@context":"https:\/\/schema.org","@graph":[{"@type":"WebPage","@id":"https:\/\/www.comoe-art.com\/index.php\/produit\/sac-a-main-en-cuir-10\/","url":"https:\/\/www.comoe-art.com\/index.php\/produit\/sac-a-main-en-cuir-10\/","name":"Sac Bolga - Comoe-art","isPartOf":{"@id":"https:\/\/www.comoe-art.com\/#website"},"primaryImageOfPage":{"@id":"https:\/\/www.comoe-art.com\/index.php\/produit\/sac-a-main-en-cuir-10\/#primaryimage"},"image":{"@id":"https:\/\/www.comoe-art.com\/index.php\/produit\/sac-a-main-en-cuir-10\/#primaryimage"},"thumbnailUrl":"https:\/\/www.comoe-art.com\/wp-content\/uploads\/2020\/12\/P1366655.jpg","datePublished":"2020-12-22T21:06:08+00:00","dateModified":"2023-11-06T21:54:24+00:00","breadcrumb":{"@id":"https:\/\/www.comoe-art.com\/index.php\/produit\/sac-a-main-en-cuir-10\/#breadcrumb"},"inLanguage":"fr-FR","potentialAction":[{"@type":"ReadAction","target":["https:\/\/www.comoe-art.com\/index.php\/produit\/sac-a-main-en-cuir-10\/"]}]},{"@type":"ImageObject","inLanguage":"fr-FR","@id":"https:\/\/www.comoe-art.com\/index.php\/produit\/sac-a-main-en-cuir-10\/#primaryimage","url":"https:\/\/www.comoe-art.com\/wp-content\/uploads\/2020\/12\/P1366655.jpg","contentUrl":"https:\/\/www.comoe-art.com\/wp-content\/uploads\/2020\/12\/P1366655.jpg","width":1638,"height":2048},{"@type":"BreadcrumbList","@id":"https:\/\/www.comoe-art.com\/index.php\/produit\/sac-a-main-en-cuir-10\/#breadcrumb","itemListElement":[{"@type":"ListItem","position":1,"name":"Accueil","item":"https:\/\/www.comoe-art.com\/"},{"@type":"ListItem","position":2,"name":"The Shop","item":"https:\/\/www.comoe-art.com\/index.php\/shop\/"},{"@type":"ListItem","position":3,"name":"Sac Bolga"}]},{"@type":"WebSite","@id":"https:\/\/www.comoe-art.com\/#website","url":"https:\/\/www.comoe-art.com\/","name":"Comoe-art","description":"","potentialAction":[{"@type":"SearchAction","target":{"@type":"EntryPoint","urlTemplate":"https:\/\/www.comoe-art.com\/?s={search_term_string}"},"query-input":"required name=search_term_string"}],"inLanguage":"fr-FR"}]}},"_links":{"self":[{"href":"https:\/\/www.comoe-art.com\/index.php\/wp-json\/wp\/v2\/product\/80529"}],"collection":[{"href":"https:\/\/www.comoe-art.com\/index.php\/wp-json\/wp\/v2\/product"}],"about":[{"href":"https:\/\/www.comoe-art.com\/index.php\/wp-json\/wp\/v2\/types\/product"}],"replies":[{"embeddable":true,"href":"https:\/\/www.comoe-art.com\/index.php\/wp-json\/wp\/v2\/comments?post=80529"}],"wp:featuredmedia":[{"embeddable":true,"href":"https:\/\/www.comoe-art.com\/index.php\/wp-json\/wp\/v2\/media\/1173461"}],"wp:attachment":[{"href":"https:\/\/www.comoe-art.com\/index.php\/wp-json\/wp\/v2\/media?parent=80529"}],"wp:term":[{"taxonomy":"product_cat","embeddable":true,"href":"https:\/\/www.comoe-art.com\/index.php\/wp-json\/wp\/v2\/product_cat?post=80529"},{"taxonomy":"product_tag","embeddable":true,"href":"https:\/\/www.comoe-art.com\/index.php\/wp-json\/wp\/v2\/product_tag?post=80529"}],"curies":[{"name":"wp","href":"https:\/\/api.w.org\/{rel}","templated":true}]}}